{"id":21159,"date":"2026-02-17T15:25:37","date_gmt":"2026-02-17T14:25:37","guid":{"rendered":"https:\/\/5upercolour.com\/?page_id=21159"},"modified":"2026-02-17T15:25:38","modified_gmt":"2026-02-17T14:25:38","slug":"terms-of-use","status":"publish","type":"page","link":"https:\/\/5upercolour.com\/sl\/terms-of-use\/","title":{"rendered":"Pogoji uporabe"},"content":{"rendered":"<section id=\"txt-header\">\n\t<div class=\"container block-text-header\">\n\t\t<h3><\/h3>\n\t\t<h2>Pogoji uporabe<\/h2>\n\t\t<p><p><span data-contrast=\"auto\">Zahvaljujemo se vam za obisk tega spletnega mesta. Ta spletna stran, vklju\u010dno z vsemi stranmi v lokalnih jezikih, zna\u010dilnimi za posamezne dr\u017eave, in vsemi drugimi stranmi, je last dru\u017ebe FUJIFILM Europe in jo vzdr\u017euje ter daje na voljo javnosti izklju\u010dno dru\u017eba FUJIFILM z namenom, da tistim, ki jih zanimajo korporacija FUJIFILM v Evropi ter izdelki in storitve dru\u017ebe FUJIFILM, omogo\u010di priro\u010den na\u010din iskanja ustreznih informacij, kot so najnovej\u0161a sporo\u010dila za javnost, finan\u010dne informacije, ponudba izdelkov, lokalni kontaktni podatki in spletne strani v lasti podru\u017enic dru\u017ebe FUJIFILM ali njenih distributerjev.<\/span><span data-ccp-props=\"{&quot;201341983&quot;:0,&quot;335551550&quot;:6,&quot;335551620&quot;:6,&quot;335559739&quot;:120,&quot;335559740&quot;:240}\">\u00a0<\/span><\/p>\n<p><span data-contrast=\"auto\">Za va\u0161 dostop, brskanje in uporabo tega spletnega mesta veljajo naslednji pogoji in dolo\u010dila ter vsi drugi pogoji, dolo\u010dila ali smernice, ki so navedeni drugje na tem spletnem mestu, pa tudi vsi veljavni zakoni, pravila in predpisi, med drugim zakoni o blagovnih znamkah, avtorskih pravicah, pravicah do zasebnosti in obrekovanju.<\/span><span data-ccp-props=\"{&quot;201341983&quot;:0,&quot;335551550&quot;:6,&quot;335551620&quot;:6,&quot;335559739&quot;:120,&quot;335559740&quot;:240}\">\u00a0<\/span><\/p>\n<p><span data-contrast=\"auto\">Zato vas FUJIFILM vljudno prosi, da pozorno preberete pogoje in dolo\u010dila.<\/span><span data-ccp-props=\"{&quot;201341983&quot;:0,&quot;335551550&quot;:6,&quot;335551620&quot;:6,&quot;335559739&quot;:120,&quot;335559740&quot;:240}\">\u00a0<\/span><\/p>\n<\/p>\n\t<\/div>\n<\/section>\n\n<section id=\"txt-header\">\n\t<div class=\"container block-text-header\">\n\t\t<h3>1. Uporaba tega spletnega mesta <\/h3>\n\t\t<h2><\/h2>\n\t\t<p><p><span data-contrast=\"auto\">Ti pogoji veljajo za to spletno mesto in za vsa druga spletna mesta, ki vsebujejo povezavo do teh pogojev. Na tej spletni strani lahko najdete dodatne pogoje, ki se nana\u0161ajo na dolo\u010dene strani. Va\u0161o uporabo tak\u0161nih strani na tej spletni strani urejajo pogoji in dolo\u010dila teh strani. \u010ce pride do kakr\u0161nih koli nasprotij med tukaj navedenimi pogoji in dodatnimi pogoji, ki so navedeni drugje na tem spletnem mestu, prevladajo dodatni pogoji.<\/span><span data-ccp-props=\"{&quot;201341983&quot;:0,&quot;335551550&quot;:6,&quot;335551620&quot;:6,&quot;335559739&quot;:120,&quot;335559740&quot;:240}\">\u00a0<\/span><\/p>\n<p><span data-contrast=\"auto\">V skladu s temi Pogoji vam FUJIFILM podeljuje v okviru pravic intelektualne lastnine dru\u017ebe FUJIFILM neizklju\u010dno, svetovno, neprenosljivo pravico do uporabe tega spletnega mesta in v njem vklju\u010dene vsebine samo za osebno, nekomercialno uporabo ob upo\u0161tevanju omejitev in obveznosti, dolo\u010denih v teh Pogojih. Nadaljnje pravice do doseganja niso podeljene.<\/span><span data-ccp-props=\"{&quot;201341983&quot;:0,&quot;335551550&quot;:6,&quot;335551620&quot;:6,&quot;335559739&quot;:120,&quot;335559740&quot;:240}\">\u00a0<\/span><\/p>\n<\/p>\n\t<\/div>\n<\/section>\n\n<section id=\"txt-header\">\n\t<div class=\"container block-text-header\">\n\t\t<h3>2. Pravice intelektualne lastnine <\/h3>\n\t\t<h2><\/h2>\n\t\t<p><p><span class=\"TextRun SCXW205518629 BCX0\" lang=\"EN-US\" xml:lang=\"EN-US\" data-contrast=\"auto\"><span class=\"NormalTextRun SCXW205518629 BCX0\">\u010ce ni druga\u010de navedeno ali ozna\u010deno, so vsa besedila, programi programske opreme, ki so na voljo na tej spletni strani ali prek nje, in druga vsebina na tej spletni strani (\u201cvsebina\u201d), vklju\u010dno z blagovnimi znamkami (registriranimi in neregistriranimi), grafikami, fotografijami, slikami, logotipi in storitvenimi znamkami (skupaj \u201cznamke\u201d) ter izbira, ureditev in \u201cvidez\u201d znamk in druge vsebine last dru\u017ebe <\/span><span class=\"NormalTextRun SCXW205518629 BCX0\">FUJIFILM<\/span><span class=\"NormalTextRun SCXW205518629 BCX0\"> ali lastnino tretjih oseb, ki so odobrile <\/span><span class=\"NormalTextRun SCXW205518629 BCX0\">FUJIFILM<\/span><span class=\"NormalTextRun SCXW205518629 BCX0\"> dovoljenje za uporabo tak\u0161ne vsebine na tem spletnem mestu. Vsa vsebina je za\u0161\u010ditena z mednarodnimi zakoni o avtorskih pravicah in blagovnih znamkah.<\/span><\/span><span class=\"EOP SCXW205518629 BCX0\" data-ccp-props=\"{&quot;201341983&quot;:0,&quot;335551550&quot;:6,&quot;335551620&quot;:6,&quot;335559739&quot;:120,&quot;335559740&quot;:240}\">\u00a0<\/span><\/p>\n<\/p>\n\t<\/div>\n<\/section>\n\n<section id=\"txt-header\">\n\t<div class=\"container block-text-header\">\n\t\t<h3>3. Omejitve uporabe vsebine na tem spletnem mestu <\/h3>\n\t\t<h2><\/h2>\n\t\t<p><p><span class=\"TextRun SCXW249219407 BCX0\" lang=\"EN-US\" xml:lang=\"EN-US\" data-contrast=\"auto\"><span class=\"NormalTextRun SCXW249219407 BCX0\">Razen v primerih, ki jih izrecno dovoljuje veljavna zakonodaja ali so dovoljeni tukaj ali drugje na tem spletnem mestu, ali s predhodnim pisnim dovoljenjem od <\/span><span class=\"NormalTextRun SCXW249219407 BCX0\">FUJIFILM<\/span><span class=\"NormalTextRun SCXW249219407 BCX0\">, ali katera koli tretja oseba, ki ima tak\u0161na pooblastila, pristojnosti, nazive ali interese, ki so potrebni za izdajo tak\u0161nega pravnega dovoljenja, ne smete spreminjati, kopirati, prena\u0161ati, distribuirati, prena\u0161ati, prikazovati, objavljati, prodajati, licencirati, ustvarjati izvedenih del ali kako druga\u010de uporabljati katere koli znamke ali druge vsebine, ki je na voljo na tem spletnem mestu ali prek njega, v komercialne ali javne namene, kar med drugim vklju\u010duje uporabo kot meta oznak na drugih straneh ali spletnih mestih v svetovnem spletu. Ni\u010d v <\/span><span class=\"NormalTextRun SCXW249219407 BCX0\">te<\/span><span class=\"NormalTextRun SCXW249219407 BCX0\"> Pogoji in dolo\u010dila vam podeljujejo kakr\u0161ne koli pravice v zvezi z znamkami ali drugo vsebino, ki niso izrecno navedene v tem dokumentu.<\/span><\/span><span class=\"EOP SCXW249219407 BCX0\" data-ccp-props=\"{&quot;201341983&quot;:0,&quot;335551550&quot;:6,&quot;335551620&quot;:6,&quot;335559739&quot;:120,&quot;335559740&quot;:240}\">\u00a0<\/span><\/p>\n<\/p>\n\t<\/div>\n<\/section>\n\n<section id=\"txt-header\">\n\t<div class=\"container block-text-header\">\n\t\t<h3>4. Vsebina tretjih oseb<\/h3>\n\t\t<h2><\/h2>\n\t\t<p><p><span class=\"TextRun SCXW29437703 BCX0\" lang=\"EN-US\" xml:lang=\"EN-US\" data-contrast=\"auto\"><span class=\"NormalTextRun SCXW29437703 BCX0\">Ta spletna stran lahko vsebuje povezave do spletnih strani in vsebine tretjih oseb (\u201cvsebina tretjih oseb\u201d) kot storitev za vas. Vse vsebine tretjih oseb ali spletna mesta tretjih oseb, ki so dostopna prek povezav na spletnem mestu, so zunanje informacije. <\/span><span class=\"NormalTextRun SCXW29437703 BCX0\">FUJIFILM<\/span><span class=\"NormalTextRun SCXW29437703 BCX0\"> ne spremlja, pregleduje ali posodablja in nima nobenega nadzora nad vsebinami tretjih oseb ali spletnimi mesti tretjih oseb. \u010ce ni izrecno navedeno druga\u010de, <\/span><span class=\"NormalTextRun SCXW29437703 BCX0\">FUJIFILM<\/span><span class=\"NormalTextRun SCXW29437703 BCX0\"> ne potrjuje ali sprejema vsebin tretjih oseb in <\/span><span class=\"NormalTextRun SCXW29437703 BCX0\">FUJIFILM<\/span><span class=\"NormalTextRun SCXW29437703 BCX0\"> ne daje nobene izjave, jamstva ali garancije glede to\u010dnosti, popolnosti, pravo\u010dasnosti ali zanesljivosti katere koli vsebine tretjih oseb. \u010ce uporabljate te povezave in vsebine tretjih oseb, to po\u010dnete na lastno odgovornost. Poleg tega sklicevanje na katere koli izdelke, storitve, postopke ali druge informacije s trgovskim imenom, blagovno znamko, proizvajalcem, dobaviteljem ali kako druga\u010de ne pomeni ali implicira kakr\u0161ne koli potrditve, sponzorstva ali priporo\u010dila s strani <\/span><span class=\"NormalTextRun SCXW29437703 BCX0\">FUJIFILM<\/span><span class=\"NormalTextRun SCXW29437703 BCX0\">.<\/span><\/span><span class=\"EOP SCXW29437703 BCX0\" data-ccp-props=\"{&quot;201341983&quot;:0,&quot;335551550&quot;:6,&quot;335551620&quot;:6,&quot;335559739&quot;:120,&quot;335559740&quot;:240}\">\u00a0<\/span><\/p>\n<\/p>\n\t<\/div>\n<\/section>\n\n<section id=\"txt-header\">\n\t<div class=\"container block-text-header\">\n\t\t<h3>5. Posodobitve in revizije<\/h3>\n\t\t<h2><\/h2>\n\t\t<p><p><span class=\"TextRun SCXW41304652 BCX0\" lang=\"EN-US\" xml:lang=\"EN-US\" data-contrast=\"auto\"><span class=\"NormalTextRun SCXW41304652 BCX0\">Vsebino na tem spletnem mestu zagotavljajo <\/span><span class=\"NormalTextRun SCXW41304652 BCX0\">FUJIFILM<\/span><span class=\"NormalTextRun SCXW41304652 BCX0\"> v va\u0161e udobje in se lahko spremeni brez predhodnega obvestila. <\/span><span class=\"NormalTextRun SCXW41304652 BCX0\">FUJIFILM<\/span><span class=\"NormalTextRun SCXW41304652 BCX0\"> lahko kadar koli in od \u010dasa do \u010dasa spremeni in posodobi pogoje.<\/span><span class=\"NormalTextRun SCXW41304652 BCX0\"> &amp; Pogoji in vsebina. <\/span><span class=\"NormalTextRun SCXW41304652 BCX0\">Priporo\u010damo, da ob\u010dasno obi\u0161\u010dete to stran in se seznanite z vsemi veljavnimi pogoji ter na splo\u0161no pregledate to spletno mesto in se seznanite z vsemi posodobitvami in popravki.<\/span><\/span><span class=\"EOP SCXW41304652 BCX0\" data-ccp-props=\"{&quot;201341983&quot;:0,&quot;335551550&quot;:6,&quot;335551620&quot;:6,&quot;335559739&quot;:120,&quot;335559740&quot;:240}\">\u00a0<\/span><\/p>\n<\/p>\n\t<\/div>\n<\/section>\n\n<section id=\"txt-header\">\n\t<div class=\"container block-text-header\">\n\t\t<h3>6. Brez jamstev<\/h3>\n\t\t<h2><\/h2>\n\t\t<p><p><span class=\"TextRun SCXW233883867 BCX0\" lang=\"EN-US\" xml:lang=\"EN-US\" data-contrast=\"auto\"><span class=\"NormalTextRun SCXW233883867 BCX0\">To spletno mesto, njegova vsebina in storitve so na voljo \u201ctak\u0161ni, kot so\u201d, brez kakr\u0161ne koli garancije, izrecne ali implicitne. <\/span><span class=\"NormalTextRun SCXW233883867 BCX0\">FUJIFILM<\/span><span class=\"NormalTextRun SCXW233883867 BCX0\"> zavra\u010da vse garancije, med drugim tudi implicitne garancije o primernosti za prodajo in primernosti za dolo\u010den namen. <\/span><span class=\"NormalTextRun SCXW233883867 BCX0\">poseben namen, <\/span><span class=\"NormalTextRun SCXW233883867 BCX0\">informacijske vsebine, sistemske integracije ali natan\u010dnosti.<\/span><\/span><span class=\"EOP SCXW233883867 BCX0\" data-ccp-props=\"{&quot;201341983&quot;:0,&quot;335551550&quot;:6,&quot;335551620&quot;:6,&quot;335559739&quot;:120,&quot;335559740&quot;:240}\">\u00a0<\/span><\/p>\n<\/p>\n\t<\/div>\n<\/section>\n\n<section id=\"txt-header\">\n\t<div class=\"container block-text-header\">\n\t\t<h3>7. Kontakt <\/h3>\n\t\t<h2><\/h2>\n\t\t<p><p><span class=\"TextRun SCXW190873264 BCX0\" lang=\"EN-US\" xml:lang=\"EN-US\" data-contrast=\"auto\"><span class=\"NormalTextRun SCXW190873264 BCX0\">Na\u0161e kontaktne podatke najdete pod odtisom spletne strani.<\/span><span class=\"NormalTextRun SCXW190873264 BCX0\">.<\/span><\/span><span class=\"EOP SCXW190873264 BCX0\" data-ccp-props=\"{&quot;201341983&quot;:0,&quot;335551550&quot;:6,&quot;335551620&quot;:6,&quot;335559739&quot;:120,&quot;335559740&quot;:240}\">\u00a0<\/span><\/p>\n<\/p>\n\t<\/div>\n<\/section>","protected":false},"excerpt":{"rendered":"","protected":false},"author":1,"featured_media":0,"parent":0,"menu_order":0,"comment_status":"closed","ping_status":"closed","template":"","meta":{"inline_featured_image":false,"footnotes":""},"class_list":["post-21159","page","type-page","status-publish","hentry"],"acf":[],"yoast_head":"<!-- This site is optimized with the Yoast SEO plugin v22.0 - https:\/\/yoast.com\/wordpress\/plugins\/seo\/ -->\n<title>Terms of Use - Fujifilm Print EMEA<\/title>\n<meta name=\"robots\" content=\"index, follow, max-snippet:-1, max-image-preview:large, max-video-preview:-1\" \/>\n<link rel=\"canonical\" href=\"https:\/\/5upercolour.com\/sl\/terms-of-use\/\" \/>\n<meta property=\"og:locale\" content=\"sl_SI\" \/>\n<meta property=\"og:type\" content=\"article\" \/>\n<meta property=\"og:title\" content=\"Terms of Use - Fujifilm Print EMEA\" \/>\n<meta property=\"og:url\" content=\"https:\/\/5upercolour.com\/sl\/terms-of-use\/\" \/>\n<meta property=\"og:site_name\" content=\"Fujifilm Print EMEA\" \/>\n<meta property=\"article:modified_time\" content=\"2026-02-17T14:25:38+00:00\" \/>\n<meta name=\"twitter:card\" content=\"summary_large_image\" \/>\n<script type=\"application\/ld+json\" class=\"yoast-schema-graph\">{\"@context\":\"https:\/\/schema.org\",\"@graph\":[{\"@type\":\"WebPage\",\"@id\":\"https:\/\/5upercolour.com\/terms-of-use\/\",\"url\":\"https:\/\/5upercolour.com\/terms-of-use\/\",\"name\":\"Terms of Use - Fujifilm Print EMEA\",\"isPartOf\":{\"@id\":\"https:\/\/5upercolour.com\/#website\"},\"datePublished\":\"2026-02-17T14:25:37+00:00\",\"dateModified\":\"2026-02-17T14:25:38+00:00\",\"breadcrumb\":{\"@id\":\"https:\/\/5upercolour.com\/terms-of-use\/#breadcrumb\"},\"inLanguage\":\"sl-SI\",\"potentialAction\":[{\"@type\":\"ReadAction\",\"target\":[\"https:\/\/5upercolour.com\/terms-of-use\/\"]}]},{\"@type\":\"BreadcrumbList\",\"@id\":\"https:\/\/5upercolour.com\/terms-of-use\/#breadcrumb\",\"itemListElement\":[{\"@type\":\"ListItem\",\"position\":1,\"name\":\"Home\",\"item\":\"https:\/\/5upercolour.com\/\"},{\"@type\":\"ListItem\",\"position\":2,\"name\":\"Terms of Use\"}]},{\"@type\":\"WebSite\",\"@id\":\"https:\/\/5upercolour.com\/#website\",\"url\":\"https:\/\/5upercolour.com\/\",\"name\":\"Fujifilm Print EMEA\",\"description\":\"\",\"publisher\":{\"@id\":\"https:\/\/5upercolour.com\/#organization\"},\"potentialAction\":[{\"@type\":\"SearchAction\",\"target\":{\"@type\":\"EntryPoint\",\"urlTemplate\":\"https:\/\/5upercolour.com\/?s={search_term_string}\"},\"query-input\":\"required name=search_term_string\"}],\"inLanguage\":\"sl-SI\"},{\"@type\":\"Organization\",\"@id\":\"https:\/\/5upercolour.com\/#organization\",\"name\":\"Fujifilm Print EMEA\",\"url\":\"https:\/\/5upercolour.com\/\",\"logo\":{\"@type\":\"ImageObject\",\"inLanguage\":\"sl-SI\",\"@id\":\"https:\/\/5upercolour.com\/#\/schema\/logo\/image\/\",\"url\":\"https:\/\/5upercolour.com\/wp-content\/uploads\/2025\/06\/fujifilm-1.png\",\"contentUrl\":\"https:\/\/5upercolour.com\/wp-content\/uploads\/2025\/06\/fujifilm-1.png\",\"width\":416,\"height\":70,\"caption\":\"Fujifilm Print EMEA\"},\"image\":{\"@id\":\"https:\/\/5upercolour.com\/#\/schema\/logo\/image\/\"}}]}<\/script>\n<!-- \/ Yoast SEO plugin. -->","yoast_head_json":{"title":"Pogoji uporabe - Fujifilm Print EMEA","robots":{"index":"index","follow":"follow","max-snippet":"max-snippet:-1","max-image-preview":"max-image-preview:large","max-video-preview":"max-video-preview:-1"},"canonical":"https:\/\/5upercolour.com\/sl\/terms-of-use\/","og_locale":"sl_SI","og_type":"article","og_title":"Terms of Use - Fujifilm Print EMEA","og_url":"https:\/\/5upercolour.com\/sl\/terms-of-use\/","og_site_name":"Fujifilm Print EMEA","article_modified_time":"2026-02-17T14:25:38+00:00","twitter_card":"summary_large_image","schema":{"@context":"https:\/\/schema.org","@graph":[{"@type":"WebPage","@id":"https:\/\/5upercolour.com\/terms-of-use\/","url":"https:\/\/5upercolour.com\/terms-of-use\/","name":"Pogoji uporabe - Fujifilm Print EMEA","isPartOf":{"@id":"https:\/\/5upercolour.com\/#website"},"datePublished":"2026-02-17T14:25:37+00:00","dateModified":"2026-02-17T14:25:38+00:00","breadcrumb":{"@id":"https:\/\/5upercolour.com\/terms-of-use\/#breadcrumb"},"inLanguage":"sl-SI","potentialAction":[{"@type":"ReadAction","target":["https:\/\/5upercolour.com\/terms-of-use\/"]}]},{"@type":"BreadcrumbList","@id":"https:\/\/5upercolour.com\/terms-of-use\/#breadcrumb","itemListElement":[{"@type":"ListItem","position":1,"name":"Home","item":"https:\/\/5upercolour.com\/"},{"@type":"ListItem","position":2,"name":"Terms of Use"}]},{"@type":"WebSite","@id":"https:\/\/5upercolour.com\/#website","url":"https:\/\/5upercolour.com\/","name":"Fujifilm Tiskanje EMEA","description":"","publisher":{"@id":"https:\/\/5upercolour.com\/#organization"},"potentialAction":[{"@type":"SearchAction","target":{"@type":"EntryPoint","urlTemplate":"https:\/\/5upercolour.com\/?s={search_term_string}"},"query-input":"required name=search_term_string"}],"inLanguage":"sl-SI"},{"@type":"Organization","@id":"https:\/\/5upercolour.com\/#organization","name":"Fujifilm Tiskanje EMEA","url":"https:\/\/5upercolour.com\/","logo":{"@type":"ImageObject","inLanguage":"sl-SI","@id":"https:\/\/5upercolour.com\/#\/schema\/logo\/image\/","url":"https:\/\/5upercolour.com\/wp-content\/uploads\/2025\/06\/fujifilm-1.png","contentUrl":"https:\/\/5upercolour.com\/wp-content\/uploads\/2025\/06\/fujifilm-1.png","width":416,"height":70,"caption":"Fujifilm Print EMEA"},"image":{"@id":"https:\/\/5upercolour.com\/#\/schema\/logo\/image\/"}}]}},"_links":{"self":[{"href":"https:\/\/5upercolour.com\/sl\/wp-json\/wp\/v2\/pages\/21159","targetHints":{"allow":["GET"]}}],"collection":[{"href":"https:\/\/5upercolour.com\/sl\/wp-json\/wp\/v2\/pages"}],"about":[{"href":"https:\/\/5upercolour.com\/sl\/wp-json\/wp\/v2\/types\/page"}],"author":[{"embeddable":true,"href":"https:\/\/5upercolour.com\/sl\/wp-json\/wp\/v2\/users\/1"}],"replies":[{"embeddable":true,"href":"https:\/\/5upercolour.com\/sl\/wp-json\/wp\/v2\/comments?post=21159"}],"version-history":[{"count":1,"href":"https:\/\/5upercolour.com\/sl\/wp-json\/wp\/v2\/pages\/21159\/revisions"}],"predecessor-version":[{"id":21160,"href":"https:\/\/5upercolour.com\/sl\/wp-json\/wp\/v2\/pages\/21159\/revisions\/21160"}],"wp:attachment":[{"href":"https:\/\/5upercolour.com\/sl\/wp-json\/wp\/v2\/media?parent=21159"}],"curies":[{"name":"wp","href":"https:\/\/api.w.org\/{rel}","templated":true}]}}