{"id":20646,"date":"2026-01-20T12:53:34","date_gmt":"2026-01-20T11:53:34","guid":{"rendered":"https:\/\/5upercolour.com\/?page_id=20646"},"modified":"2026-04-30T16:49:52","modified_gmt":"2026-04-30T15:49:52","slug":"aspire","status":"publish","type":"page","link":"https:\/\/5upercolour.com\/sl\/aspire\/","title":{"rendered":"Aspire"},"content":{"rendered":"<style>\n    .owl-stage{\n        display: flex;\n    }\n    .owl-nav{\n        display: none;\n    }\n    .owl-dots{\n        display: none;\n    }\n<\/style>\n<section id=\"img-btn\">        \n    <div class=\"container-fluid\" style=\"background-color: ;\">\n    <div class=\"owl-imgbtn owl-theme\" style=\"width: 100%;\">\n                                                        <div class=\"item\"><img decoding=\"async\" src=\"https:\/\/5upercolour.com\/wp-content\/uploads\/2026\/01\/Aspire-website-header-2-2500x800px-1.jpg\" \/><\/div>\n                                        <\/div>\n        <\/div>\n<\/section>\n\n<div style=\"height:50px;\">\n<\/div>\n\n\r\n<div id=\"block-6a00a3d989c80\" class=\"container plain-text\" style=\"text-align: center;\">\r\n            <h3 style=\"font-size: 35px !important;\">\r\n            Program Aspire vam ponuja vse, kar potrebujete, da s SUPER BARVO zaslu\u017eite ve\u010d        <\/h3>\r\n    \r\n    <p>Aspire je izobra\u017eevalni program, sestavljen iz brezpla\u010dnega sklopa virov in spletnih seminarjev za usposabljanje, namenjenega lastnikom podjetij, oblikovalcem in upravljavcem tiskarn.<\/p>\n<p>Cilj programa je zagotoviti preprosta, a u\u010dinkovita orodja za usposabljanje, ki vam bodo pomagala pri oblikovanju, izdelavi in prodaji prednosti tiska z okraski SUPER COLOUR ter s tem pospe\u0161ila rast in donosnost nalo\u017eb.<\/p>\n<\/div>\r\n\r\n    <style>\r\n#block-6a00a3d989c80 p {\r\n    font-size: 25px !important;\r\n}\r\n\r\n@media (max-width: 768px) {\r\n    #block-6a00a3d989c80 p {\r\n        font-size: 17px !important;\r\n    }\r\n}\r\n    <\/style>\r\n\n\n<section id=\"txt-header\">\n\t<div class=\"container block-text-header\">\n\t\t<h3><\/h3>\n\t\t<h2><\/h2>\n\t\t<p><h3><strong><span style=\"color: #00e5c2;\">Izkoristite svoje nalo\u017ebe v tehnologijo SUPER COLOUR<\/span><\/strong><\/h3>\n<\/p>\n\t<\/div>\n<\/section>\n\n\n<section id=\"txt-media\">\n\t<div class=\"container\">\n\t\t<div class=\"row\">\n\t\t\t<div class=\"col-md-12 my-auto\">\n\n\t\t\t\t\n\t\t\t\t<div >\n\t\t\t\t\t<p>Sredstva Aspire so na voljo samo strankam Fujifilm POD in so na\u0161 na\u010din, da se vam zahvalimo, ker ste lastnik tiska Revoria. S programom Aspire boste lahko iz svojih nalo\u017eb v tehnologijo SUPER COLOUR iztr\u017eili ve\u010d - \u017ee od prvega dne.<\/p>\n<p><strong>Viri Aspire bodo zagotovili neprecenljivo pomo\u010d pri naslednjih nalogah:<\/strong><\/p>\n\t\t\t\t\t\t\t\t\t<\/div>\n\n\t\t\t<\/div>\n\t\t\t\t\t<\/div>\n\t<\/div>\n<\/section>\n\n<section id=\"tc-icons\">\n\t<div class=\"container block-three-column-icons\">\n\t\t<h2><\/h2>\n\n\t\t<div class=\"row\">\n\t\t\t\t\t\t\t\t\t\t\t\t<div class=\"col-12 col-md-6\" style=\"margin-bottom: 40px;\">\n\t\t\t\t\t\t<div class=\"poi-icons\" style=\"max-width: 115px; max-height: 115px;\">\n\t\t\t\t\t\t\t<img decoding=\"async\" src=\"\/wp-content\/themes\/poi\/media\/icons\/colour-gamut-2.svg\" alt=\"\" style=\"filter: brightness(0); max-height: 75px;\" \/>\n\t\t\t\t\t\t<\/div>\n\t\t\t\t\t\t<p><strong>Oblikovalci <\/strong><\/p>\n\t\t\t\t\t\t<p style=\"padding: 0 15px;\">Oglejte si, kaj je mogo\u010de s tehnologijo SUPER COLOUR, in kako jo oblikovati<\/p>\n\t\t\t\t\t<\/div>\n\t\t\t\t\t\t\t\t\t<div class=\"col-12 col-md-6\" style=\"margin-bottom: 40px;\">\n\t\t\t\t\t\t<div class=\"poi-icons\" style=\"max-width: 115px; max-height: 115px;\">\n\t\t\t\t\t\t\t<img decoding=\"async\" src=\"\/wp-content\/themes\/poi\/media\/icons\/Advanced_Features.svg\" alt=\"\" style=\"filter: brightness(0); max-height: 75px;\" \/>\n\t\t\t\t\t\t<\/div>\n\t\t\t\t\t\t<p><strong>Upravljavci tiskarskih strojev<\/strong><\/p>\n\t\t\t\t\t\t<p style=\"padding: 0 15px;\">Na\u0161i priro\u010dniki za hitre nasvete za upravljavce tiskarskih strojev olaj\u0161ajo izdelavo \u0161irokega spektra okraskov SUPER COLOUR.<\/p>\n\t\t\t\t\t<\/div>\n\t\t\t\t\t\t\t\t\t<div class=\"col-12 col-md-6 mx-md-auto\" style=\"margin-bottom: 40px;\">\n\t\t\t\t\t\t<div class=\"poi-icons\" style=\"max-width: 115px; max-height: 115px;\">\n\t\t\t\t\t\t\t<img decoding=\"async\" src=\"\/wp-content\/themes\/poi\/media\/icons\/Work_Style.svg\" alt=\"\" style=\"filter: brightness(0); max-height: 75px;\" \/>\n\t\t\t\t\t\t<\/div>\n\t\t\t\t\t\t<p><strong>Lastniki podjetij<\/strong><\/p>\n\t\t\t\t\t\t<p style=\"padding: 0 15px;\">Izkoristite vrsto orodij, s katerimi lahko strankam predstavite prednosti okraskov SUPER COLOUR<\/p>\n\t\t\t\t\t<\/div>\n\t\t\t\t\t\t\t\t\t<\/div>\n\t<\/div>\n<\/section>\n\n<div id=\"download\"><\/div>\n\n<section id=\"small-cta\">\n\n<!-- Standard Block -->\n    <div class=\"container\">\n        <div class=\"row\">\n            <div class=\"col-md-6 img-bg\" style=\"background-image: url(https:\/\/5upercolour.com\/wp-content\/uploads\/2026\/01\/Aspire-brochure-mock-up-1-scaled-e1769180052389.jpg);\">\n            <\/div>\n            <div class=\"col-md-6 green\">\n                <h3>Bro\u0161ura programa Aspire<\/h3>\n                <p>Prenesite si bro\u0161uro Aspire in si oglejte brezpla\u010dni nabor virov in spletnih seminarjev za usposabljanje, ki so na voljo  <\/p>\n                                    <a href=\"https:\/\/5upercolour.com\/wp-content\/uploads\/2026\/01\/Aspire-programme-brochure-LR-2.pdf\" id=\"btnOpenForm\" class=\"btn btn-purple\" style=\"margin: 0\">Prenesi bro\u0161uro<\/a>\n                            <\/div>\n        <\/div>\n    <\/div>\n\t\n\n<\/section>\n\n\n\n<!-- Single Pop-up -->\n<div id=\"popup-\" class=\"popup\">\n\t<div class=\"popup-content dark-form\" id=\"dark-form\">\n\t\t<div class=\"event-header\">\n\t\t\t<h2>\n\t\t\t\t\t\t\t\n\t\t\t\t\t\t\t<\/h2>\n\t\t<\/div>\n\t\t\n\t\t\t\t<div id=\"confirmform\" style=\"visibility:hidden;\">\n\t\t\t\t\t\t\t<p><strong>Zahvaljujemo se vam za va\u0161e povpra\u0161evanje in kmalu bomo vzpostavili stik z vami.<\/strong><\/p>\n\t\t\t\t\t<\/div>\n\t\t\t\t\n\t\t<span class=\"fade-out main-btn-circle\">\u2573<\/span>\n\t<\/div>\n<\/div>\n\t\n\n\n<div style=\"height:50px;\">\n<\/div>\n\n<section id=\"form-bg\" style=\"background-color: #5fe0c3;\">\n\t<div class=\"container-fluid block-short-cta-form\" style=\"background-image: url(https:\/\/5upercolour.com\/wp-content\/uploads\/2026\/01\/Aspire-website-header-1-2500x800px-no-text.jpg); ; position: relative;\">\n\t\t\t\t<div class=\"container\" style=\"position: relative; z-index: 1;\">\n\t\t\t<div class=\"row\">\n\t\t\t\t<div class=\"col-md-8\">\n\t\t\t\t\t\t\t\t\t\t\t<h3><\/h3>\n\t\t\t\t\t\t<p class=\"frm-h\">Sredstva Aspire so na voljo samo strankam Fujifilm POD - to je na\u0161 na\u010din, kako se vam zahvaliti, da ste lastnik tiskarne Revoria.<\/p>\n\t\t\t\t\t\t\t\t\t\t\t\t\t\t\t\t<a href=\"https:\/\/forms.monday.com\/forms\/embed\/5f9e55cc13df07809c73be01643771d2?r=use1\" class=\"btn btn-purple\">Kliknite tukaj za dostop do Aspire Assets<\/a>\t\t\t\t\t\t\t\t\t<\/div>\n\t\t\t\t<div class=\"col-md-4\"><\/div>\n\t\t\t<\/div>\n\n\t\t<\/div>\n\t<\/div>\n\t<\/section>\n\n<div style=\"height:80px;\">\n<\/div>\n\n<section id=\"txt-header\">\n\t<div class=\"container block-text-header\">\n\t\t<h3><\/h3>\n\t\t<h2><\/h2>\n\t\t<p><h2 style=\"text-align: center;\"><span style=\"color: #000000;\">Odkrijte izdelke<\/span><\/h2>\n<\/p>\n\t<\/div>\n<\/section>\n\n<div style=\"height:20px;\">\n<\/div>\n\n<style>\r\n\r\n.sector-banner {\r\n  background-image: url(https:\/\/5upercolour.com\/wp-content\/uploads\/2025\/06\/Rainbow-option-1.png);  background-size: cover;\r\n  background-position: center;\r\n  position: relative;\r\n}\r\n\r\n.sector-banner .banner-content { position: relative; z-index: 2; }\r\n\r\n\/* Keep this override exactly as you asked *\/\r\n.wrd-sector-slider {\r\n  position: absolute;\r\n  width: 100%;\r\n  margin-inline: auto;\r\n  padding: 20px 0 48px;\r\n  bottom: -215px;\r\n}\r\n\r\n.wrd-sector-viewport {\r\n  display: flex;\r\n  overflow-x: auto; overflow-y: hidden; -webkit-overflow-scrolling: touch;\r\n  scroll-snap-type: x mandatory; scroll-behavior: smooth;\r\n  scrollbar-width: none; -ms-overflow-style: none;\r\n  padding: 0 10vw;          \/* desktop\/tablet: left\/right peeks *\/\r\n  scroll-padding: 0 10vw;\r\n  cursor: grab;\r\n}\r\n.wrd-sector-viewport::-webkit-scrollbar { display: none; }\r\n.is-dragging .wrd-sector-viewport { cursor: grabbing; }\r\n.is-dragging * { user-select: none; }\r\n\r\n.wrd-sector-track {\r\n  display: flex; gap: 2rem;\r\n  list-style: none; margin: 0; padding: 0;  \/* no bullets *\/\r\n}\r\n\r\n.wrd-sector-slide {\r\n  flex: 0 0 auto;\r\n  width: 80vw; max-width: 900px;\r\n  scroll-snap-align: center; scroll-snap-stop: always;\r\n}\r\n\r\n@media (min-width: 900px){  .wrd-sector-slide { width: 60vw; max-width: 800px; } }\r\n@media (min-width: 1200px){ .wrd-sector-slide { width: 55vw; max-width: 720px; } }\r\n\r\n.wrd-sector-card { display:block; text-decoration:none; color:inherit; background:transparent; border-radius:0; box-shadow:none; overflow:hidden; }\r\n.wrd-sector-card img { width:100%; height:auto; display:block; }\r\n.wrd-sector-card h3 { margin:12px 0 0; padding:0 4px; font-size:1.125rem; }\r\n\r\n\/* Mobile: exactly one full item, no peeks *\/\r\n@media (max-width: 767px){\r\n  .wrd-sector-viewport { padding:0; scroll-padding:0; }\r\n  .wrd-sector-track { gap:1rem; }\r\n  .wrd-sector-slide { width:70%; max-width:none; }\r\n\t    .sector-banner {\r\n        margin-bottom: 170px;\r\n    }\r\n\t.wrd-sector-slider {\r\n    bottom: -180px;\r\n}\r\n}\r\n\r\n\/* Dots *\/\r\n.wrd-sector-dots {\r\n  position:relative; display:flex; justify-content:center; align-items:center;\r\n  gap:.5rem; margin-top:16px; z-index:2;\r\n}\r\n.wrd-sector-dot {\r\n  width:10px; height:10px; border-radius:999px;\r\n  background:rgba(255,255,255,.95);\r\n  border:1px solid rgba(0,0,0,.25);\r\n  cursor:pointer; padding:0; outline-offset:2px;\r\n}\r\n.wrd-sector-dot.is-active { width:12px; height:12px; }\r\n\t\r\n\/* Center slide text *\/\r\n.wrd-sector-card,\r\n.wrd-sector-card h3 {\r\n  text-align: center;\r\n\tfont-size: 1.5rem;\r\n}\r\n\r\n\r\n@media (prefers-reduced-motion: reduce){ .wrd-sector-viewport{ scroll-behavior:auto; } }\r\n<\/style>\r\n\r\n<div class=\"sector-banner\">\r\n      <div class=\"banner-content\">\r\n      <h4>                                                                                                    <\/h4>\r\n      <h1>                                                                                                                       <\/h1>\r\n    <\/div>\r\n  \r\n          <div class=\"wrd-sector-slider\" role=\"region\" aria-label=\"Drsnik izdelka\" data-slider-id=\"wrd-sector-6a00a3d9900cd\">\r\n      <div class=\"wrd-sector-viewport\" id=\"wrd-sector-6a00a3d9900cd-viewport\" tabindex=\"0\">\r\n        <ul class=\"wrd-sector-track\" role=\"list\" id=\"wrd-sector-6a00a3d9900cd-track\">\r\n\r\n          <!-- last clone at start -->\r\n          <li class=\"wrd-sector-slide\" data-clone=\"1\" data-index=\"2\">\r\n            <a class=\"wrd-sector-card\" href=\"https:\/\/fujifilmprint.eu\/product\/revoria-press-pc1120\/\" aria-hidden=\"true\" tabindex=\"-1\">\r\n                              <img src=\"https:\/\/5upercolour.com\/wp-content\/uploads\/2025\/07\/new-pc1120-image.png\" alt=\"\" draggable=\"false\" loading=\"lazy\" decoding=\"async\" \/>\r\n                                            <h3>Revoria Press PC1120<\/h3>\r\n                          <\/a>\r\n          <\/li>\r\n\r\n          <!-- originals -->\r\n                      <li class=\"wrd-sector-slide\" data-index=\"0\">\r\n              <a class=\"wrd-sector-card\" href=\"https:\/\/fujifilmprint.eu\/product\/revoria-press-ec2100\/\">\r\n                                  <img src=\"https:\/\/5upercolour.com\/wp-content\/uploads\/2025\/06\/FUJ13829-Revoria-Press-EC2100-1000x339-1-e1750430296660.png\" alt=\"Revoria Press EC2100\" draggable=\"false\" loading=\"lazy\" decoding=\"async\" \/>\r\n                                                  <h3>Revoria Press EC2100<\/h3>\r\n                              <\/a>\r\n            <\/li>\r\n                      <li class=\"wrd-sector-slide\" data-index=\"1\">\r\n              <a class=\"wrd-sector-card\" href=\"https:\/\/fujifilmprint.eu\/product\/revoria-press-sc285\/\">\r\n                                  <img src=\"https:\/\/5upercolour.com\/wp-content\/uploads\/2025\/06\/FUJ13829-Revoria-Press-SC285-1000x339-1-1-e1750430275660.png\" alt=\"Revoria Press SC285\" draggable=\"false\" loading=\"lazy\" decoding=\"async\" \/>\r\n                                                  <h3>Revoria Press SC285<\/h3>\r\n                              <\/a>\r\n            <\/li>\r\n                      <li class=\"wrd-sector-slide\" data-index=\"2\">\r\n              <a class=\"wrd-sector-card\" href=\"https:\/\/fujifilmprint.eu\/product\/revoria-press-pc1120\/\">\r\n                                  <img src=\"https:\/\/5upercolour.com\/wp-content\/uploads\/2025\/07\/new-pc1120-image.png\" alt=\"Revoria Press PC1120\" draggable=\"false\" loading=\"lazy\" decoding=\"async\" \/>\r\n                                                  <h3>Revoria Press PC1120<\/h3>\r\n                              <\/a>\r\n            <\/li>\r\n          \r\n          <!-- first clone at end -->\r\n          <li class=\"wrd-sector-slide\" data-clone=\"1\" data-index=\"0\">\r\n            <a class=\"wrd-sector-card\" href=\"https:\/\/fujifilmprint.eu\/product\/revoria-press-ec2100\/\" aria-hidden=\"true\" tabindex=\"-1\">\r\n                              <img src=\"https:\/\/5upercolour.com\/wp-content\/uploads\/2025\/06\/FUJ13829-Revoria-Press-EC2100-1000x339-1-e1750430296660.png\" alt=\"\" draggable=\"false\" loading=\"lazy\" decoding=\"async\" \/>\r\n                                            <h3>Revoria Press EC2100<\/h3>\r\n                          <\/a>\r\n          <\/li>\r\n\r\n        <\/ul>\r\n      <\/div>\r\n\r\n      <!-- dots for originals only -->\r\n      <div class=\"wrd-sector-dots\" id=\"wrd-sector-6a00a3d9900cd-dots\" aria-label=\"Navigacija po diapozitivih\">\r\n                  <button type=\"button\" class=\"wrd-sector-dot\" data-go=\"0\" aria-label=\"Pojdi na diapozitiv 1\"><\/button>\r\n                  <button type=\"button\" class=\"wrd-sector-dot\" data-go=\"1\" aria-label=\"Pojdi na diapozitiv 2\"><\/button>\r\n                  <button type=\"button\" class=\"wrd-sector-dot\" data-go=\"2\" aria-label=\"Pojdi na diapozitiv 3\"><\/button>\r\n              <\/div>\r\n    <\/div>\r\n  <\/div>\r\n\r\n\r\n\n\n<div id=\"contact\"><\/div>\n\n<section id=\"dark-form\">\n\t<div id=\"footer-form\" class=\"container\">\n\t\t<h2>Kontaktirajte nas \u0161e danes in izbolj\u0161ajte svoj tisk!<\/h2>\n\n\t\t \r\n\r\n \r\n\r\n \r\n\r\n \r\n\r\n \r\n \r\n \r\n\r\n \r\n\r\n \r\n\r\n\r\n\r\n \r\n\r\n<script src=\"\/\/info.fujifilm.eu\/js\/forms2\/js\/forms2.min.js\"><\/script> <form id=\"mktoForm_6872\" action=\"\"><input type=\"hidden\" name=\"trp-form-language\" value=\"sl\"\/><\/form> <script>MktoForms2.loadForm(\"\/\/info.fujifilm.eu\", \"060-MIY-956\", 6872);<\/script>\r\n\r\n\r\n\r\n\r\n\n\t\t<div id=\"confirmform\" style=\"visibility:hidden;\">\n                            <p><strong>Zahvaljujemo se vam za va\u0161e povpra\u0161evanje in kmalu bomo vzpostavili stik z vami.<\/strong><\/p>\n              \n        <\/div>\n\t<\/div>\n<\/section>","protected":false},"excerpt":{"rendered":"","protected":false},"author":12,"featured_media":0,"parent":0,"menu_order":0,"comment_status":"closed","ping_status":"closed","template":"","meta":{"inline_featured_image":false,"footnotes":""},"class_list":["post-20646","page","type-page","status-publish","hentry"],"acf":[],"yoast_head":"<!-- This site is optimized with the Yoast SEO plugin v22.0 - https:\/\/yoast.com\/wordpress\/plugins\/seo\/ -->\n<title>Aspire | Make more with SUPER COLOUR<\/title>\n<meta name=\"description\" content=\"The Aspire programme gives you everything you need to make more with SUPER COLOUR\" \/>\n<meta name=\"robots\" content=\"index, follow, max-snippet:-1, max-image-preview:large, max-video-preview:-1\" \/>\n<link rel=\"canonical\" href=\"https:\/\/5upercolour.com\/sl\/aspire\/\" \/>\n<meta property=\"og:locale\" content=\"sl_SI\" \/>\n<meta property=\"og:type\" content=\"article\" \/>\n<meta property=\"og:title\" content=\"Aspire | Make more with SUPER COLOUR\" \/>\n<meta property=\"og:description\" content=\"The Aspire programme gives you everything you need to make more with SUPER COLOUR\" \/>\n<meta property=\"og:url\" content=\"https:\/\/5upercolour.com\/sl\/aspire\/\" \/>\n<meta property=\"og:site_name\" content=\"Fujifilm Print EMEA\" \/>\n<meta property=\"article:modified_time\" content=\"2026-04-30T15:49:52+00:00\" \/>\n<meta name=\"twitter:card\" content=\"summary_large_image\" \/>\n<script type=\"application\/ld+json\" class=\"yoast-schema-graph\">{\"@context\":\"https:\/\/schema.org\",\"@graph\":[{\"@type\":\"WebPage\",\"@id\":\"https:\/\/5upercolour.com\/aspire\/\",\"url\":\"https:\/\/5upercolour.com\/aspire\/\",\"name\":\"Aspire | Make more with SUPER COLOUR\",\"isPartOf\":{\"@id\":\"https:\/\/5upercolour.com\/#website\"},\"datePublished\":\"2026-01-20T11:53:34+00:00\",\"dateModified\":\"2026-04-30T15:49:52+00:00\",\"description\":\"The Aspire programme gives you everything you need to make more with SUPER COLOUR\",\"breadcrumb\":{\"@id\":\"https:\/\/5upercolour.com\/aspire\/#breadcrumb\"},\"inLanguage\":\"sl-SI\",\"potentialAction\":[{\"@type\":\"ReadAction\",\"target\":[\"https:\/\/5upercolour.com\/aspire\/\"]}]},{\"@type\":\"BreadcrumbList\",\"@id\":\"https:\/\/5upercolour.com\/aspire\/#breadcrumb\",\"itemListElement\":[{\"@type\":\"ListItem\",\"position\":1,\"name\":\"Home\",\"item\":\"https:\/\/5upercolour.com\/\"},{\"@type\":\"ListItem\",\"position\":2,\"name\":\"Aspire\"}]},{\"@type\":\"WebSite\",\"@id\":\"https:\/\/5upercolour.com\/#website\",\"url\":\"https:\/\/5upercolour.com\/\",\"name\":\"Fujifilm Print EMEA\",\"description\":\"\",\"publisher\":{\"@id\":\"https:\/\/5upercolour.com\/#organization\"},\"potentialAction\":[{\"@type\":\"SearchAction\",\"target\":{\"@type\":\"EntryPoint\",\"urlTemplate\":\"https:\/\/5upercolour.com\/?s={search_term_string}\"},\"query-input\":\"required name=search_term_string\"}],\"inLanguage\":\"sl-SI\"},{\"@type\":\"Organization\",\"@id\":\"https:\/\/5upercolour.com\/#organization\",\"name\":\"Fujifilm Print EMEA\",\"url\":\"https:\/\/5upercolour.com\/\",\"logo\":{\"@type\":\"ImageObject\",\"inLanguage\":\"sl-SI\",\"@id\":\"https:\/\/5upercolour.com\/#\/schema\/logo\/image\/\",\"url\":\"https:\/\/5upercolour.com\/wp-content\/uploads\/2025\/06\/fujifilm-1.png\",\"contentUrl\":\"https:\/\/5upercolour.com\/wp-content\/uploads\/2025\/06\/fujifilm-1.png\",\"width\":416,\"height\":70,\"caption\":\"Fujifilm Print EMEA\"},\"image\":{\"@id\":\"https:\/\/5upercolour.com\/#\/schema\/logo\/image\/\"}}]}<\/script>\n<!-- \/ Yoast SEO plugin. -->","yoast_head_json":{"title":"\u017delja | Ve\u010d naredite s SUPER BARVO","description":"Program Aspire vam ponuja vse, kar potrebujete, da s SUPER BARVO zaslu\u017eite ve\u010d","robots":{"index":"index","follow":"follow","max-snippet":"max-snippet:-1","max-image-preview":"max-image-preview:large","max-video-preview":"max-video-preview:-1"},"canonical":"https:\/\/5upercolour.com\/sl\/aspire\/","og_locale":"sl_SI","og_type":"article","og_title":"Aspire | Make more with SUPER COLOUR","og_description":"The Aspire programme gives you everything you need to make more with SUPER COLOUR","og_url":"https:\/\/5upercolour.com\/sl\/aspire\/","og_site_name":"Fujifilm Print EMEA","article_modified_time":"2026-04-30T15:49:52+00:00","twitter_card":"summary_large_image","schema":{"@context":"https:\/\/schema.org","@graph":[{"@type":"WebPage","@id":"https:\/\/5upercolour.com\/aspire\/","url":"https:\/\/5upercolour.com\/aspire\/","name":"\u017delja | Ve\u010d naredite s SUPER BARVO","isPartOf":{"@id":"https:\/\/5upercolour.com\/#website"},"datePublished":"2026-01-20T11:53:34+00:00","dateModified":"2026-04-30T15:49:52+00:00","description":"Program Aspire vam ponuja vse, kar potrebujete, da s SUPER BARVO zaslu\u017eite ve\u010d","breadcrumb":{"@id":"https:\/\/5upercolour.com\/aspire\/#breadcrumb"},"inLanguage":"sl-SI","potentialAction":[{"@type":"ReadAction","target":["https:\/\/5upercolour.com\/aspire\/"]}]},{"@type":"BreadcrumbList","@id":"https:\/\/5upercolour.com\/aspire\/#breadcrumb","itemListElement":[{"@type":"ListItem","position":1,"name":"Home","item":"https:\/\/5upercolour.com\/"},{"@type":"ListItem","position":2,"name":"Aspire"}]},{"@type":"WebSite","@id":"https:\/\/5upercolour.com\/#website","url":"https:\/\/5upercolour.com\/","name":"Fujifilm Tiskanje EMEA","description":"","publisher":{"@id":"https:\/\/5upercolour.com\/#organization"},"potentialAction":[{"@type":"SearchAction","target":{"@type":"EntryPoint","urlTemplate":"https:\/\/5upercolour.com\/?s={search_term_string}"},"query-input":"required name=search_term_string"}],"inLanguage":"sl-SI"},{"@type":"Organization","@id":"https:\/\/5upercolour.com\/#organization","name":"Fujifilm Tiskanje EMEA","url":"https:\/\/5upercolour.com\/","logo":{"@type":"ImageObject","inLanguage":"sl-SI","@id":"https:\/\/5upercolour.com\/#\/schema\/logo\/image\/","url":"https:\/\/5upercolour.com\/wp-content\/uploads\/2025\/06\/fujifilm-1.png","contentUrl":"https:\/\/5upercolour.com\/wp-content\/uploads\/2025\/06\/fujifilm-1.png","width":416,"height":70,"caption":"Fujifilm Print EMEA"},"image":{"@id":"https:\/\/5upercolour.com\/#\/schema\/logo\/image\/"}}]}},"_links":{"self":[{"href":"https:\/\/5upercolour.com\/sl\/wp-json\/wp\/v2\/pages\/20646","targetHints":{"allow":["GET"]}}],"collection":[{"href":"https:\/\/5upercolour.com\/sl\/wp-json\/wp\/v2\/pages"}],"about":[{"href":"https:\/\/5upercolour.com\/sl\/wp-json\/wp\/v2\/types\/page"}],"author":[{"embeddable":true,"href":"https:\/\/5upercolour.com\/sl\/wp-json\/wp\/v2\/users\/12"}],"replies":[{"embeddable":true,"href":"https:\/\/5upercolour.com\/sl\/wp-json\/wp\/v2\/comments?post=20646"}],"version-history":[{"count":227,"href":"https:\/\/5upercolour.com\/sl\/wp-json\/wp\/v2\/pages\/20646\/revisions"}],"predecessor-version":[{"id":21248,"href":"https:\/\/5upercolour.com\/sl\/wp-json\/wp\/v2\/pages\/20646\/revisions\/21248"}],"wp:attachment":[{"href":"https:\/\/5upercolour.com\/sl\/wp-json\/wp\/v2\/media?parent=20646"}],"curies":[{"name":"wp","href":"https:\/\/api.w.org\/{rel}","templated":true}]}}