{"id":21159,"date":"2026-02-17T15:25:37","date_gmt":"2026-02-17T14:25:37","guid":{"rendered":"https:\/\/5upercolour.com\/?page_id=21159"},"modified":"2026-02-17T15:25:38","modified_gmt":"2026-02-17T14:25:38","slug":"terms-of-use","status":"publish","type":"page","link":"https:\/\/5upercolour.com\/pt-pt\/terms-of-use\/","title":{"rendered":"Termos de uso"},"content":{"rendered":"<section id=\"txt-header\">\n\t<div class=\"container block-text-header\">\n\t\t<h3><\/h3>\n\t\t<h2>Termos e condi\u00e7\u00f5es de utiliza\u00e7\u00e3o<\/h2>\n\t\t<p><p><span data-contrast=\"auto\">Obrigado por visitar esta p\u00e1gina de Internet. Esta p\u00e1gina de Internet, incluindo todas as p\u00e1ginas de l\u00edngua local espec\u00edficas de cada pa\u00eds e todas as outras p\u00e1ginas, \u00e9 propriedade da FUJIFILM Europe e \u00e9 mantida e disponibilizada ao p\u00fablico exclusivamente pela FUJIFILM com o objetivo de oferecer aos interessados na FUJIFILM Corporation na Europa e nos produtos e servi\u00e7os da FUJIFILM uma forma conveniente de encontrar informa\u00e7\u00f5es relevantes, tais como os \u00faltimos comunicados de imprensa, informa\u00e7\u00f5es financeiras, linha de produtos, informa\u00e7\u00f5es de contacto local e p\u00e1ginas de Internet pertencentes \u00e0s subsidi\u00e1rias da FUJIFILM ou aos seus distribuidores.<\/span><span data-ccp-props=\"{&quot;201341983&quot;:0,&quot;335551550&quot;:6,&quot;335551620&quot;:6,&quot;335559739&quot;:120,&quot;335559740&quot;:240}\">\u00a0<\/span><\/p>\n<p><span data-contrast=\"auto\">O seu acesso, navega\u00e7\u00e3o e utiliza\u00e7\u00e3o deste s\u00edtio Web \u00e9 regido pelos seguintes Termos e Condi\u00e7\u00f5es e por quaisquer outros termos, condi\u00e7\u00f5es ou diretrizes estabelecidos noutros locais deste s\u00edtio Web, bem como por todas as leis, regras e regulamentos aplic\u00e1veis, incluindo, mas n\u00e3o se limitando a, leis relativas a marcas registadas, direitos de autor, direitos de privacidade e difama\u00e7\u00e3o.<\/span><span data-ccp-props=\"{&quot;201341983&quot;:0,&quot;335551550&quot;:6,&quot;335551620&quot;:6,&quot;335559739&quot;:120,&quot;335559740&quot;:240}\">\u00a0<\/span><\/p>\n<p><span data-contrast=\"auto\">Por conseguinte, a FUJIFILM pede-lhe que leia atentamente os Termos e Condi\u00e7\u00f5es.<\/span><span data-ccp-props=\"{&quot;201341983&quot;:0,&quot;335551550&quot;:6,&quot;335551620&quot;:6,&quot;335559739&quot;:120,&quot;335559740&quot;:240}\">\u00a0<\/span><\/p>\n<\/p>\n\t<\/div>\n<\/section>\n\n<section id=\"txt-header\">\n\t<div class=\"container block-text-header\">\n\t\t<h3>1. Utiliza\u00e7\u00e3o deste s\u00edtio Web <\/h3>\n\t\t<h2><\/h2>\n\t\t<p><p><span data-contrast=\"auto\">Os presentes Termos e Condi\u00e7\u00f5es aplicam-se a este s\u00edtio Web e a quaisquer outros s\u00edtios Web com liga\u00e7\u00f5es aos Termos e Condi\u00e7\u00f5es. O utilizador pode encontrar termos e condi\u00e7\u00f5es adicionais relativos a p\u00e1ginas espec\u00edficas deste s\u00edtio Web. A utiliza\u00e7\u00e3o dessas p\u00e1ginas neste s\u00edtio Web \u00e9 regida pelos termos e condi\u00e7\u00f5es dessas p\u00e1ginas. Em caso de conflito entre os Termos e Condi\u00e7\u00f5es aqui apresentados e os termos e condi\u00e7\u00f5es adicionais apresentados noutras partes deste s\u00edtio Web, prevalecer\u00e3o os termos e condi\u00e7\u00f5es adicionais.<\/span><span data-ccp-props=\"{&quot;201341983&quot;:0,&quot;335551550&quot;:6,&quot;335551620&quot;:6,&quot;335559739&quot;:120,&quot;335559740&quot;:240}\">\u00a0<\/span><\/p>\n<p><span data-contrast=\"auto\">Sujeito a estes Termos e Condi\u00e7\u00f5es, a FUJIFILM concede-lhe, ao abrigo dos direitos de propriedade intelectual da FUJIFILM, um direito n\u00e3o exclusivo, mundial e intransmiss\u00edvel de utilizar esta p\u00e1gina de Internet e o conte\u00fado nela inclu\u00eddo apenas para uso pessoal e n\u00e3o comercial, sujeito \u00e0s restri\u00e7\u00f5es e obriga\u00e7\u00f5es estabelecidas nestes Termos e Condi\u00e7\u00f5es. N\u00e3o s\u00e3o concedidos outros direitos de alcance.<\/span><span data-ccp-props=\"{&quot;201341983&quot;:0,&quot;335551550&quot;:6,&quot;335551620&quot;:6,&quot;335559739&quot;:120,&quot;335559740&quot;:240}\">\u00a0<\/span><\/p>\n<\/p>\n\t<\/div>\n<\/section>\n\n<section id=\"txt-header\">\n\t<div class=\"container block-text-header\">\n\t\t<h3>2. Direitos de propriedade intelectual <\/h3>\n\t\t<h2><\/h2>\n\t\t<p><p><span class=\"TextRun SCXW205518629 BCX0\" lang=\"EN-US\" xml:lang=\"EN-US\" data-contrast=\"auto\"><span class=\"NormalTextRun SCXW205518629 BCX0\">Salvo indica\u00e7\u00e3o ou declara\u00e7\u00e3o em contr\u00e1rio, todos os textos, programas de software dispon\u00edveis neste ou atrav\u00e9s deste Website e outros conte\u00fados inclu\u00eddos neste Website (\u201cConte\u00fado\u201d), incluindo marcas comerciais (registadas e n\u00e3o registadas), gr\u00e1ficos, fotografias, imagens, log\u00f3tipos e marcas de servi\u00e7o (coletivamente, as \u201cMarcas\u201d) e a sele\u00e7\u00e3o, organiza\u00e7\u00e3o e \u201caspeto\u201d das Marcas e outros Conte\u00fados s\u00e3o propriedade de <\/span><span class=\"NormalTextRun SCXW205518629 BCX0\">FUJIFILM<\/span><span class=\"NormalTextRun SCXW205518629 BCX0\"> ou a propriedade de terceiros que tenham concedido <\/span><span class=\"NormalTextRun SCXW205518629 BCX0\">FUJIFILM<\/span><span class=\"NormalTextRun SCXW205518629 BCX0\"> permiss\u00e3o para utilizar esse Conte\u00fado neste S\u00edtio Web. Todo o Conte\u00fado est\u00e1 protegido por leis internacionais de direitos de autor e marcas registadas.<\/span><\/span><span class=\"EOP SCXW205518629 BCX0\" data-ccp-props=\"{&quot;201341983&quot;:0,&quot;335551550&quot;:6,&quot;335551620&quot;:6,&quot;335559739&quot;:120,&quot;335559740&quot;:240}\">\u00a0<\/span><\/p>\n<\/p>\n\t<\/div>\n<\/section>\n\n<section id=\"txt-header\">\n\t<div class=\"container block-text-header\">\n\t\t<h3>3. Restri\u00e7\u00f5es \u00e0 utiliza\u00e7\u00e3o do conte\u00fado deste s\u00edtio Web <\/h3>\n\t\t<h2><\/h2>\n\t\t<p><p><span class=\"TextRun SCXW249219407 BCX0\" lang=\"EN-US\" xml:lang=\"EN-US\" data-contrast=\"auto\"><span class=\"NormalTextRun SCXW249219407 BCX0\">Exceto nos casos expressamente permitidos pela legisla\u00e7\u00e3o aplic\u00e1vel ou conforme permitido no presente documento ou em qualquer outra parte deste s\u00edtio Web, ou mediante a obten\u00e7\u00e3o de autoriza\u00e7\u00e3o pr\u00e9via por escrito da <\/span><span class=\"NormalTextRun SCXW249219407 BCX0\">FUJIFILM<\/span><span class=\"NormalTextRun SCXW249219407 BCX0\">, ou qualquer terceiro que tenha o poder, autoridade, t\u00edtulos ou interesses necess\u00e1rios para conceder essa autoriza\u00e7\u00e3o legal, o utilizador est\u00e1 proibido de modificar, copiar, transferir, distribuir, transmitir, exibir, publicar, vender, licenciar, criar trabalhos derivados ou utilizar de qualquer outra forma quaisquer Marcas ou outros Conte\u00fados dispon\u00edveis no ou atrav\u00e9s deste Website para fins comerciais ou p\u00fablicos, incluindo, mas n\u00e3o se limitando a, utiliza\u00e7\u00e3o como meta tags noutras p\u00e1ginas ou websites na World Wide Web. Nada em <\/span><span class=\"NormalTextRun SCXW249219407 BCX0\">estes<\/span><span class=\"NormalTextRun SCXW249219407 BCX0\"> Termos e Condi\u00e7\u00f5es confere ao utilizador quaisquer direitos sobre as Marcas ou outros Conte\u00fados que n\u00e3o sejam especificamente mencionados neste documento.<\/span><\/span><span class=\"EOP SCXW249219407 BCX0\" data-ccp-props=\"{&quot;201341983&quot;:0,&quot;335551550&quot;:6,&quot;335551620&quot;:6,&quot;335559739&quot;:120,&quot;335559740&quot;:240}\">\u00a0<\/span><\/p>\n<\/p>\n\t<\/div>\n<\/section>\n\n<section id=\"txt-header\">\n\t<div class=\"container block-text-header\">\n\t\t<h3>4. Conte\u00fado de terceiros<\/h3>\n\t\t<h2><\/h2>\n\t\t<p><p><span class=\"TextRun SCXW29437703 BCX0\" lang=\"EN-US\" xml:lang=\"EN-US\" data-contrast=\"auto\"><span class=\"NormalTextRun SCXW29437703 BCX0\">Este s\u00edtio Web pode conter liga\u00e7\u00f5es para s\u00edtios Web e conte\u00fados de terceiros (\u201cConte\u00fados de Terceiros\u201d) como um servi\u00e7o para o utilizador. Os conte\u00fados de terceiros ou os s\u00edtios Web de terceiros acess\u00edveis atrav\u00e9s das liga\u00e7\u00f5es contidas no s\u00edtio Web s\u00e3o informa\u00e7\u00f5es externas. <\/span><span class=\"NormalTextRun SCXW29437703 BCX0\">FUJIFILM<\/span><span class=\"NormalTextRun SCXW29437703 BCX0\"> n\u00e3o monitoriza, rev\u00ea ou actualiza, e n\u00e3o tem qualquer controlo sobre, qualquer Conte\u00fado de Terceiros ou websites de terceiros. Salvo indica\u00e7\u00e3o expressa em contr\u00e1rio, <\/span><span class=\"NormalTextRun SCXW29437703 BCX0\">FUJIFILM<\/span><span class=\"NormalTextRun SCXW29437703 BCX0\"> n\u00e3o endossa ou adopta qualquer Conte\u00fado de Terceiros, e <\/span><span class=\"NormalTextRun SCXW29437703 BCX0\">FUJIFILM<\/span><span class=\"NormalTextRun SCXW29437703 BCX0\"> n\u00e3o faz qualquer representa\u00e7\u00e3o, garantia ou cau\u00e7\u00e3o quanto \u00e0 exatid\u00e3o, integridade, atualidade ou fiabilidade de qualquer Conte\u00fado de Terceiros. Se o utilizador utilizar estas liga\u00e7\u00f5es e o Conte\u00fado de Terceiros, f\u00e1-lo-\u00e1 inteiramente por sua conta e risco. Al\u00e9m disso, a refer\u00eancia a quaisquer produtos, servi\u00e7os, processos ou outras informa\u00e7\u00f5es por nome comercial, marca registada, fabricante, fornecedor ou outro n\u00e3o constitui nem implica qualquer endosso, patroc\u00ednio ou recomenda\u00e7\u00e3o por parte de <\/span><span class=\"NormalTextRun SCXW29437703 BCX0\">FUJIFILM<\/span><span class=\"NormalTextRun SCXW29437703 BCX0\">.<\/span><\/span><span class=\"EOP SCXW29437703 BCX0\" data-ccp-props=\"{&quot;201341983&quot;:0,&quot;335551550&quot;:6,&quot;335551620&quot;:6,&quot;335559739&quot;:120,&quot;335559740&quot;:240}\">\u00a0<\/span><\/p>\n<\/p>\n\t<\/div>\n<\/section>\n\n<section id=\"txt-header\">\n\t<div class=\"container block-text-header\">\n\t\t<h3>5. Actualiza\u00e7\u00f5es e revis\u00f5es<\/h3>\n\t\t<h2><\/h2>\n\t\t<p><p><span class=\"TextRun SCXW41304652 BCX0\" lang=\"EN-US\" xml:lang=\"EN-US\" data-contrast=\"auto\"><span class=\"NormalTextRun SCXW41304652 BCX0\">O conte\u00fado deste s\u00edtio Web \u00e9 fornecido por <\/span><span class=\"NormalTextRun SCXW41304652 BCX0\">FUJIFILM<\/span><span class=\"NormalTextRun SCXW41304652 BCX0\"> como uma conveni\u00eancia para o utilizador e est\u00e1 sujeita a altera\u00e7\u00f5es sem aviso pr\u00e9vio. <\/span><span class=\"NormalTextRun SCXW41304652 BCX0\">FUJIFILM<\/span><span class=\"NormalTextRun SCXW41304652 BCX0\"> pode, a qualquer momento e de tempos a tempos, rever e atualizar as Condi\u00e7\u00f5es<\/span><span class=\"NormalTextRun SCXW41304652 BCX0\"> e Condi\u00e7\u00f5es e o Conte\u00fado. <\/span><span class=\"NormalTextRun SCXW41304652 BCX0\">Recomendamos que visite periodicamente esta p\u00e1gina para rever e se familiarizar com todos os termos e condi\u00e7\u00f5es actuais e que reveja este Web site em geral para se familiarizar com quaisquer actualiza\u00e7\u00f5es e revis\u00f5es.<\/span><\/span><span class=\"EOP SCXW41304652 BCX0\" data-ccp-props=\"{&quot;201341983&quot;:0,&quot;335551550&quot;:6,&quot;335551620&quot;:6,&quot;335559739&quot;:120,&quot;335559740&quot;:240}\">\u00a0<\/span><\/p>\n<\/p>\n\t<\/div>\n<\/section>\n\n<section id=\"txt-header\">\n\t<div class=\"container block-text-header\">\n\t\t<h3>6. Sem garantias<\/h3>\n\t\t<h2><\/h2>\n\t\t<p><p><span class=\"TextRun SCXW233883867 BCX0\" lang=\"EN-US\" xml:lang=\"EN-US\" data-contrast=\"auto\"><span class=\"NormalTextRun SCXW233883867 BCX0\">Este s\u00edtio Web, o seu conte\u00fado e os seus servi\u00e7os s\u00e3o fornecidos \u201ctal como est\u00e3o\u201d, sem qualquer tipo de garantia, expressa ou impl\u00edcita. <\/span><span class=\"NormalTextRun SCXW233883867 BCX0\">FUJIFILM<\/span><span class=\"NormalTextRun SCXW233883867 BCX0\"> renuncia a todas as garantias, incluindo, mas n\u00e3o se limitando a, garantias impl\u00edcitas de comercializa\u00e7\u00e3o e adequa\u00e7\u00e3o a uma <\/span><span class=\"NormalTextRun SCXW233883867 BCX0\">objetivo espec\u00edfico, <\/span><span class=\"NormalTextRun SCXW233883867 BCX0\">conte\u00fado informativo, integra\u00e7\u00e3o do sistema ou exatid\u00e3o.<\/span><\/span><span class=\"EOP SCXW233883867 BCX0\" data-ccp-props=\"{&quot;201341983&quot;:0,&quot;335551550&quot;:6,&quot;335551620&quot;:6,&quot;335559739&quot;:120,&quot;335559740&quot;:240}\">\u00a0<\/span><\/p>\n<\/p>\n\t<\/div>\n<\/section>\n\n<section id=\"txt-header\">\n\t<div class=\"container block-text-header\">\n\t\t<h3>7. Contacto <\/h3>\n\t\t<h2><\/h2>\n\t\t<p><p><span class=\"TextRun SCXW190873264 BCX0\" lang=\"EN-US\" xml:lang=\"EN-US\" data-contrast=\"auto\"><span class=\"NormalTextRun SCXW190873264 BCX0\">Os nossos dados de contacto encontram-se na rubrica S\u00edtio Web<\/span><span class=\"NormalTextRun SCXW190873264 BCX0\">.<\/span><\/span><span class=\"EOP SCXW190873264 BCX0\" data-ccp-props=\"{&quot;201341983&quot;:0,&quot;335551550&quot;:6,&quot;335551620&quot;:6,&quot;335559739&quot;:120,&quot;335559740&quot;:240}\">\u00a0<\/span><\/p>\n<\/p>\n\t<\/div>\n<\/section>","protected":false},"excerpt":{"rendered":"","protected":false},"author":1,"featured_media":0,"parent":0,"menu_order":0,"comment_status":"closed","ping_status":"closed","template":"","meta":{"inline_featured_image":false,"footnotes":""},"class_list":["post-21159","page","type-page","status-publish","hentry"],"acf":[],"yoast_head":"<!-- This site is optimized with the Yoast SEO plugin v22.0 - https:\/\/yoast.com\/wordpress\/plugins\/seo\/ -->\n<title>Terms of Use - Fujifilm Print EMEA<\/title>\n<meta name=\"robots\" content=\"index, follow, max-snippet:-1, max-image-preview:large, max-video-preview:-1\" \/>\n<link rel=\"canonical\" href=\"https:\/\/5upercolour.com\/pt-pt\/terms-of-use\/\" \/>\n<meta property=\"og:locale\" content=\"pt_PT\" \/>\n<meta property=\"og:type\" content=\"article\" \/>\n<meta property=\"og:title\" content=\"Terms of Use - Fujifilm Print EMEA\" \/>\n<meta property=\"og:url\" content=\"https:\/\/5upercolour.com\/pt-pt\/terms-of-use\/\" \/>\n<meta property=\"og:site_name\" content=\"Fujifilm Print EMEA\" \/>\n<meta property=\"article:modified_time\" content=\"2026-02-17T14:25:38+00:00\" \/>\n<meta name=\"twitter:card\" content=\"summary_large_image\" \/>\n<script type=\"application\/ld+json\" class=\"yoast-schema-graph\">{\"@context\":\"https:\/\/schema.org\",\"@graph\":[{\"@type\":\"WebPage\",\"@id\":\"https:\/\/5upercolour.com\/terms-of-use\/\",\"url\":\"https:\/\/5upercolour.com\/terms-of-use\/\",\"name\":\"Terms of Use - Fujifilm Print EMEA\",\"isPartOf\":{\"@id\":\"https:\/\/5upercolour.com\/#website\"},\"datePublished\":\"2026-02-17T14:25:37+00:00\",\"dateModified\":\"2026-02-17T14:25:38+00:00\",\"breadcrumb\":{\"@id\":\"https:\/\/5upercolour.com\/terms-of-use\/#breadcrumb\"},\"inLanguage\":\"pt-PT\",\"potentialAction\":[{\"@type\":\"ReadAction\",\"target\":[\"https:\/\/5upercolour.com\/terms-of-use\/\"]}]},{\"@type\":\"BreadcrumbList\",\"@id\":\"https:\/\/5upercolour.com\/terms-of-use\/#breadcrumb\",\"itemListElement\":[{\"@type\":\"ListItem\",\"position\":1,\"name\":\"Home\",\"item\":\"https:\/\/5upercolour.com\/\"},{\"@type\":\"ListItem\",\"position\":2,\"name\":\"Terms of Use\"}]},{\"@type\":\"WebSite\",\"@id\":\"https:\/\/5upercolour.com\/#website\",\"url\":\"https:\/\/5upercolour.com\/\",\"name\":\"Fujifilm Print EMEA\",\"description\":\"\",\"publisher\":{\"@id\":\"https:\/\/5upercolour.com\/#organization\"},\"potentialAction\":[{\"@type\":\"SearchAction\",\"target\":{\"@type\":\"EntryPoint\",\"urlTemplate\":\"https:\/\/5upercolour.com\/?s={search_term_string}\"},\"query-input\":\"required name=search_term_string\"}],\"inLanguage\":\"pt-PT\"},{\"@type\":\"Organization\",\"@id\":\"https:\/\/5upercolour.com\/#organization\",\"name\":\"Fujifilm Print EMEA\",\"url\":\"https:\/\/5upercolour.com\/\",\"logo\":{\"@type\":\"ImageObject\",\"inLanguage\":\"pt-PT\",\"@id\":\"https:\/\/5upercolour.com\/#\/schema\/logo\/image\/\",\"url\":\"https:\/\/5upercolour.com\/wp-content\/uploads\/2025\/06\/fujifilm-1.png\",\"contentUrl\":\"https:\/\/5upercolour.com\/wp-content\/uploads\/2025\/06\/fujifilm-1.png\",\"width\":416,\"height\":70,\"caption\":\"Fujifilm Print EMEA\"},\"image\":{\"@id\":\"https:\/\/5upercolour.com\/#\/schema\/logo\/image\/\"}}]}<\/script>\n<!-- \/ Yoast SEO plugin. -->","yoast_head_json":{"title":"Termos de utiliza\u00e7\u00e3o - Fujifilm Print EMEA","robots":{"index":"index","follow":"follow","max-snippet":"max-snippet:-1","max-image-preview":"max-image-preview:large","max-video-preview":"max-video-preview:-1"},"canonical":"https:\/\/5upercolour.com\/pt-pt\/terms-of-use\/","og_locale":"pt_PT","og_type":"article","og_title":"Terms of Use - Fujifilm Print EMEA","og_url":"https:\/\/5upercolour.com\/pt-pt\/terms-of-use\/","og_site_name":"Fujifilm Print EMEA","article_modified_time":"2026-02-17T14:25:38+00:00","twitter_card":"summary_large_image","schema":{"@context":"https:\/\/schema.org","@graph":[{"@type":"WebPage","@id":"https:\/\/5upercolour.com\/terms-of-use\/","url":"https:\/\/5upercolour.com\/terms-of-use\/","name":"Termos de utiliza\u00e7\u00e3o - Fujifilm Print EMEA","isPartOf":{"@id":"https:\/\/5upercolour.com\/#website"},"datePublished":"2026-02-17T14:25:37+00:00","dateModified":"2026-02-17T14:25:38+00:00","breadcrumb":{"@id":"https:\/\/5upercolour.com\/terms-of-use\/#breadcrumb"},"inLanguage":"pt-PT","potentialAction":[{"@type":"ReadAction","target":["https:\/\/5upercolour.com\/terms-of-use\/"]}]},{"@type":"BreadcrumbList","@id":"https:\/\/5upercolour.com\/terms-of-use\/#breadcrumb","itemListElement":[{"@type":"ListItem","position":1,"name":"Home","item":"https:\/\/5upercolour.com\/"},{"@type":"ListItem","position":2,"name":"Terms of Use"}]},{"@type":"WebSite","@id":"https:\/\/5upercolour.com\/#website","url":"https:\/\/5upercolour.com\/","name":"Fujifilm Print EMEA","description":"","publisher":{"@id":"https:\/\/5upercolour.com\/#organization"},"potentialAction":[{"@type":"SearchAction","target":{"@type":"EntryPoint","urlTemplate":"https:\/\/5upercolour.com\/?s={search_term_string}"},"query-input":"required name=search_term_string"}],"inLanguage":"pt-PT"},{"@type":"Organization","@id":"https:\/\/5upercolour.com\/#organization","name":"Fujifilm Print EMEA","url":"https:\/\/5upercolour.com\/","logo":{"@type":"ImageObject","inLanguage":"pt-PT","@id":"https:\/\/5upercolour.com\/#\/schema\/logo\/image\/","url":"https:\/\/5upercolour.com\/wp-content\/uploads\/2025\/06\/fujifilm-1.png","contentUrl":"https:\/\/5upercolour.com\/wp-content\/uploads\/2025\/06\/fujifilm-1.png","width":416,"height":70,"caption":"Fujifilm Print EMEA"},"image":{"@id":"https:\/\/5upercolour.com\/#\/schema\/logo\/image\/"}}]}},"_links":{"self":[{"href":"https:\/\/5upercolour.com\/pt-pt\/wp-json\/wp\/v2\/pages\/21159","targetHints":{"allow":["GET"]}}],"collection":[{"href":"https:\/\/5upercolour.com\/pt-pt\/wp-json\/wp\/v2\/pages"}],"about":[{"href":"https:\/\/5upercolour.com\/pt-pt\/wp-json\/wp\/v2\/types\/page"}],"author":[{"embeddable":true,"href":"https:\/\/5upercolour.com\/pt-pt\/wp-json\/wp\/v2\/users\/1"}],"replies":[{"embeddable":true,"href":"https:\/\/5upercolour.com\/pt-pt\/wp-json\/wp\/v2\/comments?post=21159"}],"version-history":[{"count":1,"href":"https:\/\/5upercolour.com\/pt-pt\/wp-json\/wp\/v2\/pages\/21159\/revisions"}],"predecessor-version":[{"id":21160,"href":"https:\/\/5upercolour.com\/pt-pt\/wp-json\/wp\/v2\/pages\/21159\/revisions\/21160"}],"wp:attachment":[{"href":"https:\/\/5upercolour.com\/pt-pt\/wp-json\/wp\/v2\/media?parent=21159"}],"curies":[{"name":"wp","href":"https:\/\/api.w.org\/{rel}","templated":true}]}}