{"id":20632,"date":"2026-01-06T17:16:04","date_gmt":"2026-01-06T16:16:04","guid":{"rendered":"https:\/\/5upercolour.com\/?page_id=20632"},"modified":"2026-02-17T16:00:11","modified_gmt":"2026-02-17T15:00:11","slug":"imprint","status":"publish","type":"page","link":"https:\/\/5upercolour.com\/pt-pt\/imprint\/","title":{"rendered":"Imprimir"},"content":{"rendered":"<section id=\"green-header\">\n\t<div class=\"container-fluid green-pt\" >\n\t\t\t<div class=\"container\">\n\t\t\t<h2 >\n\t\t\t\tImprimir\t\t\t<\/h2>\n\t\t\t<h3 >\n\t\t\t\t\t\t\t<\/h3>\n\t\t<\/div>\n\t\t<\/div>\n<\/section>\n\n<div style=\"height:80px;\">\n<\/div>\n\n\n<figure class=\"wp-block-table aligncenter is-style-stripes\"><table class=\"has-fixed-layout\"><tbody><tr><td>Endere\u00e7o:<\/td><td>FUJIFILM Europe GmbH<br>Balcke-D\u00fcrr-Allee 6<br>40882 Ratingen<br>Alemanha<\/td><\/tr><tr><td>Telefone:<\/td><td>&nbsp;+49 2102 5364 0<\/td><\/tr><tr><td>Diretor-geral:<\/td><td>Masataka Akiyama, Peter Struik<\/td><\/tr><tr><td>Sede social:<\/td><td>Ratingen, Alemanha<\/td><\/tr><tr><td>Tribunal de registo:<\/td><td>Tribunal de Justi\u00e7a de Duesseldorf, HRB, 10639<\/td><\/tr><tr><td>N\u00famero de identifica\u00e7\u00e3o para efeitos de IVA:<\/td><td>DE 119264068<\/td><\/tr><tr><td>N\u00famero de registo WEEE:<\/td><td>DE 69891307<\/td><\/tr><\/tbody><\/table><\/figure>\n\n\n<section id=\"txt-header\">\n\t<div class=\"container block-text-header\">\n\t\t<h3><\/h3>\n\t\t<h2><\/h2>\n\t\t<p><p>As perguntas ou observa\u00e7\u00f5es podem ser dirigidas ao Fujifilm para\u00a0<a href=\"mailto:webmaster_feg@fujifilm.com\">webmaster_feg@fujifilm.com<\/a><\/p>\n<\/p>\n\t<\/div>\n<\/section>\n\n<div style=\"height:80px;\">\n<\/div>","protected":false},"excerpt":{"rendered":"<p>Address: FUJIFILM Europe GmbHBalcke-D\u00fcrr-Allee 640882 RatingenDeutschland Telephone: &nbsp;+49 2102 5364 0 Managing Director: Masataka Akiyama, Peter Struik Headquarters: Ratingen, Deutschland Registry court: Amtsgericht Duesseldorf, HRB, 10639 VAT identification number: DE 119264068 WEEE registration number: DE 69891307<\/p>","protected":false},"author":1,"featured_media":0,"parent":0,"menu_order":0,"comment_status":"closed","ping_status":"closed","template":"","meta":{"inline_featured_image":false,"footnotes":""},"class_list":["post-20632","page","type-page","status-publish","hentry"],"acf":[],"yoast_head":"<!-- This site is optimized with the Yoast SEO plugin v22.0 - https:\/\/yoast.com\/wordpress\/plugins\/seo\/ -->\n<title>Imprint - Fujifilm Print EMEA<\/title>\n<meta name=\"robots\" content=\"index, follow, max-snippet:-1, max-image-preview:large, max-video-preview:-1\" \/>\n<link rel=\"canonical\" href=\"https:\/\/5upercolour.com\/pt-pt\/imprint\/\" \/>\n<meta property=\"og:locale\" content=\"pt_PT\" \/>\n<meta property=\"og:type\" content=\"article\" \/>\n<meta property=\"og:title\" content=\"Imprint - Fujifilm Print EMEA\" \/>\n<meta property=\"og:description\" content=\"Address: FUJIFILM Europe GmbHBalcke-D\u00fcrr-Allee 640882 RatingenDeutschland Telephone: &nbsp;+49 2102 5364 0 Managing Director: Masataka Akiyama, Peter Struik Headquarters: Ratingen, Deutschland Registry court: Amtsgericht Duesseldorf, HRB, 10639 VAT identification number: DE 119264068 WEEE registration number: DE 69891307\" \/>\n<meta property=\"og:url\" content=\"https:\/\/5upercolour.com\/pt-pt\/imprint\/\" \/>\n<meta property=\"og:site_name\" content=\"Fujifilm Print EMEA\" \/>\n<meta property=\"article:modified_time\" content=\"2026-02-17T15:00:11+00:00\" \/>\n<meta name=\"twitter:card\" content=\"summary_large_image\" \/>\n<meta name=\"twitter:label1\" content=\"Tempo estimado de leitura\" \/>\n\t<meta name=\"twitter:data1\" content=\"1 minuto\" \/>\n<script type=\"application\/ld+json\" class=\"yoast-schema-graph\">{\"@context\":\"https:\/\/schema.org\",\"@graph\":[{\"@type\":\"WebPage\",\"@id\":\"https:\/\/5upercolour.com\/imprint\/\",\"url\":\"https:\/\/5upercolour.com\/imprint\/\",\"name\":\"Imprint - Fujifilm Print EMEA\",\"isPartOf\":{\"@id\":\"https:\/\/5upercolour.com\/#website\"},\"datePublished\":\"2026-01-06T16:16:04+00:00\",\"dateModified\":\"2026-02-17T15:00:11+00:00\",\"breadcrumb\":{\"@id\":\"https:\/\/5upercolour.com\/imprint\/#breadcrumb\"},\"inLanguage\":\"pt-PT\",\"potentialAction\":[{\"@type\":\"ReadAction\",\"target\":[\"https:\/\/5upercolour.com\/imprint\/\"]}]},{\"@type\":\"BreadcrumbList\",\"@id\":\"https:\/\/5upercolour.com\/imprint\/#breadcrumb\",\"itemListElement\":[{\"@type\":\"ListItem\",\"position\":1,\"name\":\"Home\",\"item\":\"https:\/\/5upercolour.com\/\"},{\"@type\":\"ListItem\",\"position\":2,\"name\":\"Imprint\"}]},{\"@type\":\"WebSite\",\"@id\":\"https:\/\/5upercolour.com\/#website\",\"url\":\"https:\/\/5upercolour.com\/\",\"name\":\"Fujifilm Print EMEA\",\"description\":\"\",\"publisher\":{\"@id\":\"https:\/\/5upercolour.com\/#organization\"},\"potentialAction\":[{\"@type\":\"SearchAction\",\"target\":{\"@type\":\"EntryPoint\",\"urlTemplate\":\"https:\/\/5upercolour.com\/?s={search_term_string}\"},\"query-input\":\"required name=search_term_string\"}],\"inLanguage\":\"pt-PT\"},{\"@type\":\"Organization\",\"@id\":\"https:\/\/5upercolour.com\/#organization\",\"name\":\"Fujifilm Print EMEA\",\"url\":\"https:\/\/5upercolour.com\/\",\"logo\":{\"@type\":\"ImageObject\",\"inLanguage\":\"pt-PT\",\"@id\":\"https:\/\/5upercolour.com\/#\/schema\/logo\/image\/\",\"url\":\"https:\/\/5upercolour.com\/wp-content\/uploads\/2025\/06\/fujifilm-1.png\",\"contentUrl\":\"https:\/\/5upercolour.com\/wp-content\/uploads\/2025\/06\/fujifilm-1.png\",\"width\":416,\"height\":70,\"caption\":\"Fujifilm Print EMEA\"},\"image\":{\"@id\":\"https:\/\/5upercolour.com\/#\/schema\/logo\/image\/\"}}]}<\/script>\n<!-- \/ Yoast SEO plugin. -->","yoast_head_json":{"title":"Impress\u00e3o - Fujifilm Print EMEA","robots":{"index":"index","follow":"follow","max-snippet":"max-snippet:-1","max-image-preview":"max-image-preview:large","max-video-preview":"max-video-preview:-1"},"canonical":"https:\/\/5upercolour.com\/pt-pt\/imprint\/","og_locale":"pt_PT","og_type":"article","og_title":"Imprint - Fujifilm Print EMEA","og_description":"Address: FUJIFILM Europe GmbHBalcke-D\u00fcrr-Allee 640882 RatingenDeutschland Telephone: &nbsp;+49 2102 5364 0 Managing Director: Masataka Akiyama, Peter Struik Headquarters: Ratingen, Deutschland Registry court: Amtsgericht Duesseldorf, HRB, 10639 VAT identification number: DE 119264068 WEEE registration number: DE 69891307","og_url":"https:\/\/5upercolour.com\/pt-pt\/imprint\/","og_site_name":"Fujifilm Print EMEA","article_modified_time":"2026-02-17T15:00:11+00:00","twitter_card":"summary_large_image","twitter_misc":{"Tempo estimado de leitura":"1 minuto"},"schema":{"@context":"https:\/\/schema.org","@graph":[{"@type":"WebPage","@id":"https:\/\/5upercolour.com\/imprint\/","url":"https:\/\/5upercolour.com\/imprint\/","name":"Impress\u00e3o - Fujifilm Print EMEA","isPartOf":{"@id":"https:\/\/5upercolour.com\/#website"},"datePublished":"2026-01-06T16:16:04+00:00","dateModified":"2026-02-17T15:00:11+00:00","breadcrumb":{"@id":"https:\/\/5upercolour.com\/imprint\/#breadcrumb"},"inLanguage":"pt-PT","potentialAction":[{"@type":"ReadAction","target":["https:\/\/5upercolour.com\/imprint\/"]}]},{"@type":"BreadcrumbList","@id":"https:\/\/5upercolour.com\/imprint\/#breadcrumb","itemListElement":[{"@type":"ListItem","position":1,"name":"Home","item":"https:\/\/5upercolour.com\/"},{"@type":"ListItem","position":2,"name":"Imprint"}]},{"@type":"WebSite","@id":"https:\/\/5upercolour.com\/#website","url":"https:\/\/5upercolour.com\/","name":"Fujifilm Print EMEA","description":"","publisher":{"@id":"https:\/\/5upercolour.com\/#organization"},"potentialAction":[{"@type":"SearchAction","target":{"@type":"EntryPoint","urlTemplate":"https:\/\/5upercolour.com\/?s={search_term_string}"},"query-input":"required name=search_term_string"}],"inLanguage":"pt-PT"},{"@type":"Organization","@id":"https:\/\/5upercolour.com\/#organization","name":"Fujifilm Print EMEA","url":"https:\/\/5upercolour.com\/","logo":{"@type":"ImageObject","inLanguage":"pt-PT","@id":"https:\/\/5upercolour.com\/#\/schema\/logo\/image\/","url":"https:\/\/5upercolour.com\/wp-content\/uploads\/2025\/06\/fujifilm-1.png","contentUrl":"https:\/\/5upercolour.com\/wp-content\/uploads\/2025\/06\/fujifilm-1.png","width":416,"height":70,"caption":"Fujifilm Print EMEA"},"image":{"@id":"https:\/\/5upercolour.com\/#\/schema\/logo\/image\/"}}]}},"_links":{"self":[{"href":"https:\/\/5upercolour.com\/pt-pt\/wp-json\/wp\/v2\/pages\/20632","targetHints":{"allow":["GET"]}}],"collection":[{"href":"https:\/\/5upercolour.com\/pt-pt\/wp-json\/wp\/v2\/pages"}],"about":[{"href":"https:\/\/5upercolour.com\/pt-pt\/wp-json\/wp\/v2\/types\/page"}],"author":[{"embeddable":true,"href":"https:\/\/5upercolour.com\/pt-pt\/wp-json\/wp\/v2\/users\/1"}],"replies":[{"embeddable":true,"href":"https:\/\/5upercolour.com\/pt-pt\/wp-json\/wp\/v2\/comments?post=20632"}],"version-history":[{"count":3,"href":"https:\/\/5upercolour.com\/pt-pt\/wp-json\/wp\/v2\/pages\/20632\/revisions"}],"predecessor-version":[{"id":21158,"href":"https:\/\/5upercolour.com\/pt-pt\/wp-json\/wp\/v2\/pages\/20632\/revisions\/21158"}],"wp:attachment":[{"href":"https:\/\/5upercolour.com\/pt-pt\/wp-json\/wp\/v2\/media?parent=20632"}],"curies":[{"name":"wp","href":"https:\/\/api.w.org\/{rel}","templated":true}]}}