{"id":21159,"date":"2026-02-17T15:25:37","date_gmt":"2026-02-17T14:25:37","guid":{"rendered":"https:\/\/5upercolour.com\/?page_id=21159"},"modified":"2026-02-17T15:25:38","modified_gmt":"2026-02-17T14:25:38","slug":"terms-of-use","status":"publish","type":"page","link":"https:\/\/5upercolour.com\/pl\/terms-of-use\/","title":{"rendered":"Warunki korzystania"},"content":{"rendered":"<section id=\"txt-header\">\n\t<div class=\"container block-text-header\">\n\t\t<h3><\/h3>\n\t\t<h2>Polityka prywatno\u015bci<\/h2>\n\t\t<p><p><span data-contrast=\"auto\">Dzi\u0119kujemy za odwiedzenie tej strony internetowej. Niniejsza strona internetowa, w tym wszystkie strony w j\u0119zyku lokalnym dla danego kraju i wszystkie inne strony, jest w\u0142asno\u015bci\u0105 FUJIFILM Europe i jest utrzymywana i udost\u0119pniana publicznie wy\u0142\u0105cznie przez FUJIFILM w celu zaoferowania osobom zainteresowanym FUJIFILM Corporation w Europie oraz produktami i us\u0142ugami FUJIFILM wygodnego sposobu na znalezienie odpowiednich informacji, takich jak najnowsze komunikaty prasowe, informacje finansowe, oferta produkt\u00f3w, lokalne dane kontaktowe i strony internetowe nale\u017c\u0105ce do sp\u00f3\u0142ek zale\u017cnych FUJIFILM lub jej dystrybutor\u00f3w.<\/span><span data-ccp-props=\"{&quot;201341983&quot;:0,&quot;335551550&quot;:6,&quot;335551620&quot;:6,&quot;335559739&quot;:120,&quot;335559740&quot;:240}\">\u00a0<\/span><\/p>\n<p><span data-contrast=\"auto\">Dost\u0119p, przegl\u0105danie i korzystanie z tej Witryny podlega nast\u0119puj\u0105cym Warunkom i wszelkim innym warunkom, postanowieniom lub wytycznym okre\u015blonym w innym miejscu tej Witryny, a tak\u017ce wszelkim obowi\u0105zuj\u0105cym przepisom prawa, zasadom i regulacjom, w tym mi\u0119dzy innymi przepisom dotycz\u0105cym znak\u00f3w towarowych, praw autorskich, prawa do prywatno\u015bci i znies\u0142awienia.<\/span><span data-ccp-props=\"{&quot;201341983&quot;:0,&quot;335551550&quot;:6,&quot;335551620&quot;:6,&quot;335559739&quot;:120,&quot;335559740&quot;:240}\">\u00a0<\/span><\/p>\n<p><span data-contrast=\"auto\">W zwi\u0105zku z tym FUJIFILM uprzejmie prosi o uwa\u017cne zapoznanie si\u0119 z Regulaminem.<\/span><span data-ccp-props=\"{&quot;201341983&quot;:0,&quot;335551550&quot;:6,&quot;335551620&quot;:6,&quot;335559739&quot;:120,&quot;335559740&quot;:240}\">\u00a0<\/span><\/p>\n<\/p>\n\t<\/div>\n<\/section>\n\n<section id=\"txt-header\">\n\t<div class=\"container block-text-header\">\n\t\t<h3>1. Korzystanie z niniejszej Witryny <\/h3>\n\t\t<h2><\/h2>\n\t\t<p><p><span data-contrast=\"auto\">Niniejszy Regulamin ma zastosowanie do niniejszej Witryny oraz wszelkich innych witryn internetowych, kt\u00f3re zawieraj\u0105 \u0142\u0105cza do niniejszego Regulaminu. U\u017cytkownik mo\u017ce znale\u017a\u0107 dodatkowe warunki odnosz\u0105ce si\u0119 do okre\u015blonych stron w tej Witrynie. Korzystanie z takich stron w ramach niniejszej Witryny podlega warunkom i postanowieniom tych stron. W przypadku jakichkolwiek sprzeczno\u015bci mi\u0119dzy Warunkami i Postanowieniami zawartymi w niniejszym dokumencie a dodatkowymi warunkami i postanowieniami zawartymi w innym miejscu niniejszej Witryny, pierwsze\u0144stwo maj\u0105 dodatkowe warunki i postanowienia.<\/span><span data-ccp-props=\"{&quot;201341983&quot;:0,&quot;335551550&quot;:6,&quot;335551620&quot;:6,&quot;335559739&quot;:120,&quot;335559740&quot;:240}\">\u00a0<\/span><\/p>\n<p><span data-contrast=\"auto\">Z zastrze\u017ceniem niniejszych Warunk\u00f3w, FUJIFILM niniejszym udziela u\u017cytkownikowi, w ramach praw w\u0142asno\u015bci intelektualnej FUJIFILM, niewy\u0142\u0105cznego, og\u00f3lno\u015bwiatowego, niezbywalnego prawa do korzystania z niniejszej strony internetowej i zawartych na niej tre\u015bci wy\u0142\u0105cznie do osobistego, niekomercyjnego u\u017cytku, z zastrze\u017ceniem ogranicze\u0144 i zobowi\u0105za\u0144 okre\u015blonych w niniejszych Warunkach. Dalsze prawa dost\u0119pu nie s\u0105 przyznawane.<\/span><span data-ccp-props=\"{&quot;201341983&quot;:0,&quot;335551550&quot;:6,&quot;335551620&quot;:6,&quot;335559739&quot;:120,&quot;335559740&quot;:240}\">\u00a0<\/span><\/p>\n<\/p>\n\t<\/div>\n<\/section>\n\n<section id=\"txt-header\">\n\t<div class=\"container block-text-header\">\n\t\t<h3>2. Prawa w\u0142asno\u015bci intelektualnej <\/h3>\n\t\t<h2><\/h2>\n\t\t<p><p><span class=\"TextRun SCXW205518629 BCX0\" lang=\"EN-US\" xml:lang=\"EN-US\" data-contrast=\"auto\"><span class=\"NormalTextRun SCXW205518629 BCX0\">O ile nie okre\u015blono lub nie wskazano inaczej, ca\u0142y tekst, oprogramowanie dost\u0119pne w tej Witrynie lub za jej po\u015brednictwem oraz inne tre\u015bci zawarte w tej Witrynie (\u201cTre\u015bci\u201d), w tym znaki towarowe (zarejestrowane i niezarejestrowane), grafika, zdj\u0119cia, obrazy, logo i znaki us\u0142ugowe (\u0142\u0105cznie \u201cZnaki\u201d) oraz wyb\u00f3r, uk\u0142ad i \u201cwygl\u0105d\u201d Znak\u00f3w i innych Tre\u015bci jest w\u0142asno\u015bci\u0105 <\/span><span class=\"NormalTextRun SCXW205518629 BCX0\">FUJIFILM<\/span><span class=\"NormalTextRun SCXW205518629 BCX0\"> lub w\u0142asno\u015b\u0107 os\u00f3b trzecich, kt\u00f3re przyzna\u0142y <\/span><span class=\"NormalTextRun SCXW205518629 BCX0\">FUJIFILM<\/span><span class=\"NormalTextRun SCXW205518629 BCX0\"> zezwolenie na korzystanie z takich Tre\u015bci w tej Witrynie. Ca\u0142a Zawarto\u015b\u0107 jest chroniona mi\u0119dzynarodowymi prawami autorskimi i prawami dotycz\u0105cymi znak\u00f3w towarowych.<\/span><\/span><span class=\"EOP SCXW205518629 BCX0\" data-ccp-props=\"{&quot;201341983&quot;:0,&quot;335551550&quot;:6,&quot;335551620&quot;:6,&quot;335559739&quot;:120,&quot;335559740&quot;:240}\">\u00a0<\/span><\/p>\n<\/p>\n\t<\/div>\n<\/section>\n\n<section id=\"txt-header\">\n\t<div class=\"container block-text-header\">\n\t\t<h3>3. Ograniczenia w korzystaniu z tre\u015bci niniejszej Witryny <\/h3>\n\t\t<h2><\/h2>\n\t\t<p><p><span class=\"TextRun SCXW249219407 BCX0\" lang=\"EN-US\" xml:lang=\"EN-US\" data-contrast=\"auto\"><span class=\"NormalTextRun SCXW249219407 BCX0\">Z wyj\u0105tkiem przypadk\u00f3w wyra\u017anie dozwolonych przez obowi\u0105zuj\u0105ce prawo lub dozwolonych w niniejszym dokumencie lub w innym miejscu niniejszej Witryny, lub po uzyskaniu uprzedniej pisemnej zgody od <\/span><span class=\"NormalTextRun SCXW249219407 BCX0\">FUJIFILM<\/span><span class=\"NormalTextRun SCXW249219407 BCX0\">, lub jakiejkolwiek osoby trzeciej, kt\u00f3ra posiada takie uprawnienia, w\u0142adz\u0119, tytu\u0142y lub udzia\u0142y, jakie s\u0105 niezb\u0119dne do udzielenia takiego zezwolenia prawnego, u\u017cytkownikowi zabrania si\u0119 modyfikowania, kopiowania, pobierania, rozpowszechniania, przesy\u0142ania, wy\u015bwietlania, publikowania, sprzedawania, licencjonowania, tworzenia dzie\u0142 pochodnych lub wykorzystywania w inny spos\u00f3b jakichkolwiek Znak\u00f3w lub innych Tre\u015bci dost\u0119pnych w tej Witrynie lub za jej po\u015brednictwem do cel\u00f3w komercyjnych lub publicznych, w tym mi\u0119dzy innymi do u\u017cywania ich jako metatag\u00f3w na innych stronach lub witrynach internetowych w sieci WWW. \u017badne z postanowie\u0144 <\/span><span class=\"NormalTextRun SCXW249219407 BCX0\">te<\/span><span class=\"NormalTextRun SCXW249219407 BCX0\"> Regulamin przyznaje u\u017cytkownikowi jakiekolwiek prawa do Znak\u00f3w lub innych Tre\u015bci, kt\u00f3re nie zosta\u0142y wyra\u017anie wymienione w niniejszym dokumencie.<\/span><\/span><span class=\"EOP SCXW249219407 BCX0\" data-ccp-props=\"{&quot;201341983&quot;:0,&quot;335551550&quot;:6,&quot;335551620&quot;:6,&quot;335559739&quot;:120,&quot;335559740&quot;:240}\">\u00a0<\/span><\/p>\n<\/p>\n\t<\/div>\n<\/section>\n\n<section id=\"txt-header\">\n\t<div class=\"container block-text-header\">\n\t\t<h3>4. Zawarto\u015b\u0107 stron trzecich<\/h3>\n\t\t<h2><\/h2>\n\t\t<p><p><span class=\"TextRun SCXW29437703 BCX0\" lang=\"EN-US\" xml:lang=\"EN-US\" data-contrast=\"auto\"><span class=\"NormalTextRun SCXW29437703 BCX0\">Niniejsza Witryna mo\u017ce zawiera\u0107 \u0142\u0105cza do witryn internetowych i tre\u015bci stron trzecich (\u201cTre\u015bci Stron Trzecich\u201d) jako us\u0142ug\u0119 dla u\u017cytkownika. Wszelkie Tre\u015bci Os\u00f3b Trzecich lub witryny internetowe os\u00f3b trzecich dost\u0119pne za po\u015brednictwem \u0142\u0105czy zawartych w Witrynie stanowi\u0105 informacje zewn\u0119trzne. <\/span><span class=\"NormalTextRun SCXW29437703 BCX0\">FUJIFILM<\/span><span class=\"NormalTextRun SCXW29437703 BCX0\"> nie monitoruje, nie przegl\u0105da ani nie aktualizuje Tre\u015bci os\u00f3b trzecich ani witryn internetowych os\u00f3b trzecich i nie ma nad nimi \u017cadnej kontroli. O ile wyra\u017anie nie stwierdzono inaczej, <\/span><span class=\"NormalTextRun SCXW29437703 BCX0\">FUJIFILM<\/span><span class=\"NormalTextRun SCXW29437703 BCX0\"> nie popiera ani nie przyjmuje \u017cadnych tre\u015bci stron trzecich, oraz <\/span><span class=\"NormalTextRun SCXW29437703 BCX0\">FUJIFILM<\/span><span class=\"NormalTextRun SCXW29437703 BCX0\"> nie sk\u0142ada \u017cadnych o\u015bwiadcze\u0144, zapewnie\u0144 ani gwarancji co do dok\u0142adno\u015bci, kompletno\u015bci, aktualno\u015bci lub wiarygodno\u015bci jakichkolwiek Tre\u015bci Os\u00f3b Trzecich. U\u017cytkownik korzysta z tych \u0142\u0105czy i Tre\u015bci Stron Trzecich wy\u0142\u0105cznie na w\u0142asne ryzyko. Ponadto odniesienie do jakichkolwiek produkt\u00f3w, us\u0142ug, proces\u00f3w lub innych informacji poprzez nazw\u0119 handlow\u0105, znak towarowy, producenta, dostawc\u0119 lub w inny spos\u00f3b nie stanowi ani nie sugeruje jakiegokolwiek poparcia, sponsorowania lub rekomendacji ze strony <\/span><span class=\"NormalTextRun SCXW29437703 BCX0\">FUJIFILM<\/span><span class=\"NormalTextRun SCXW29437703 BCX0\">.<\/span><\/span><span class=\"EOP SCXW29437703 BCX0\" data-ccp-props=\"{&quot;201341983&quot;:0,&quot;335551550&quot;:6,&quot;335551620&quot;:6,&quot;335559739&quot;:120,&quot;335559740&quot;:240}\">\u00a0<\/span><\/p>\n<\/p>\n\t<\/div>\n<\/section>\n\n<section id=\"txt-header\">\n\t<div class=\"container block-text-header\">\n\t\t<h3>5. Aktualizacje i zmiany<\/h3>\n\t\t<h2><\/h2>\n\t\t<p><p><span class=\"TextRun SCXW41304652 BCX0\" lang=\"EN-US\" xml:lang=\"EN-US\" data-contrast=\"auto\"><span class=\"NormalTextRun SCXW41304652 BCX0\">Zawarto\u015b\u0107 niniejszej Witryny jest dostarczana przez <\/span><span class=\"NormalTextRun SCXW41304652 BCX0\">FUJIFILM<\/span><span class=\"NormalTextRun SCXW41304652 BCX0\"> stanowi udogodnienie dla u\u017cytkownika i mo\u017ce ulec zmianie bez powiadomienia. <\/span><span class=\"NormalTextRun SCXW41304652 BCX0\">FUJIFILM<\/span><span class=\"NormalTextRun SCXW41304652 BCX0\"> mo\u017ce, w dowolnym czasie i od czasu do czasu, zmienia\u0107 i aktualizowa\u0107 Warunki<\/span><span class=\"NormalTextRun SCXW41304652 BCX0\"> &amp; Warunki i Tre\u015b\u0107. <\/span><span class=\"NormalTextRun SCXW41304652 BCX0\">Zalecamy okresowe odwiedzanie tej strony w celu przejrzenia i zapoznania si\u0119 ze wszystkimi aktualnymi warunkami i postanowieniami oraz og\u00f3lne przegl\u0105danie niniejszej Witryny w celu zapoznania si\u0119 z wszelkimi aktualizacjami i zmianami.<\/span><\/span><span class=\"EOP SCXW41304652 BCX0\" data-ccp-props=\"{&quot;201341983&quot;:0,&quot;335551550&quot;:6,&quot;335551620&quot;:6,&quot;335559739&quot;:120,&quot;335559740&quot;:240}\">\u00a0<\/span><\/p>\n<\/p>\n\t<\/div>\n<\/section>\n\n<section id=\"txt-header\">\n\t<div class=\"container block-text-header\">\n\t\t<h3>6. Brak gwarancji<\/h3>\n\t\t<h2><\/h2>\n\t\t<p><p><span class=\"TextRun SCXW233883867 BCX0\" lang=\"EN-US\" xml:lang=\"EN-US\" data-contrast=\"auto\"><span class=\"NormalTextRun SCXW233883867 BCX0\">Niniejsza witryna internetowa, jej zawarto\u015b\u0107 i us\u0142ugi s\u0105 dostarczane w stanie, w jakim si\u0119 znajduj\u0105, bez jakiejkolwiek gwarancji, wyra\u017anej lub dorozumianej. <\/span><span class=\"NormalTextRun SCXW233883867 BCX0\">FUJIFILM<\/span><span class=\"NormalTextRun SCXW233883867 BCX0\"> zrzeka si\u0119 wszelkich gwarancji, w tym mi\u0119dzy innymi dorozumianych gwarancji przydatno\u015bci handlowej i przydatno\u015bci do okre\u015blonego celu. <\/span><span class=\"NormalTextRun SCXW233883867 BCX0\">szczeg\u00f3lny cel, <\/span><span class=\"NormalTextRun SCXW233883867 BCX0\">zawarto\u015bci informacyjnej, integracji systemu lub dok\u0142adno\u015bci.<\/span><\/span><span class=\"EOP SCXW233883867 BCX0\" data-ccp-props=\"{&quot;201341983&quot;:0,&quot;335551550&quot;:6,&quot;335551620&quot;:6,&quot;335559739&quot;:120,&quot;335559740&quot;:240}\">\u00a0<\/span><\/p>\n<\/p>\n\t<\/div>\n<\/section>\n\n<section id=\"txt-header\">\n\t<div class=\"container block-text-header\">\n\t\t<h3>7. Kontakt <\/h3>\n\t\t<h2><\/h2>\n\t\t<p><p><span class=\"TextRun SCXW190873264 BCX0\" lang=\"EN-US\" xml:lang=\"EN-US\" data-contrast=\"auto\"><span class=\"NormalTextRun SCXW190873264 BCX0\">Nasze dane kontaktowe znajduj\u0105 si\u0119 w zak\u0142adce Strona internetowa<\/span><span class=\"NormalTextRun SCXW190873264 BCX0\">.<\/span><\/span><span class=\"EOP SCXW190873264 BCX0\" data-ccp-props=\"{&quot;201341983&quot;:0,&quot;335551550&quot;:6,&quot;335551620&quot;:6,&quot;335559739&quot;:120,&quot;335559740&quot;:240}\">\u00a0<\/span><\/p>\n<\/p>\n\t<\/div>\n<\/section>","protected":false},"excerpt":{"rendered":"","protected":false},"author":1,"featured_media":0,"parent":0,"menu_order":0,"comment_status":"closed","ping_status":"closed","template":"","meta":{"inline_featured_image":false,"footnotes":""},"class_list":["post-21159","page","type-page","status-publish","hentry"],"acf":[],"yoast_head":"<!-- This site is optimized with the Yoast SEO plugin v22.0 - https:\/\/yoast.com\/wordpress\/plugins\/seo\/ -->\n<title>Terms of Use - Fujifilm Print EMEA<\/title>\n<meta name=\"robots\" content=\"index, follow, max-snippet:-1, max-image-preview:large, max-video-preview:-1\" \/>\n<link rel=\"canonical\" href=\"https:\/\/5upercolour.com\/pl\/terms-of-use\/\" \/>\n<meta property=\"og:locale\" content=\"pl_PL\" \/>\n<meta property=\"og:type\" content=\"article\" \/>\n<meta property=\"og:title\" content=\"Terms of Use - Fujifilm Print EMEA\" \/>\n<meta property=\"og:url\" content=\"https:\/\/5upercolour.com\/pl\/terms-of-use\/\" \/>\n<meta property=\"og:site_name\" content=\"Fujifilm Print EMEA\" \/>\n<meta property=\"article:modified_time\" content=\"2026-02-17T14:25:38+00:00\" \/>\n<meta name=\"twitter:card\" content=\"summary_large_image\" \/>\n<script type=\"application\/ld+json\" class=\"yoast-schema-graph\">{\"@context\":\"https:\/\/schema.org\",\"@graph\":[{\"@type\":\"WebPage\",\"@id\":\"https:\/\/5upercolour.com\/terms-of-use\/\",\"url\":\"https:\/\/5upercolour.com\/terms-of-use\/\",\"name\":\"Terms of Use - Fujifilm Print EMEA\",\"isPartOf\":{\"@id\":\"https:\/\/5upercolour.com\/#website\"},\"datePublished\":\"2026-02-17T14:25:37+00:00\",\"dateModified\":\"2026-02-17T14:25:38+00:00\",\"breadcrumb\":{\"@id\":\"https:\/\/5upercolour.com\/terms-of-use\/#breadcrumb\"},\"inLanguage\":\"pl-PL\",\"potentialAction\":[{\"@type\":\"ReadAction\",\"target\":[\"https:\/\/5upercolour.com\/terms-of-use\/\"]}]},{\"@type\":\"BreadcrumbList\",\"@id\":\"https:\/\/5upercolour.com\/terms-of-use\/#breadcrumb\",\"itemListElement\":[{\"@type\":\"ListItem\",\"position\":1,\"name\":\"Home\",\"item\":\"https:\/\/5upercolour.com\/\"},{\"@type\":\"ListItem\",\"position\":2,\"name\":\"Terms of Use\"}]},{\"@type\":\"WebSite\",\"@id\":\"https:\/\/5upercolour.com\/#website\",\"url\":\"https:\/\/5upercolour.com\/\",\"name\":\"Fujifilm Print EMEA\",\"description\":\"\",\"publisher\":{\"@id\":\"https:\/\/5upercolour.com\/#organization\"},\"potentialAction\":[{\"@type\":\"SearchAction\",\"target\":{\"@type\":\"EntryPoint\",\"urlTemplate\":\"https:\/\/5upercolour.com\/?s={search_term_string}\"},\"query-input\":\"required name=search_term_string\"}],\"inLanguage\":\"pl-PL\"},{\"@type\":\"Organization\",\"@id\":\"https:\/\/5upercolour.com\/#organization\",\"name\":\"Fujifilm Print EMEA\",\"url\":\"https:\/\/5upercolour.com\/\",\"logo\":{\"@type\":\"ImageObject\",\"inLanguage\":\"pl-PL\",\"@id\":\"https:\/\/5upercolour.com\/#\/schema\/logo\/image\/\",\"url\":\"https:\/\/5upercolour.com\/wp-content\/uploads\/2025\/06\/fujifilm-1.png\",\"contentUrl\":\"https:\/\/5upercolour.com\/wp-content\/uploads\/2025\/06\/fujifilm-1.png\",\"width\":416,\"height\":70,\"caption\":\"Fujifilm Print EMEA\"},\"image\":{\"@id\":\"https:\/\/5upercolour.com\/#\/schema\/logo\/image\/\"}}]}<\/script>\n<!-- \/ Yoast SEO plugin. -->","yoast_head_json":{"title":"Warunki u\u017cytkowania - Fujifilm Print EMEA","robots":{"index":"index","follow":"follow","max-snippet":"max-snippet:-1","max-image-preview":"max-image-preview:large","max-video-preview":"max-video-preview:-1"},"canonical":"https:\/\/5upercolour.com\/pl\/terms-of-use\/","og_locale":"pl_PL","og_type":"article","og_title":"Terms of Use - Fujifilm Print EMEA","og_url":"https:\/\/5upercolour.com\/pl\/terms-of-use\/","og_site_name":"Fujifilm Print EMEA","article_modified_time":"2026-02-17T14:25:38+00:00","twitter_card":"summary_large_image","schema":{"@context":"https:\/\/schema.org","@graph":[{"@type":"WebPage","@id":"https:\/\/5upercolour.com\/terms-of-use\/","url":"https:\/\/5upercolour.com\/terms-of-use\/","name":"Warunki u\u017cytkowania - Fujifilm Print EMEA","isPartOf":{"@id":"https:\/\/5upercolour.com\/#website"},"datePublished":"2026-02-17T14:25:37+00:00","dateModified":"2026-02-17T14:25:38+00:00","breadcrumb":{"@id":"https:\/\/5upercolour.com\/terms-of-use\/#breadcrumb"},"inLanguage":"pl-PL","potentialAction":[{"@type":"ReadAction","target":["https:\/\/5upercolour.com\/terms-of-use\/"]}]},{"@type":"BreadcrumbList","@id":"https:\/\/5upercolour.com\/terms-of-use\/#breadcrumb","itemListElement":[{"@type":"ListItem","position":1,"name":"Home","item":"https:\/\/5upercolour.com\/"},{"@type":"ListItem","position":2,"name":"Terms of Use"}]},{"@type":"WebSite","@id":"https:\/\/5upercolour.com\/#website","url":"https:\/\/5upercolour.com\/","name":"Fujifilm Print EMEA","description":"","publisher":{"@id":"https:\/\/5upercolour.com\/#organization"},"potentialAction":[{"@type":"SearchAction","target":{"@type":"EntryPoint","urlTemplate":"https:\/\/5upercolour.com\/?s={search_term_string}"},"query-input":"required name=search_term_string"}],"inLanguage":"pl-PL"},{"@type":"Organization","@id":"https:\/\/5upercolour.com\/#organization","name":"Fujifilm Print EMEA","url":"https:\/\/5upercolour.com\/","logo":{"@type":"ImageObject","inLanguage":"pl-PL","@id":"https:\/\/5upercolour.com\/#\/schema\/logo\/image\/","url":"https:\/\/5upercolour.com\/wp-content\/uploads\/2025\/06\/fujifilm-1.png","contentUrl":"https:\/\/5upercolour.com\/wp-content\/uploads\/2025\/06\/fujifilm-1.png","width":416,"height":70,"caption":"Fujifilm Print EMEA"},"image":{"@id":"https:\/\/5upercolour.com\/#\/schema\/logo\/image\/"}}]}},"_links":{"self":[{"href":"https:\/\/5upercolour.com\/pl\/wp-json\/wp\/v2\/pages\/21159","targetHints":{"allow":["GET"]}}],"collection":[{"href":"https:\/\/5upercolour.com\/pl\/wp-json\/wp\/v2\/pages"}],"about":[{"href":"https:\/\/5upercolour.com\/pl\/wp-json\/wp\/v2\/types\/page"}],"author":[{"embeddable":true,"href":"https:\/\/5upercolour.com\/pl\/wp-json\/wp\/v2\/users\/1"}],"replies":[{"embeddable":true,"href":"https:\/\/5upercolour.com\/pl\/wp-json\/wp\/v2\/comments?post=21159"}],"version-history":[{"count":1,"href":"https:\/\/5upercolour.com\/pl\/wp-json\/wp\/v2\/pages\/21159\/revisions"}],"predecessor-version":[{"id":21160,"href":"https:\/\/5upercolour.com\/pl\/wp-json\/wp\/v2\/pages\/21159\/revisions\/21160"}],"wp:attachment":[{"href":"https:\/\/5upercolour.com\/pl\/wp-json\/wp\/v2\/media?parent=21159"}],"curies":[{"name":"wp","href":"https:\/\/api.w.org\/{rel}","templated":true}]}}