{"id":21159,"date":"2026-02-17T15:25:37","date_gmt":"2026-02-17T14:25:37","guid":{"rendered":"https:\/\/5upercolour.com\/?page_id=21159"},"modified":"2026-02-17T15:25:38","modified_gmt":"2026-02-17T14:25:38","slug":"terms-of-use","status":"publish","type":"page","link":"https:\/\/5upercolour.com\/it\/terms-of-use\/","title":{"rendered":"Termini di utilizzo"},"content":{"rendered":"<section id=\"txt-header\">\n\t<div class=\"container block-text-header\">\n\t\t<h3><\/h3>\n\t\t<h2>Termini e condizioni d&#039;uso<\/h2>\n\t\t<p><p><span data-contrast=\"auto\">Grazie per aver visitato questo sito web. Questo sito Web, comprese tutte le pagine in lingua locale specifiche per paese e tutte le altre pagine, \u00e8 di propriet\u00e0 di FUJIFILM Europe ed \u00e8 gestito e reso disponibile al pubblico esclusivamente da FUJIFILM allo scopo di offrire a coloro che sono interessati a FUJIFILM Corporation in Europa e I prodotti e i servizi FUJIFILM rappresentano un modo conveniente per trovare informazioni rilevanti, come gli ultimi comunicati stampa, informazioni finanziarie, linea di prodotti, informazioni di contatto locali e siti Web di propriet\u00e0 delle filiali FUJIFILM o dei suoi distributori.<\/span><span data-ccp-props=\"{&quot;201341983&quot;:0,&quot;335551550&quot;:6,&quot;335551620&quot;:6,&quot;335559739&quot;:120,&quot;335559740&quot;:240}\">\u00a0<\/span><\/p>\n<p><span data-contrast=\"auto\">L&#039;accesso, la navigazione e l&#039;utilizzo di questo sito Web sono regolati dai seguenti Termini e condizioni e da qualsiasi altro termine, condizione o linea guida stabilita altrove in questo sito Web, nonch\u00e9 da tutte le leggi, norme e regolamenti applicabili, inclusi ma non limitati a leggi in materia di marchi, copyright, diritto alla privacy e diffamazione.<\/span><span data-ccp-props=\"{&quot;201341983&quot;:0,&quot;335551550&quot;:6,&quot;335551620&quot;:6,&quot;335559739&quot;:120,&quot;335559740&quot;:240}\">\u00a0<\/span><\/p>\n<p><span data-contrast=\"auto\">Pertanto, FUJIFILM ti chiede gentilmente di leggere attentamente i Termini e Condizioni.<\/span><span data-ccp-props=\"{&quot;201341983&quot;:0,&quot;335551550&quot;:6,&quot;335551620&quot;:6,&quot;335559739&quot;:120,&quot;335559740&quot;:240}\">\u00a0<\/span><\/p>\n<\/p>\n\t<\/div>\n<\/section>\n\n<section id=\"txt-header\">\n\t<div class=\"container block-text-header\">\n\t\t<h3>1. Utilizzo di questo sito web <\/h3>\n\t\t<h2><\/h2>\n\t\t<p><p><span data-contrast=\"auto\">I presenti Termini e condizioni si applicano a questo sito Web e a qualsiasi altro sito Web collegato ai Termini e condizioni. \u00c8 possibile trovare termini e condizioni aggiuntivi relativi a pagine specifiche di questo sito Web. L&#039;utilizzo di tali pagine all&#039;interno di questo sito Web \u00e8 regolato dai termini e dalle condizioni di tali pagine. In caso di conflitto tra i Termini e le condizioni forniti nel presente documento e i termini e le condizioni aggiuntivi forniti altrove in questo sito Web, prevarranno i termini e le condizioni aggiuntivi.<\/span><span data-ccp-props=\"{&quot;201341983&quot;:0,&quot;335551550&quot;:6,&quot;335551620&quot;:6,&quot;335559739&quot;:120,&quot;335559740&quot;:240}\">\u00a0<\/span><\/p>\n<p><span data-contrast=\"auto\">In base ai presenti Termini e condizioni, FUJIFILM concede all&#039;utente, in base ai diritti di propriet\u00e0 intellettuale di FUJIFILM, il diritto non esclusivo, mondiale e non trasferibile di utilizzare questo sito Web e il contenuto in esso incluso solo per uso personale e non commerciale soggetto alle restrizioni e gli obblighi stabiliti nei presenti Termini e Condizioni. Non sono concessi ulteriori diritti.<\/span><span data-ccp-props=\"{&quot;201341983&quot;:0,&quot;335551550&quot;:6,&quot;335551620&quot;:6,&quot;335559739&quot;:120,&quot;335559740&quot;:240}\">\u00a0<\/span><\/p>\n<\/p>\n\t<\/div>\n<\/section>\n\n<section id=\"txt-header\">\n\t<div class=\"container block-text-header\">\n\t\t<h3>2. Diritti di propriet\u00e0 intellettuale <\/h3>\n\t\t<h2><\/h2>\n\t\t<p><p><span class=\"TextRun SCXW205518629 BCX0\" lang=\"EN-US\" xml:lang=\"EN-US\" data-contrast=\"auto\"><span class=\"NormalTextRun SCXW205518629 BCX0\">Salvo diversa indicazione o indicazione, tutti i testi, i programmi software disponibili su o attraverso questo sito Web e altri contenuti inclusi in questo sito Web (&quot;Contenuti&quot;), inclusi marchi commerciali (registrati e non registrati), grafica, fotografie, immagini, loghi e marchi di servizio ( collettivamente, i &quot;Marchi&quot;) e la selezione, disposizione e &quot;aspetto grafico&quot; dei Marchi e degli altri Contenuti sono di propriet\u00e0 di <\/span><span class=\"NormalTextRun SCXW205518629 BCX0\">FUJIFILM<\/span><span class=\"NormalTextRun SCXW205518629 BCX0\"> o di propriet\u00e0 di terzi che lo hanno concesso <\/span><span class=\"NormalTextRun SCXW205518629 BCX0\">FUJIFILM<\/span><span class=\"NormalTextRun SCXW205518629 BCX0\"> il permesso di utilizzare tali Contenuti su questo Sito Web. Tutti i Contenuti sono protetti dalle leggi internazionali sul copyright e sui marchi.<\/span><\/span><span class=\"EOP SCXW205518629 BCX0\" data-ccp-props=\"{&quot;201341983&quot;:0,&quot;335551550&quot;:6,&quot;335551620&quot;:6,&quot;335559739&quot;:120,&quot;335559740&quot;:240}\">\u00a0<\/span><\/p>\n<\/p>\n\t<\/div>\n<\/section>\n\n<section id=\"txt-header\">\n\t<div class=\"container block-text-header\">\n\t\t<h3>3. Restrizioni all&#039;uso dei contenuti di questo sito web <\/h3>\n\t\t<h2><\/h2>\n\t\t<p><p><span class=\"TextRun SCXW249219407 BCX0\" lang=\"EN-US\" xml:lang=\"EN-US\" data-contrast=\"auto\"><span class=\"NormalTextRun SCXW249219407 BCX0\">Ad eccezione di quanto espressamente consentito dalla legge applicabile o come consentito nel presente documento o altrove in questo sito Web, o ottenendo previa autorizzazione scritta da <\/span><span class=\"NormalTextRun SCXW249219407 BCX0\">FUJIFILM<\/span><span class=\"NormalTextRun SCXW249219407 BCX0\">o qualsiasi terza parte che abbia il potere, l&#039;autorit\u00e0, i titoli o gli interessi necessari per concedere tale autorizzazione legale, \u00e8 vietato modificare, copiare, scaricare, distribuire, trasmettere, visualizzare, pubblicare, vendere, concedere in licenza, creare opere derivate o altrimenti utilizzare qualsiasi Marchio o altro Contenuto disponibile su o attraverso questo sito Web per scopi commerciali o pubblici, incluso, ma non limitato a, l&#039;uso come meta tag su altre pagine o siti Web sul World Wide Web. Niente dentro <\/span><span class=\"NormalTextRun SCXW249219407 BCX0\">questi<\/span><span class=\"NormalTextRun SCXW249219407 BCX0\"> I Termini e Condizioni conferiscono all&#039;utente qualsiasi diritto sui Marchi o su altri Contenuti che non sia specificatamente menzionato nel presente documento.<\/span><\/span><span class=\"EOP SCXW249219407 BCX0\" data-ccp-props=\"{&quot;201341983&quot;:0,&quot;335551550&quot;:6,&quot;335551620&quot;:6,&quot;335559739&quot;:120,&quot;335559740&quot;:240}\">\u00a0<\/span><\/p>\n<\/p>\n\t<\/div>\n<\/section>\n\n<section id=\"txt-header\">\n\t<div class=\"container block-text-header\">\n\t\t<h3>4. Contenuti di terze parti<\/h3>\n\t\t<h2><\/h2>\n\t\t<p><p><span class=\"TextRun SCXW29437703 BCX0\" lang=\"EN-US\" xml:lang=\"EN-US\" data-contrast=\"auto\"><span class=\"NormalTextRun SCXW29437703 BCX0\">Questo sito Web pu\u00f2 contenere collegamenti a siti Web e contenuti di terze parti (&quot;Contenuti di terze parti&quot;) come servizio offerto all&#039;utente. Eventuali Contenuti di Terzi o siti web di terzi accessibili tramite i link contenuti nel Sito costituiscono informazioni esterne. <\/span><span class=\"NormalTextRun SCXW29437703 BCX0\">FUJIFILM<\/span><span class=\"NormalTextRun SCXW29437703 BCX0\"> non monitora, esamina o aggiorna e non ha alcun controllo su alcun Contenuto di terze parti o siti Web di terze parti. Salvo espressa indicazione contraria, <\/span><span class=\"NormalTextRun SCXW29437703 BCX0\">FUJIFILM<\/span><span class=\"NormalTextRun SCXW29437703 BCX0\"> non approva n\u00e9 adotta alcun Contenuto di terze parti e <\/span><span class=\"NormalTextRun SCXW29437703 BCX0\">FUJIFILM<\/span><span class=\"NormalTextRun SCXW29437703 BCX0\"> non rilascia alcuna dichiarazione, garanzia o garanzia in merito all&#039;accuratezza, completezza, tempestivit\u00e0 o affidabilit\u00e0 di qualsiasi Contenuto di terze parti. Se utilizzi questi collegamenti e i Contenuti di terze parti, lo fai interamente a tuo rischio e pericolo. Inoltre, il riferimento a prodotti, servizi, processi o altre informazioni tramite nome commerciale, marchio, produttore, fornitore o altro non costituisce n\u00e9 implica alcuna approvazione, sponsorizzazione o raccomandazione da parte di <\/span><span class=\"NormalTextRun SCXW29437703 BCX0\">FUJIFILM<\/span><span class=\"NormalTextRun SCXW29437703 BCX0\">.<\/span><\/span><span class=\"EOP SCXW29437703 BCX0\" data-ccp-props=\"{&quot;201341983&quot;:0,&quot;335551550&quot;:6,&quot;335551620&quot;:6,&quot;335559739&quot;:120,&quot;335559740&quot;:240}\">\u00a0<\/span><\/p>\n<\/p>\n\t<\/div>\n<\/section>\n\n<section id=\"txt-header\">\n\t<div class=\"container block-text-header\">\n\t\t<h3>5. Aggiornamenti e revisioni<\/h3>\n\t\t<h2><\/h2>\n\t\t<p><p><span class=\"TextRun SCXW41304652 BCX0\" lang=\"EN-US\" xml:lang=\"EN-US\" data-contrast=\"auto\"><span class=\"NormalTextRun SCXW41304652 BCX0\">Il contenuto di questo sito Web \u00e8 fornito da <\/span><span class=\"NormalTextRun SCXW41304652 BCX0\">FUJIFILM<\/span><span class=\"NormalTextRun SCXW41304652 BCX0\"> per comodit\u00e0 dell&#039;utente ed \u00e8 soggetto a modifiche senza preavviso. <\/span><span class=\"NormalTextRun SCXW41304652 BCX0\">FUJIFILM<\/span><span class=\"NormalTextRun SCXW41304652 BCX0\"> potr\u00e0, in qualsiasi momento e di volta in volta, rivedere e aggiornare i Termini<\/span><span class=\"NormalTextRun SCXW41304652 BCX0\"> &amp; Condizioni e il Contenuto. <\/span><span class=\"NormalTextRun SCXW41304652 BCX0\">Ti consigliamo di visitare periodicamente questa pagina per rivedere e familiarizzare con tutti i termini e condizioni attuali e di rivedere questo sito Web in generale per familiarizzare con eventuali aggiornamenti e revisioni.<\/span><\/span><span class=\"EOP SCXW41304652 BCX0\" data-ccp-props=\"{&quot;201341983&quot;:0,&quot;335551550&quot;:6,&quot;335551620&quot;:6,&quot;335559739&quot;:120,&quot;335559740&quot;:240}\">\u00a0<\/span><\/p>\n<\/p>\n\t<\/div>\n<\/section>\n\n<section id=\"txt-header\">\n\t<div class=\"container block-text-header\">\n\t\t<h3>6. Nessuna garanzia<\/h3>\n\t\t<h2><\/h2>\n\t\t<p><p><span class=\"TextRun SCXW233883867 BCX0\" lang=\"EN-US\" xml:lang=\"EN-US\" data-contrast=\"auto\"><span class=\"NormalTextRun SCXW233883867 BCX0\">Questo sito Web, i suoi contenuti e i suoi servizi sono forniti &quot;cos\u00ec come sono&quot;, senza garanzie di alcun tipo, esplicite o implicite. <\/span><span class=\"NormalTextRun SCXW233883867 BCX0\">FUJIFILM<\/span><span class=\"NormalTextRun SCXW233883867 BCX0\"> declina ogni garanzia, incluse, ma non limitate a, le garanzie implicite di commerciabilit\u00e0 e idoneit\u00e0 per un <\/span><span class=\"NormalTextRun SCXW233883867 BCX0\">particolare scopo, <\/span><span class=\"NormalTextRun SCXW233883867 BCX0\">contenuto informativo, integrazione del sistema o accuratezza.<\/span><\/span><span class=\"EOP SCXW233883867 BCX0\" data-ccp-props=\"{&quot;201341983&quot;:0,&quot;335551550&quot;:6,&quot;335551620&quot;:6,&quot;335559739&quot;:120,&quot;335559740&quot;:240}\">\u00a0<\/span><\/p>\n<\/p>\n\t<\/div>\n<\/section>\n\n<section id=\"txt-header\">\n\t<div class=\"container block-text-header\">\n\t\t<h3>7. Contatto <\/h3>\n\t\t<h2><\/h2>\n\t\t<p><p><span class=\"TextRun SCXW190873264 BCX0\" lang=\"EN-US\" xml:lang=\"EN-US\" data-contrast=\"auto\"><span class=\"NormalTextRun SCXW190873264 BCX0\">Puoi trovare i nostri dettagli di contatto sotto l&#039;impronta del sito web<\/span><span class=\"NormalTextRun SCXW190873264 BCX0\">.<\/span><\/span><span class=\"EOP SCXW190873264 BCX0\" data-ccp-props=\"{&quot;201341983&quot;:0,&quot;335551550&quot;:6,&quot;335551620&quot;:6,&quot;335559739&quot;:120,&quot;335559740&quot;:240}\">\u00a0<\/span><\/p>\n<\/p>\n\t<\/div>\n<\/section>","protected":false},"excerpt":{"rendered":"","protected":false},"author":1,"featured_media":0,"parent":0,"menu_order":0,"comment_status":"closed","ping_status":"closed","template":"","meta":{"inline_featured_image":false,"footnotes":""},"class_list":["post-21159","page","type-page","status-publish","hentry"],"acf":[],"yoast_head":"<!-- This site is optimized with the Yoast SEO plugin v22.0 - https:\/\/yoast.com\/wordpress\/plugins\/seo\/ -->\n<title>Terms of Use - Fujifilm Print EMEA<\/title>\n<meta name=\"robots\" content=\"index, follow, max-snippet:-1, max-image-preview:large, max-video-preview:-1\" \/>\n<link rel=\"canonical\" href=\"https:\/\/5upercolour.com\/it\/terms-of-use\/\" \/>\n<meta property=\"og:locale\" content=\"it_IT\" \/>\n<meta property=\"og:type\" content=\"article\" \/>\n<meta property=\"og:title\" content=\"Terms of Use - Fujifilm Print EMEA\" \/>\n<meta property=\"og:url\" content=\"https:\/\/5upercolour.com\/it\/terms-of-use\/\" \/>\n<meta property=\"og:site_name\" content=\"Fujifilm Print EMEA\" \/>\n<meta property=\"article:modified_time\" content=\"2026-02-17T14:25:38+00:00\" \/>\n<meta name=\"twitter:card\" content=\"summary_large_image\" \/>\n<script type=\"application\/ld+json\" class=\"yoast-schema-graph\">{\"@context\":\"https:\/\/schema.org\",\"@graph\":[{\"@type\":\"WebPage\",\"@id\":\"https:\/\/5upercolour.com\/terms-of-use\/\",\"url\":\"https:\/\/5upercolour.com\/terms-of-use\/\",\"name\":\"Terms of Use - Fujifilm Print EMEA\",\"isPartOf\":{\"@id\":\"https:\/\/5upercolour.com\/#website\"},\"datePublished\":\"2026-02-17T14:25:37+00:00\",\"dateModified\":\"2026-02-17T14:25:38+00:00\",\"breadcrumb\":{\"@id\":\"https:\/\/5upercolour.com\/terms-of-use\/#breadcrumb\"},\"inLanguage\":\"it-IT\",\"potentialAction\":[{\"@type\":\"ReadAction\",\"target\":[\"https:\/\/5upercolour.com\/terms-of-use\/\"]}]},{\"@type\":\"BreadcrumbList\",\"@id\":\"https:\/\/5upercolour.com\/terms-of-use\/#breadcrumb\",\"itemListElement\":[{\"@type\":\"ListItem\",\"position\":1,\"name\":\"Home\",\"item\":\"https:\/\/5upercolour.com\/\"},{\"@type\":\"ListItem\",\"position\":2,\"name\":\"Terms of Use\"}]},{\"@type\":\"WebSite\",\"@id\":\"https:\/\/5upercolour.com\/#website\",\"url\":\"https:\/\/5upercolour.com\/\",\"name\":\"Fujifilm Print EMEA\",\"description\":\"\",\"publisher\":{\"@id\":\"https:\/\/5upercolour.com\/#organization\"},\"potentialAction\":[{\"@type\":\"SearchAction\",\"target\":{\"@type\":\"EntryPoint\",\"urlTemplate\":\"https:\/\/5upercolour.com\/?s={search_term_string}\"},\"query-input\":\"required name=search_term_string\"}],\"inLanguage\":\"it-IT\"},{\"@type\":\"Organization\",\"@id\":\"https:\/\/5upercolour.com\/#organization\",\"name\":\"Fujifilm Print EMEA\",\"url\":\"https:\/\/5upercolour.com\/\",\"logo\":{\"@type\":\"ImageObject\",\"inLanguage\":\"it-IT\",\"@id\":\"https:\/\/5upercolour.com\/#\/schema\/logo\/image\/\",\"url\":\"https:\/\/5upercolour.com\/wp-content\/uploads\/2025\/06\/fujifilm-1.png\",\"contentUrl\":\"https:\/\/5upercolour.com\/wp-content\/uploads\/2025\/06\/fujifilm-1.png\",\"width\":416,\"height\":70,\"caption\":\"Fujifilm Print EMEA\"},\"image\":{\"@id\":\"https:\/\/5upercolour.com\/#\/schema\/logo\/image\/\"}}]}<\/script>\n<!-- \/ Yoast SEO plugin. -->","yoast_head_json":{"title":"Condizioni d&#039;uso - Fujifilm Print EMEA","robots":{"index":"index","follow":"follow","max-snippet":"max-snippet:-1","max-image-preview":"max-image-preview:large","max-video-preview":"max-video-preview:-1"},"canonical":"https:\/\/5upercolour.com\/it\/terms-of-use\/","og_locale":"it_IT","og_type":"article","og_title":"Terms of Use - Fujifilm Print EMEA","og_url":"https:\/\/5upercolour.com\/it\/terms-of-use\/","og_site_name":"Fujifilm Print EMEA","article_modified_time":"2026-02-17T14:25:38+00:00","twitter_card":"summary_large_image","schema":{"@context":"https:\/\/schema.org","@graph":[{"@type":"WebPage","@id":"https:\/\/5upercolour.com\/terms-of-use\/","url":"https:\/\/5upercolour.com\/terms-of-use\/","name":"Condizioni d&#039;uso - Fujifilm Print EMEA","isPartOf":{"@id":"https:\/\/5upercolour.com\/#website"},"datePublished":"2026-02-17T14:25:37+00:00","dateModified":"2026-02-17T14:25:38+00:00","breadcrumb":{"@id":"https:\/\/5upercolour.com\/terms-of-use\/#breadcrumb"},"inLanguage":"it-IT","potentialAction":[{"@type":"ReadAction","target":["https:\/\/5upercolour.com\/terms-of-use\/"]}]},{"@type":"BreadcrumbList","@id":"https:\/\/5upercolour.com\/terms-of-use\/#breadcrumb","itemListElement":[{"@type":"ListItem","position":1,"name":"Home","item":"https:\/\/5upercolour.com\/"},{"@type":"ListItem","position":2,"name":"Terms of Use"}]},{"@type":"WebSite","@id":"https:\/\/5upercolour.com\/#website","url":"https:\/\/5upercolour.com\/","name":"Fujifilm Print EMEA","description":"","publisher":{"@id":"https:\/\/5upercolour.com\/#organization"},"potentialAction":[{"@type":"SearchAction","target":{"@type":"EntryPoint","urlTemplate":"https:\/\/5upercolour.com\/?s={search_term_string}"},"query-input":"required name=search_term_string"}],"inLanguage":"it-IT"},{"@type":"Organization","@id":"https:\/\/5upercolour.com\/#organization","name":"Fujifilm Print EMEA","url":"https:\/\/5upercolour.com\/","logo":{"@type":"ImageObject","inLanguage":"it-IT","@id":"https:\/\/5upercolour.com\/#\/schema\/logo\/image\/","url":"https:\/\/5upercolour.com\/wp-content\/uploads\/2025\/06\/fujifilm-1.png","contentUrl":"https:\/\/5upercolour.com\/wp-content\/uploads\/2025\/06\/fujifilm-1.png","width":416,"height":70,"caption":"Fujifilm Print EMEA"},"image":{"@id":"https:\/\/5upercolour.com\/#\/schema\/logo\/image\/"}}]}},"_links":{"self":[{"href":"https:\/\/5upercolour.com\/it\/wp-json\/wp\/v2\/pages\/21159","targetHints":{"allow":["GET"]}}],"collection":[{"href":"https:\/\/5upercolour.com\/it\/wp-json\/wp\/v2\/pages"}],"about":[{"href":"https:\/\/5upercolour.com\/it\/wp-json\/wp\/v2\/types\/page"}],"author":[{"embeddable":true,"href":"https:\/\/5upercolour.com\/it\/wp-json\/wp\/v2\/users\/1"}],"replies":[{"embeddable":true,"href":"https:\/\/5upercolour.com\/it\/wp-json\/wp\/v2\/comments?post=21159"}],"version-history":[{"count":1,"href":"https:\/\/5upercolour.com\/it\/wp-json\/wp\/v2\/pages\/21159\/revisions"}],"predecessor-version":[{"id":21160,"href":"https:\/\/5upercolour.com\/it\/wp-json\/wp\/v2\/pages\/21159\/revisions\/21160"}],"wp:attachment":[{"href":"https:\/\/5upercolour.com\/it\/wp-json\/wp\/v2\/media?parent=21159"}],"curies":[{"name":"wp","href":"https:\/\/api.w.org\/{rel}","templated":true}]}}