{"id":21159,"date":"2026-02-17T15:25:37","date_gmt":"2026-02-17T14:25:37","guid":{"rendered":"https:\/\/5upercolour.com\/?page_id=21159"},"modified":"2026-02-17T15:25:38","modified_gmt":"2026-02-17T14:25:38","slug":"terms-of-use","status":"publish","type":"page","link":"https:\/\/5upercolour.com\/hr\/terms-of-use\/","title":{"rendered":"Uvjeti kori\u0161tenja"},"content":{"rendered":"<section id=\"txt-header\">\n\t<div class=\"container block-text-header\">\n\t\t<h3><\/h3>\n\t\t<h2>Uvjeti kori\u0161tenja<\/h2>\n\t\t<p><p><span data-contrast=\"auto\">Hvala vam \u0161to ste posjetili ovu web stranicu. Ova web stranica, uklju\u010duju\u0107i sve stranice na lokalnim jezicima specifi\u010dne za pojedinu zemlju i sve ostale stranice, vlasni\u0161tvo je tvrtke FUJIFILM Europe i odr\u017eava je i stavlja na raspolaganje javnosti isklju\u010divo od strane tvrtke FUJIFILM u svrhu pru\u017eanja onima koji su zainteresirani za FUJIFILM Corporation u Europi i FUJIFILM proizvode i usluge prakti\u010dnog na\u010dina pronala\u017eenja relevantnih informacija, kao \u0161to su najnovija priop\u0107enja za medije, financijske informacije, ponuda proizvoda, lokalni kontakt podaci i web stranice u vlasni\u0161tvu FUJIFILM-ovih podru\u017enica ili njegovih distributera.<\/span><span data-ccp-props=\"{&quot;201341983&quot;:0,&quot;335551550&quot;:6,&quot;335551620&quot;:6,&quot;335559739&quot;:120,&quot;335559740&quot;:240}\">\u00a0<\/span><\/p>\n<p><span data-contrast=\"auto\">Va\u0161 pristup, pregledavanje i kori\u0161tenje ove web stranice regulirani su sljede\u0107im Uvjetima i odredbama te svim drugim uvjetima ili smjernicama navedenima na ovoj web stranici, kao i svim primjenjivim zakonima, pravilima i propisima, uklju\u010duju\u0107i, ali ne ograni\u010davaju\u0107i se na zakone o za\u0161titnim znakovima, autorskim pravima, pravima na privatnost i kleveti.<\/span><span data-ccp-props=\"{&quot;201341983&quot;:0,&quot;335551550&quot;:6,&quot;335551620&quot;:6,&quot;335559739&quot;:120,&quot;335559740&quot;:240}\">\u00a0<\/span><\/p>\n<p><span data-contrast=\"auto\">Stoga vas FUJIFILM ljubazno moli da pa\u017eljivo pro\u010ditate Uvjete i odredbe.<\/span><span data-ccp-props=\"{&quot;201341983&quot;:0,&quot;335551550&quot;:6,&quot;335551620&quot;:6,&quot;335559739&quot;:120,&quot;335559740&quot;:240}\">\u00a0<\/span><\/p>\n<\/p>\n\t<\/div>\n<\/section>\n\n<section id=\"txt-header\">\n\t<div class=\"container block-text-header\">\n\t\t<h3>1. Kori\u0161tenje ove web stranice <\/h3>\n\t\t<h2><\/h2>\n\t\t<p><p><span data-contrast=\"auto\">Ovi Uvjeti i odredbe primjenjuju se na ovu web stranicu i na sve druge web stranice koje sadr\u017ee poveznice na Uvjete i odredbe. Mo\u017eete prona\u0107i dodatne uvjete i odredbe koji se odnose na odre\u0111ene stranice na ovoj web stranici. Va\u0161e kori\u0161tenje takvih stranica unutar ove web stranice regulirano je uvjetima i odredbama tih stranica. U slu\u010daju bilo kakvih sukoba izme\u0111u Uvjeta i odredbi navedenih ovdje i dodatnih uvjeta i odredbi navedenih na drugim mjestima na ovoj web stranici, prednost \u0107e imati dodatni uvjeti i odredbe.<\/span><span data-ccp-props=\"{&quot;201341983&quot;:0,&quot;335551550&quot;:6,&quot;335551620&quot;:6,&quot;335559739&quot;:120,&quot;335559740&quot;:240}\">\u00a0<\/span><\/p>\n<p><span data-contrast=\"auto\">U skladu s ovim Uvjetima i odredbama, FUJIFILM vam ovime daje, u skladu s pravima intelektualnog vlasni\u0161tva FUJIFILM-a, neisklju\u010divo, svjetsko, neprenosivo pravo kori\u0161tenja ove web stranice i sadr\u017eaja uklju\u010denog na njoj samo za osobnu, nekomercijalnu upotrebu, podlo\u017eno ograni\u010denjima i obvezama navedenima u ovim Uvjetima i odredbama. Daljnja prava se ne daju.<\/span><span data-ccp-props=\"{&quot;201341983&quot;:0,&quot;335551550&quot;:6,&quot;335551620&quot;:6,&quot;335559739&quot;:120,&quot;335559740&quot;:240}\">\u00a0<\/span><\/p>\n<\/p>\n\t<\/div>\n<\/section>\n\n<section id=\"txt-header\">\n\t<div class=\"container block-text-header\">\n\t\t<h3>2. Prava intelektualnog vlasni\u0161tva <\/h3>\n\t\t<h2><\/h2>\n\t\t<p><p><span class=\"TextRun SCXW205518629 BCX0\" lang=\"EN-US\" xml:lang=\"EN-US\" data-contrast=\"auto\"><span class=\"NormalTextRun SCXW205518629 BCX0\">Osim ako nije druga\u010dije navedeno ili nazna\u010deno, sav tekst, softverski programi dostupni na ili putem ove web stranice i ostali sadr\u017eaj uklju\u010den na ovu web stranicu (\u201cSadr\u017eaj\u201d), uklju\u010duju\u0107i za\u0161titne znakove (registrirane i neregistrirane), grafiku, fotografije, slike, logotipe i uslu\u017ene znakove (zajedni\u010dki nazvani \u201cZnakovi\u201d) te odabir, raspored i \u201cizgled i dojam\u201d Znakova i ostalog Sadr\u017eaja vlasni\u0161tvo su <\/span><span class=\"NormalTextRun SCXW205518629 BCX0\">FUJIFILM<\/span><span class=\"NormalTextRun SCXW205518629 BCX0\"> ili vlasni\u0161tvo tre\u0107ih strana koje su dale <\/span><span class=\"NormalTextRun SCXW205518629 BCX0\">FUJIFILM<\/span><span class=\"NormalTextRun SCXW205518629 BCX0\"> dopu\u0161tenje za kori\u0161tenje takvog sadr\u017eaja na ovoj web stranici. Sav sadr\u017eaj za\u0161ti\u0107en je me\u0111unarodnim zakonima o autorskim pravima i za\u0161titnim znakovima.<\/span><\/span><span class=\"EOP SCXW205518629 BCX0\" data-ccp-props=\"{&quot;201341983&quot;:0,&quot;335551550&quot;:6,&quot;335551620&quot;:6,&quot;335559739&quot;:120,&quot;335559740&quot;:240}\">\u00a0<\/span><\/p>\n<\/p>\n\t<\/div>\n<\/section>\n\n<section id=\"txt-header\">\n\t<div class=\"container block-text-header\">\n\t\t<h3>3. Ograni\u010denja kori\u0161tenja sadr\u017eaja na ovoj web stranici <\/h3>\n\t\t<h2><\/h2>\n\t\t<p><p><span class=\"TextRun SCXW249219407 BCX0\" lang=\"EN-US\" xml:lang=\"EN-US\" data-contrast=\"auto\"><span class=\"NormalTextRun SCXW249219407 BCX0\">Osim ako nije izri\u010dito dopu\u0161teno va\u017ee\u0107im zakonom ili kako je dopu\u0161teno ovdje ili drugdje na ovoj web stranici, ili uz prethodno pismeno dopu\u0161tenje od <\/span><span class=\"NormalTextRun SCXW249219407 BCX0\">FUJIFILM<\/span><span class=\"NormalTextRun SCXW249219407 BCX0\">, ili bilo koje tre\u0107e strane koja ima takvu mo\u0107, ovlast, titule ili interes potreban za davanje takvog zakonskog dopu\u0161tenja, zabranjeno vam je mijenjanje, kopiranje, preuzimanje, distribucija, prijenos, prikazivanje, objavljivanje, prodaja, licenciranje, stvaranje izvedenih djela ili na drugi na\u010din kori\u0161tenje bilo kojih Za\u0161titnih znakova ili drugog Sadr\u017eaja dostupnog na ili putem ove Web stranice u komercijalne ili javne svrhe, uklju\u010duju\u0107i, ali ne ograni\u010davaju\u0107i se na, kori\u0161tenje kao meta oznaka na drugim stranicama ili web stranicama na World Wide Webu. Ni\u0161ta u <\/span><span class=\"NormalTextRun SCXW249219407 BCX0\">ovi<\/span><span class=\"NormalTextRun SCXW249219407 BCX0\"> Uvjeti i odredbe daju vam sva prava na Za\u0161titne znakove ili drugi Sadr\u017eaj koja nisu ovdje izri\u010dito navedena.<\/span><\/span><span class=\"EOP SCXW249219407 BCX0\" data-ccp-props=\"{&quot;201341983&quot;:0,&quot;335551550&quot;:6,&quot;335551620&quot;:6,&quot;335559739&quot;:120,&quot;335559740&quot;:240}\">\u00a0<\/span><\/p>\n<\/p>\n\t<\/div>\n<\/section>\n\n<section id=\"txt-header\">\n\t<div class=\"container block-text-header\">\n\t\t<h3>4. Sadr\u017eaj tre\u0107e strane<\/h3>\n\t\t<h2><\/h2>\n\t\t<p><p><span class=\"TextRun SCXW29437703 BCX0\" lang=\"EN-US\" xml:lang=\"EN-US\" data-contrast=\"auto\"><span class=\"NormalTextRun SCXW29437703 BCX0\">Ova web stranica mo\u017ee sadr\u017eavati poveznice na web stranice i sadr\u017eaj tre\u0107ih strana (\u201cSadr\u017eaj tre\u0107ih strana\u201d) kao uslugu vama. Bilo koji Sadr\u017eaj tre\u0107ih strana ili web stranice tre\u0107ih strana dostupne putem poveznica sadr\u017eanih na web stranici predstavljaju vanjske informacije. <\/span><span class=\"NormalTextRun SCXW29437703 BCX0\">FUJIFILM<\/span><span class=\"NormalTextRun SCXW29437703 BCX0\"> ne prati, ne pregledava niti a\u017eurira, te nema nikakvu kontrolu nad bilo kojim Sadr\u017eajem tre\u0107ih strana ili web-stranicama tre\u0107ih strana. Osim ako nije izri\u010dito druga\u010dije navedeno, <\/span><span class=\"NormalTextRun SCXW29437703 BCX0\">FUJIFILM<\/span><span class=\"NormalTextRun SCXW29437703 BCX0\"> ne podr\u017eava niti usvaja bilo koji Sadr\u017eaj tre\u0107e strane i <\/span><span class=\"NormalTextRun SCXW29437703 BCX0\">FUJIFILM<\/span><span class=\"NormalTextRun SCXW29437703 BCX0\"> ne daje nikakvu izjavu, jamstvo ili garanciju u pogledu to\u010dnosti, potpunosti, pravovremenosti ili pouzdanosti bilo kojeg Sadr\u017eaja tre\u0107e strane. Ako koristite ove poveznice i Sadr\u017eaj tre\u0107e strane, \u010dinite to u potpunosti na vlastitu odgovornost. Osim toga, pozivanje na bilo koje proizvode, usluge, procese ili druge informacije trgova\u010dkim nazivom, za\u0161titnim znakom, proizvo\u0111a\u010dem, dobavlja\u010dem ili na drugi na\u010din ne predstavlja niti podrazumijeva bilo kakvo odobrenje, sponzorstvo ili preporuku od strane <\/span><span class=\"NormalTextRun SCXW29437703 BCX0\">FUJIFILM<\/span><span class=\"NormalTextRun SCXW29437703 BCX0\">.<\/span><\/span><span class=\"EOP SCXW29437703 BCX0\" data-ccp-props=\"{&quot;201341983&quot;:0,&quot;335551550&quot;:6,&quot;335551620&quot;:6,&quot;335559739&quot;:120,&quot;335559740&quot;:240}\">\u00a0<\/span><\/p>\n<\/p>\n\t<\/div>\n<\/section>\n\n<section id=\"txt-header\">\n\t<div class=\"container block-text-header\">\n\t\t<h3>5. A\u017euriranja i revizije<\/h3>\n\t\t<h2><\/h2>\n\t\t<p><p><span class=\"TextRun SCXW41304652 BCX0\" lang=\"EN-US\" xml:lang=\"EN-US\" data-contrast=\"auto\"><span class=\"NormalTextRun SCXW41304652 BCX0\">Sadr\u017eaj na ovoj web stranici osigurava <\/span><span class=\"NormalTextRun SCXW41304652 BCX0\">FUJIFILM<\/span><span class=\"NormalTextRun SCXW41304652 BCX0\"> radi va\u0161e udobnosti i podlo\u017eno je promjenama bez prethodne najave. <\/span><span class=\"NormalTextRun SCXW41304652 BCX0\">FUJIFILM<\/span><span class=\"NormalTextRun SCXW41304652 BCX0\"> mo\u017ee, u bilo kojem trenutku i s vremena na vrijeme, revidirati i a\u017eurirati Uvjete<\/span><span class=\"NormalTextRun SCXW41304652 BCX0\"> &amp; Uvjeti i Sadr\u017eaj. <\/span><span class=\"NormalTextRun SCXW41304652 BCX0\">Preporu\u010dujemo da povremeno posje\u0107ujete ovu stranicu kako biste pregledali i upoznali se sa svim trenutnim uvjetima i odredbama te da op\u0107enito pregledavate ovu web stranicu kako biste se upoznali sa svim a\u017euriranjima i izmjenama.<\/span><\/span><span class=\"EOP SCXW41304652 BCX0\" data-ccp-props=\"{&quot;201341983&quot;:0,&quot;335551550&quot;:6,&quot;335551620&quot;:6,&quot;335559739&quot;:120,&quot;335559740&quot;:240}\">\u00a0<\/span><\/p>\n<\/p>\n\t<\/div>\n<\/section>\n\n<section id=\"txt-header\">\n\t<div class=\"container block-text-header\">\n\t\t<h3>6. Nema jamstava<\/h3>\n\t\t<h2><\/h2>\n\t\t<p><p><span class=\"TextRun SCXW233883867 BCX0\" lang=\"EN-US\" xml:lang=\"EN-US\" data-contrast=\"auto\"><span class=\"NormalTextRun SCXW233883867 BCX0\">Ova web stranica, njezin sadr\u017eaj i usluge pru\u017eaju se \u201ckakvi jesu\u201d, bez ikakvog jamstva, izri\u010ditog ili implicitnog. <\/span><span class=\"NormalTextRun SCXW233883867 BCX0\">FUJIFILM<\/span><span class=\"NormalTextRun SCXW233883867 BCX0\"> odri\u010de se svih jamstava, uklju\u010duju\u0107i, ali ne ograni\u010davaju\u0107i se na, implicitna jamstva o prodajnosti i prikladnosti za <\/span><span class=\"NormalTextRun SCXW233883867 BCX0\">odre\u0111enu svrhu, <\/span><span class=\"NormalTextRun SCXW233883867 BCX0\">informativni sadr\u017eaj, integracija sustava ili to\u010dnost.<\/span><\/span><span class=\"EOP SCXW233883867 BCX0\" data-ccp-props=\"{&quot;201341983&quot;:0,&quot;335551550&quot;:6,&quot;335551620&quot;:6,&quot;335559739&quot;:120,&quot;335559740&quot;:240}\">\u00a0<\/span><\/p>\n<\/p>\n\t<\/div>\n<\/section>\n\n<section id=\"txt-header\">\n\t<div class=\"container block-text-header\">\n\t\t<h3>7. Kontakt <\/h3>\n\t\t<h2><\/h2>\n\t\t<p><p><span class=\"TextRun SCXW190873264 BCX0\" lang=\"EN-US\" xml:lang=\"EN-US\" data-contrast=\"auto\"><span class=\"NormalTextRun SCXW190873264 BCX0\">Na\u0161e kontaktne podatke mo\u017eete prona\u0107i u odjeljku &quot;Otpis web stranice&quot;<\/span><span class=\"NormalTextRun SCXW190873264 BCX0\">.<\/span><\/span><span class=\"EOP SCXW190873264 BCX0\" data-ccp-props=\"{&quot;201341983&quot;:0,&quot;335551550&quot;:6,&quot;335551620&quot;:6,&quot;335559739&quot;:120,&quot;335559740&quot;:240}\">\u00a0<\/span><\/p>\n<\/p>\n\t<\/div>\n<\/section>","protected":false},"excerpt":{"rendered":"","protected":false},"author":1,"featured_media":0,"parent":0,"menu_order":0,"comment_status":"closed","ping_status":"closed","template":"","meta":{"inline_featured_image":false,"footnotes":""},"class_list":["post-21159","page","type-page","status-publish","hentry"],"acf":[],"yoast_head":"<!-- This site is optimized with the Yoast SEO plugin v22.0 - https:\/\/yoast.com\/wordpress\/plugins\/seo\/ -->\n<title>Terms of Use - Fujifilm Print EMEA<\/title>\n<meta name=\"robots\" content=\"index, follow, max-snippet:-1, max-image-preview:large, max-video-preview:-1\" \/>\n<link rel=\"canonical\" href=\"https:\/\/5upercolour.com\/hr\/terms-of-use\/\" \/>\n<meta property=\"og:locale\" content=\"hr_HR\" \/>\n<meta property=\"og:type\" content=\"article\" \/>\n<meta property=\"og:title\" content=\"Terms of Use - Fujifilm Print EMEA\" \/>\n<meta property=\"og:url\" content=\"https:\/\/5upercolour.com\/hr\/terms-of-use\/\" \/>\n<meta property=\"og:site_name\" content=\"Fujifilm Print EMEA\" \/>\n<meta property=\"article:modified_time\" content=\"2026-02-17T14:25:38+00:00\" \/>\n<meta name=\"twitter:card\" content=\"summary_large_image\" \/>\n<script type=\"application\/ld+json\" class=\"yoast-schema-graph\">{\"@context\":\"https:\/\/schema.org\",\"@graph\":[{\"@type\":\"WebPage\",\"@id\":\"https:\/\/5upercolour.com\/terms-of-use\/\",\"url\":\"https:\/\/5upercolour.com\/terms-of-use\/\",\"name\":\"Terms of Use - Fujifilm Print EMEA\",\"isPartOf\":{\"@id\":\"https:\/\/5upercolour.com\/#website\"},\"datePublished\":\"2026-02-17T14:25:37+00:00\",\"dateModified\":\"2026-02-17T14:25:38+00:00\",\"breadcrumb\":{\"@id\":\"https:\/\/5upercolour.com\/terms-of-use\/#breadcrumb\"},\"inLanguage\":\"hr\",\"potentialAction\":[{\"@type\":\"ReadAction\",\"target\":[\"https:\/\/5upercolour.com\/terms-of-use\/\"]}]},{\"@type\":\"BreadcrumbList\",\"@id\":\"https:\/\/5upercolour.com\/terms-of-use\/#breadcrumb\",\"itemListElement\":[{\"@type\":\"ListItem\",\"position\":1,\"name\":\"Home\",\"item\":\"https:\/\/5upercolour.com\/\"},{\"@type\":\"ListItem\",\"position\":2,\"name\":\"Terms of Use\"}]},{\"@type\":\"WebSite\",\"@id\":\"https:\/\/5upercolour.com\/#website\",\"url\":\"https:\/\/5upercolour.com\/\",\"name\":\"Fujifilm Print EMEA\",\"description\":\"\",\"publisher\":{\"@id\":\"https:\/\/5upercolour.com\/#organization\"},\"potentialAction\":[{\"@type\":\"SearchAction\",\"target\":{\"@type\":\"EntryPoint\",\"urlTemplate\":\"https:\/\/5upercolour.com\/?s={search_term_string}\"},\"query-input\":\"required name=search_term_string\"}],\"inLanguage\":\"hr\"},{\"@type\":\"Organization\",\"@id\":\"https:\/\/5upercolour.com\/#organization\",\"name\":\"Fujifilm Print EMEA\",\"url\":\"https:\/\/5upercolour.com\/\",\"logo\":{\"@type\":\"ImageObject\",\"inLanguage\":\"hr\",\"@id\":\"https:\/\/5upercolour.com\/#\/schema\/logo\/image\/\",\"url\":\"https:\/\/5upercolour.com\/wp-content\/uploads\/2025\/06\/fujifilm-1.png\",\"contentUrl\":\"https:\/\/5upercolour.com\/wp-content\/uploads\/2025\/06\/fujifilm-1.png\",\"width\":416,\"height\":70,\"caption\":\"Fujifilm Print EMEA\"},\"image\":{\"@id\":\"https:\/\/5upercolour.com\/#\/schema\/logo\/image\/\"}}]}<\/script>\n<!-- \/ Yoast SEO plugin. -->","yoast_head_json":{"title":"Uvjeti kori\u0161tenja - Fujifilm Ispis EMEA","robots":{"index":"index","follow":"follow","max-snippet":"max-snippet:-1","max-image-preview":"max-image-preview:large","max-video-preview":"max-video-preview:-1"},"canonical":"https:\/\/5upercolour.com\/hr\/terms-of-use\/","og_locale":"hr_HR","og_type":"article","og_title":"Terms of Use - Fujifilm Print EMEA","og_url":"https:\/\/5upercolour.com\/hr\/terms-of-use\/","og_site_name":"Fujifilm Print EMEA","article_modified_time":"2026-02-17T14:25:38+00:00","twitter_card":"summary_large_image","schema":{"@context":"https:\/\/schema.org","@graph":[{"@type":"WebPage","@id":"https:\/\/5upercolour.com\/terms-of-use\/","url":"https:\/\/5upercolour.com\/terms-of-use\/","name":"Uvjeti kori\u0161tenja - Fujifilm Ispis EMEA","isPartOf":{"@id":"https:\/\/5upercolour.com\/#website"},"datePublished":"2026-02-17T14:25:37+00:00","dateModified":"2026-02-17T14:25:38+00:00","breadcrumb":{"@id":"https:\/\/5upercolour.com\/terms-of-use\/#breadcrumb"},"inLanguage":"hr","potentialAction":[{"@type":"ReadAction","target":["https:\/\/5upercolour.com\/terms-of-use\/"]}]},{"@type":"BreadcrumbList","@id":"https:\/\/5upercolour.com\/terms-of-use\/#breadcrumb","itemListElement":[{"@type":"ListItem","position":1,"name":"Home","item":"https:\/\/5upercolour.com\/"},{"@type":"ListItem","position":2,"name":"Terms of Use"}]},{"@type":"WebSite","@id":"https:\/\/5upercolour.com\/#website","url":"https:\/\/5upercolour.com\/","name":"Fujifilm Ispis EMEA","description":"","publisher":{"@id":"https:\/\/5upercolour.com\/#organization"},"potentialAction":[{"@type":"SearchAction","target":{"@type":"EntryPoint","urlTemplate":"https:\/\/5upercolour.com\/?s={search_term_string}"},"query-input":"required name=search_term_string"}],"inLanguage":"hr"},{"@type":"Organization","@id":"https:\/\/5upercolour.com\/#organization","name":"Fujifilm Ispis EMEA","url":"https:\/\/5upercolour.com\/","logo":{"@type":"ImageObject","inLanguage":"hr","@id":"https:\/\/5upercolour.com\/#\/schema\/logo\/image\/","url":"https:\/\/5upercolour.com\/wp-content\/uploads\/2025\/06\/fujifilm-1.png","contentUrl":"https:\/\/5upercolour.com\/wp-content\/uploads\/2025\/06\/fujifilm-1.png","width":416,"height":70,"caption":"Fujifilm Print EMEA"},"image":{"@id":"https:\/\/5upercolour.com\/#\/schema\/logo\/image\/"}}]}},"_links":{"self":[{"href":"https:\/\/5upercolour.com\/hr\/wp-json\/wp\/v2\/pages\/21159","targetHints":{"allow":["GET"]}}],"collection":[{"href":"https:\/\/5upercolour.com\/hr\/wp-json\/wp\/v2\/pages"}],"about":[{"href":"https:\/\/5upercolour.com\/hr\/wp-json\/wp\/v2\/types\/page"}],"author":[{"embeddable":true,"href":"https:\/\/5upercolour.com\/hr\/wp-json\/wp\/v2\/users\/1"}],"replies":[{"embeddable":true,"href":"https:\/\/5upercolour.com\/hr\/wp-json\/wp\/v2\/comments?post=21159"}],"version-history":[{"count":1,"href":"https:\/\/5upercolour.com\/hr\/wp-json\/wp\/v2\/pages\/21159\/revisions"}],"predecessor-version":[{"id":21160,"href":"https:\/\/5upercolour.com\/hr\/wp-json\/wp\/v2\/pages\/21159\/revisions\/21160"}],"wp:attachment":[{"href":"https:\/\/5upercolour.com\/hr\/wp-json\/wp\/v2\/media?parent=21159"}],"curies":[{"name":"wp","href":"https:\/\/api.w.org\/{rel}","templated":true}]}}