{"id":21159,"date":"2026-02-17T15:25:37","date_gmt":"2026-02-17T14:25:37","guid":{"rendered":"https:\/\/5upercolour.com\/?page_id=21159"},"modified":"2026-02-17T15:25:38","modified_gmt":"2026-02-17T14:25:38","slug":"terms-of-use","status":"publish","type":"page","link":"https:\/\/5upercolour.com\/fr\/terms-of-use\/","title":{"rendered":"Conditions d'utilisation"},"content":{"rendered":"<section id=\"txt-header\">\n\t<div class=\"container block-text-header\">\n\t\t<h3><\/h3>\n\t\t<h2>Termes et conditions d&#039;utilisation<\/h2>\n\t\t<p><p><span data-contrast=\"auto\">Merci d&#039;avoir visit\u00e9 ce site Web. Ce site Web, y compris toutes les pages en langue locale sp\u00e9cifiques \u00e0 chaque pays et toutes les autres pages, est la propri\u00e9t\u00e9 de FUJIFILM Europe et est maintenu et mis \u00e0 la disposition du public uniquement par FUJIFILM dans le but d&#039;offrir \u00e0 ceux qui sont int\u00e9ress\u00e9s par FUJIFILM Corporation en Europe et Les produits et services de FUJIFILM constituent un moyen pratique de trouver des informations pertinentes, telles que les derniers communiqu\u00e9s de presse, les informations financi\u00e8res, la gamme de produits, les coordonn\u00e9es locales et les sites Web appartenant aux filiales de FUJIFILM ou \u00e0 ses distributeurs.<\/span><span data-ccp-props=\"{&quot;201341983&quot;:0,&quot;335551550&quot;:6,&quot;335551620&quot;:6,&quot;335559739&quot;:120,&quot;335559740&quot;:240}\">\u00a0<\/span><\/p>\n<p><span data-contrast=\"auto\">Votre acc\u00e8s, votre navigation et votre utilisation de ce site Web sont r\u00e9gis par les conditions g\u00e9n\u00e9rales suivantes et par tout autre terme, condition ou directive \u00e9nonc\u00e9e ailleurs sur ce site Web, ainsi que par toutes les lois, r\u00e8gles et r\u00e9glementations applicables, y compris, mais sans s&#039;y limiter. lois concernant les marques, les droits d&#039;auteur, les droits \u00e0 la vie priv\u00e9e et la diffamation.<\/span><span data-ccp-props=\"{&quot;201341983&quot;:0,&quot;335551550&quot;:6,&quot;335551620&quot;:6,&quot;335559739&quot;:120,&quot;335559740&quot;:240}\">\u00a0<\/span><\/p>\n<p><span data-contrast=\"auto\">Par cons\u00e9quent, FUJIFILM vous demande de lire attentivement les Conditions g\u00e9n\u00e9rales.<\/span><span data-ccp-props=\"{&quot;201341983&quot;:0,&quot;335551550&quot;:6,&quot;335551620&quot;:6,&quot;335559739&quot;:120,&quot;335559740&quot;:240}\">\u00a0<\/span><\/p>\n<\/p>\n\t<\/div>\n<\/section>\n\n<section id=\"txt-header\">\n\t<div class=\"container block-text-header\">\n\t\t<h3>1. Utilisation de ce site Web <\/h3>\n\t\t<h2><\/h2>\n\t\t<p><p><span data-contrast=\"auto\">Ces conditions g\u00e9n\u00e9rales s&#039;appliquent \u00e0 ce site Web et \u00e0 tout autre site Web qui renvoie aux conditions g\u00e9n\u00e9rales. Vous pouvez trouver des termes et conditions suppl\u00e9mentaires relatifs \u00e0 des pages sp\u00e9cifiques de ce site Web. Votre utilisation de ces pages de ce site Web est r\u00e9gie par les termes et conditions de ces pages. En cas de conflit entre les conditions g\u00e9n\u00e9rales fournies ici et les conditions g\u00e9n\u00e9rales suppl\u00e9mentaires fournies ailleurs sur ce site Web, les conditions g\u00e9n\u00e9rales suppl\u00e9mentaires pr\u00e9vaudront.<\/span><span data-ccp-props=\"{&quot;201341983&quot;:0,&quot;335551550&quot;:6,&quot;335551620&quot;:6,&quot;335559739&quot;:120,&quot;335559740&quot;:240}\">\u00a0<\/span><\/p>\n<p><span data-contrast=\"auto\">Sous r\u00e9serve des pr\u00e9sentes Conditions g\u00e9n\u00e9rales, FUJIFILM vous accorde par la pr\u00e9sente, en vertu des droits de propri\u00e9t\u00e9 intellectuelle de FUJIFILM, un droit non exclusif, mondial et non transf\u00e9rable d&#039;utiliser ce site Web et le contenu qui y est inclus uniquement pour un usage personnel et non commercial, sous r\u00e9serve des restrictions. et les obligations \u00e9nonc\u00e9es dans les pr\u00e9sentes Conditions g\u00e9n\u00e9rales. Des droits plus \u00e9tendus ne sont pas accord\u00e9s.<\/span><span data-ccp-props=\"{&quot;201341983&quot;:0,&quot;335551550&quot;:6,&quot;335551620&quot;:6,&quot;335559739&quot;:120,&quot;335559740&quot;:240}\">\u00a0<\/span><\/p>\n<\/p>\n\t<\/div>\n<\/section>\n\n<section id=\"txt-header\">\n\t<div class=\"container block-text-header\">\n\t\t<h3>2. Droits de propri\u00e9t\u00e9 intellectuelle <\/h3>\n\t\t<h2><\/h2>\n\t\t<p><p><span class=\"TextRun SCXW205518629 BCX0\" lang=\"EN-US\" xml:lang=\"EN-US\" data-contrast=\"auto\"><span class=\"NormalTextRun SCXW205518629 BCX0\">Sauf indication ou indication contraire, tous les textes, programmes logiciels disponibles sur ou via ce site Web et tout autre contenu inclus sur ce site Web (\u00ab Contenu \u00bb), y compris les marques commerciales (d\u00e9pos\u00e9es et non enregistr\u00e9es), les graphiques, les photographies, les images, les logos et les marques de service ( collectivement, les \u00ab Marques \u00bb) et la s\u00e9lection, la disposition et \u00ab l\u2019apparence \u00bb des Marques et autres Contenus sont la propri\u00e9t\u00e9 de <\/span><span class=\"NormalTextRun SCXW205518629 BCX0\">FUJIFILM<\/span><span class=\"NormalTextRun SCXW205518629 BCX0\"> ou la propri\u00e9t\u00e9 de tiers qui ont accord\u00e9 <\/span><span class=\"NormalTextRun SCXW205518629 BCX0\">FUJIFILM<\/span><span class=\"NormalTextRun SCXW205518629 BCX0\"> autorisation d&#039;utiliser ce contenu sur ce site Web. Tout le contenu est prot\u00e9g\u00e9 par les lois internationales sur le droit d&#039;auteur et les marques.<\/span><\/span><span class=\"EOP SCXW205518629 BCX0\" data-ccp-props=\"{&quot;201341983&quot;:0,&quot;335551550&quot;:6,&quot;335551620&quot;:6,&quot;335559739&quot;:120,&quot;335559740&quot;:240}\">\u00a0<\/span><\/p>\n<\/p>\n\t<\/div>\n<\/section>\n\n<section id=\"txt-header\">\n\t<div class=\"container block-text-header\">\n\t\t<h3>3. Restrictions d&#039;utilisation du contenu de ce site Web <\/h3>\n\t\t<h2><\/h2>\n\t\t<p><p><span class=\"TextRun SCXW249219407 BCX0\" lang=\"EN-US\" xml:lang=\"EN-US\" data-contrast=\"auto\"><span class=\"NormalTextRun SCXW249219407 BCX0\">Sauf dans la mesure express\u00e9ment autoris\u00e9e par la loi applicable ou dans la mesure permise ici ou ailleurs sur ce site Web, ou en obtenant l&#039;autorisation \u00e9crite pr\u00e9alable de <\/span><span class=\"NormalTextRun SCXW249219407 BCX0\">FUJIFILM<\/span><span class=\"NormalTextRun SCXW249219407 BCX0\">, ou tout tiers disposant du pouvoir, de l&#039;autorit\u00e9, des titres ou des int\u00e9r\u00eats n\u00e9cessaires pour accorder une telle autorisation l\u00e9gale, il vous est interdit de modifier, copier, t\u00e9l\u00e9charger, distribuer, transmettre, afficher, publier, vendre, conc\u00e9der sous licence, cr\u00e9er des \u0153uvres d\u00e9riv\u00e9es ou utiliser autrement des marques ou tout autre contenu disponible sur ou via ce site Web \u00e0 des fins commerciales ou publiques, y compris, mais sans s&#039;y limiter, l&#039;utilisation comme balises m\u00e9ta sur d&#039;autres pages ou sites Web du World Wide Web. Rien dans <\/span><span class=\"NormalTextRun SCXW249219407 BCX0\">ces<\/span><span class=\"NormalTextRun SCXW249219407 BCX0\"> Les Conditions g\u00e9n\u00e9rales vous conf\u00e8rent des droits sur les Marques ou tout autre Contenu qui ne sont pas sp\u00e9cifiquement mentionn\u00e9s dans les pr\u00e9sentes.<\/span><\/span><span class=\"EOP SCXW249219407 BCX0\" data-ccp-props=\"{&quot;201341983&quot;:0,&quot;335551550&quot;:6,&quot;335551620&quot;:6,&quot;335559739&quot;:120,&quot;335559740&quot;:240}\">\u00a0<\/span><\/p>\n<\/p>\n\t<\/div>\n<\/section>\n\n<section id=\"txt-header\">\n\t<div class=\"container block-text-header\">\n\t\t<h3>4. Contenu tiers<\/h3>\n\t\t<h2><\/h2>\n\t\t<p><p><span class=\"TextRun SCXW29437703 BCX0\" lang=\"EN-US\" xml:lang=\"EN-US\" data-contrast=\"auto\"><span class=\"NormalTextRun SCXW29437703 BCX0\">Ce site Web peut contenir des liens vers des sites Web et du contenu de tiers (\u00ab Contenu tiers \u00bb) en tant que service pour vous. Tout Contenu Tiers ou sites Internet tiers accessibles via les liens contenus sur le Site Internet constituent des informations externes. <\/span><span class=\"NormalTextRun SCXW29437703 BCX0\">FUJIFILM<\/span><span class=\"NormalTextRun SCXW29437703 BCX0\"> ne surveille, n&#039;examine ni ne met \u00e0 jour, et n&#039;a aucun contr\u00f4le sur le contenu tiers ou les sites Web tiers. Sauf indication contraire expresse, <\/span><span class=\"NormalTextRun SCXW29437703 BCX0\">FUJIFILM<\/span><span class=\"NormalTextRun SCXW29437703 BCX0\"> n&#039;approuve ni n&#039;adopte aucun contenu tiers, et <\/span><span class=\"NormalTextRun SCXW29437703 BCX0\">FUJIFILM<\/span><span class=\"NormalTextRun SCXW29437703 BCX0\"> ne fait aucune repr\u00e9sentation ni garantie quant \u00e0 l&#039;exactitude, l&#039;exhaustivit\u00e9, l&#039;actualit\u00e9 ou la fiabilit\u00e9 de tout contenu tiers. Si vous utilisez ces liens et le contenu tiers, vous le faites enti\u00e8rement \u00e0 vos propres risques. De plus, la r\u00e9f\u00e9rence \u00e0 des produits, services, processus ou autres informations par nom commercial, marque commerciale, fabricant, fournisseur ou autre ne constitue ni n&#039;implique aucune approbation, parrainage ou recommandation de la part de <\/span><span class=\"NormalTextRun SCXW29437703 BCX0\">FUJIFILM<\/span><span class=\"NormalTextRun SCXW29437703 BCX0\">.<\/span><\/span><span class=\"EOP SCXW29437703 BCX0\" data-ccp-props=\"{&quot;201341983&quot;:0,&quot;335551550&quot;:6,&quot;335551620&quot;:6,&quot;335559739&quot;:120,&quot;335559740&quot;:240}\">\u00a0<\/span><\/p>\n<\/p>\n\t<\/div>\n<\/section>\n\n<section id=\"txt-header\">\n\t<div class=\"container block-text-header\">\n\t\t<h3>5. Mises \u00e0 jour et r\u00e9visions<\/h3>\n\t\t<h2><\/h2>\n\t\t<p><p><span class=\"TextRun SCXW41304652 BCX0\" lang=\"EN-US\" xml:lang=\"EN-US\" data-contrast=\"auto\"><span class=\"NormalTextRun SCXW41304652 BCX0\">Le contenu de ce site Web est fourni par <\/span><span class=\"NormalTextRun SCXW41304652 BCX0\">FUJIFILM<\/span><span class=\"NormalTextRun SCXW41304652 BCX0\"> pour votre commodit\u00e9 et est sujet \u00e0 changement sans pr\u00e9avis. <\/span><span class=\"NormalTextRun SCXW41304652 BCX0\">FUJIFILM<\/span><span class=\"NormalTextRun SCXW41304652 BCX0\"> peut, \u00e0 tout moment et de temps \u00e0 autre, r\u00e9viser et mettre \u00e0 jour les Conditions<\/span><span class=\"NormalTextRun SCXW41304652 BCX0\"> &amp; Conditions et le Contenu. <\/span><span class=\"NormalTextRun SCXW41304652 BCX0\">Nous vous recommandons de visiter p\u00e9riodiquement cette page pour examiner et vous familiariser avec tous les termes et conditions en vigueur et de consulter ce site Web de mani\u00e8re g\u00e9n\u00e9rale pour vous familiariser avec les mises \u00e0 jour et les r\u00e9visions.<\/span><\/span><span class=\"EOP SCXW41304652 BCX0\" data-ccp-props=\"{&quot;201341983&quot;:0,&quot;335551550&quot;:6,&quot;335551620&quot;:6,&quot;335559739&quot;:120,&quot;335559740&quot;:240}\">\u00a0<\/span><\/p>\n<\/p>\n\t<\/div>\n<\/section>\n\n<section id=\"txt-header\">\n\t<div class=\"container block-text-header\">\n\t\t<h3>6. Aucune garantie<\/h3>\n\t\t<h2><\/h2>\n\t\t<p><p><span class=\"TextRun SCXW233883867 BCX0\" lang=\"EN-US\" xml:lang=\"EN-US\" data-contrast=\"auto\"><span class=\"NormalTextRun SCXW233883867 BCX0\">Ce site Web, son contenu et ses services sont fournis \u00ab tels quels \u00bb, sans garantie d&#039;aucune sorte, expresse ou implicite. <\/span><span class=\"NormalTextRun SCXW233883867 BCX0\">FUJIFILM<\/span><span class=\"NormalTextRun SCXW233883867 BCX0\"> d\u00e9cline toute garantie, y compris, mais sans s&#039;y limiter, les garanties implicites de qualit\u00e9 marchande et d&#039;ad\u00e9quation \u00e0 un <\/span><span class=\"NormalTextRun SCXW233883867 BCX0\">raison particuli\u00e8re, <\/span><span class=\"NormalTextRun SCXW233883867 BCX0\">contenu informatif, int\u00e9gration du syst\u00e8me ou exactitude.<\/span><\/span><span class=\"EOP SCXW233883867 BCX0\" data-ccp-props=\"{&quot;201341983&quot;:0,&quot;335551550&quot;:6,&quot;335551620&quot;:6,&quot;335559739&quot;:120,&quot;335559740&quot;:240}\">\u00a0<\/span><\/p>\n<\/p>\n\t<\/div>\n<\/section>\n\n<section id=\"txt-header\">\n\t<div class=\"container block-text-header\">\n\t\t<h3>7. Contacter <\/h3>\n\t\t<h2><\/h2>\n\t\t<p><p><span class=\"TextRun SCXW190873264 BCX0\" lang=\"EN-US\" xml:lang=\"EN-US\" data-contrast=\"auto\"><span class=\"NormalTextRun SCXW190873264 BCX0\">Veuillez trouver nos coordonn\u00e9es sous l&#039;empreinte du site Web<\/span><span class=\"NormalTextRun SCXW190873264 BCX0\">.<\/span><\/span><span class=\"EOP SCXW190873264 BCX0\" data-ccp-props=\"{&quot;201341983&quot;:0,&quot;335551550&quot;:6,&quot;335551620&quot;:6,&quot;335559739&quot;:120,&quot;335559740&quot;:240}\">\u00a0<\/span><\/p>\n<\/p>\n\t<\/div>\n<\/section>","protected":false},"excerpt":{"rendered":"","protected":false},"author":1,"featured_media":0,"parent":0,"menu_order":0,"comment_status":"closed","ping_status":"closed","template":"","meta":{"inline_featured_image":false,"footnotes":""},"class_list":["post-21159","page","type-page","status-publish","hentry"],"acf":[],"yoast_head":"<!-- This site is optimized with the Yoast SEO plugin v22.0 - https:\/\/yoast.com\/wordpress\/plugins\/seo\/ -->\n<title>Terms of Use - Fujifilm Print EMEA<\/title>\n<meta name=\"robots\" content=\"index, follow, max-snippet:-1, max-image-preview:large, max-video-preview:-1\" \/>\n<link rel=\"canonical\" href=\"https:\/\/5upercolour.com\/fr\/terms-of-use\/\" \/>\n<meta property=\"og:locale\" content=\"fr_FR\" \/>\n<meta property=\"og:type\" content=\"article\" \/>\n<meta property=\"og:title\" content=\"Terms of Use - Fujifilm Print EMEA\" \/>\n<meta property=\"og:url\" content=\"https:\/\/5upercolour.com\/fr\/terms-of-use\/\" \/>\n<meta property=\"og:site_name\" content=\"Fujifilm Print EMEA\" \/>\n<meta property=\"article:modified_time\" content=\"2026-02-17T14:25:38+00:00\" \/>\n<meta name=\"twitter:card\" content=\"summary_large_image\" \/>\n<script type=\"application\/ld+json\" class=\"yoast-schema-graph\">{\"@context\":\"https:\/\/schema.org\",\"@graph\":[{\"@type\":\"WebPage\",\"@id\":\"https:\/\/5upercolour.com\/terms-of-use\/\",\"url\":\"https:\/\/5upercolour.com\/terms-of-use\/\",\"name\":\"Terms of Use - Fujifilm Print EMEA\",\"isPartOf\":{\"@id\":\"https:\/\/5upercolour.com\/#website\"},\"datePublished\":\"2026-02-17T14:25:37+00:00\",\"dateModified\":\"2026-02-17T14:25:38+00:00\",\"breadcrumb\":{\"@id\":\"https:\/\/5upercolour.com\/terms-of-use\/#breadcrumb\"},\"inLanguage\":\"fr-FR\",\"potentialAction\":[{\"@type\":\"ReadAction\",\"target\":[\"https:\/\/5upercolour.com\/terms-of-use\/\"]}]},{\"@type\":\"BreadcrumbList\",\"@id\":\"https:\/\/5upercolour.com\/terms-of-use\/#breadcrumb\",\"itemListElement\":[{\"@type\":\"ListItem\",\"position\":1,\"name\":\"Home\",\"item\":\"https:\/\/5upercolour.com\/\"},{\"@type\":\"ListItem\",\"position\":2,\"name\":\"Terms of Use\"}]},{\"@type\":\"WebSite\",\"@id\":\"https:\/\/5upercolour.com\/#website\",\"url\":\"https:\/\/5upercolour.com\/\",\"name\":\"Fujifilm Print EMEA\",\"description\":\"\",\"publisher\":{\"@id\":\"https:\/\/5upercolour.com\/#organization\"},\"potentialAction\":[{\"@type\":\"SearchAction\",\"target\":{\"@type\":\"EntryPoint\",\"urlTemplate\":\"https:\/\/5upercolour.com\/?s={search_term_string}\"},\"query-input\":\"required name=search_term_string\"}],\"inLanguage\":\"fr-FR\"},{\"@type\":\"Organization\",\"@id\":\"https:\/\/5upercolour.com\/#organization\",\"name\":\"Fujifilm Print EMEA\",\"url\":\"https:\/\/5upercolour.com\/\",\"logo\":{\"@type\":\"ImageObject\",\"inLanguage\":\"fr-FR\",\"@id\":\"https:\/\/5upercolour.com\/#\/schema\/logo\/image\/\",\"url\":\"https:\/\/5upercolour.com\/wp-content\/uploads\/2025\/06\/fujifilm-1.png\",\"contentUrl\":\"https:\/\/5upercolour.com\/wp-content\/uploads\/2025\/06\/fujifilm-1.png\",\"width\":416,\"height\":70,\"caption\":\"Fujifilm Print EMEA\"},\"image\":{\"@id\":\"https:\/\/5upercolour.com\/#\/schema\/logo\/image\/\"}}]}<\/script>\n<!-- \/ Yoast SEO plugin. -->","yoast_head_json":{"title":"Conditions d&#039;utilisation - Fujifilm Print EMEA","robots":{"index":"index","follow":"follow","max-snippet":"max-snippet:-1","max-image-preview":"max-image-preview:large","max-video-preview":"max-video-preview:-1"},"canonical":"https:\/\/5upercolour.com\/fr\/terms-of-use\/","og_locale":"fr_FR","og_type":"article","og_title":"Terms of Use - Fujifilm Print EMEA","og_url":"https:\/\/5upercolour.com\/fr\/terms-of-use\/","og_site_name":"Fujifilm Print EMEA","article_modified_time":"2026-02-17T14:25:38+00:00","twitter_card":"summary_large_image","schema":{"@context":"https:\/\/schema.org","@graph":[{"@type":"WebPage","@id":"https:\/\/5upercolour.com\/terms-of-use\/","url":"https:\/\/5upercolour.com\/terms-of-use\/","name":"Conditions d&#039;utilisation - Fujifilm Print EMEA","isPartOf":{"@id":"https:\/\/5upercolour.com\/#website"},"datePublished":"2026-02-17T14:25:37+00:00","dateModified":"2026-02-17T14:25:38+00:00","breadcrumb":{"@id":"https:\/\/5upercolour.com\/terms-of-use\/#breadcrumb"},"inLanguage":"fr-FR","potentialAction":[{"@type":"ReadAction","target":["https:\/\/5upercolour.com\/terms-of-use\/"]}]},{"@type":"BreadcrumbList","@id":"https:\/\/5upercolour.com\/terms-of-use\/#breadcrumb","itemListElement":[{"@type":"ListItem","position":1,"name":"Home","item":"https:\/\/5upercolour.com\/"},{"@type":"ListItem","position":2,"name":"Terms of Use"}]},{"@type":"WebSite","@id":"https:\/\/5upercolour.com\/#website","url":"https:\/\/5upercolour.com\/","name":"Fujifilm Imprimer EMEA","description":"","publisher":{"@id":"https:\/\/5upercolour.com\/#organization"},"potentialAction":[{"@type":"SearchAction","target":{"@type":"EntryPoint","urlTemplate":"https:\/\/5upercolour.com\/?s={search_term_string}"},"query-input":"required name=search_term_string"}],"inLanguage":"fr-FR"},{"@type":"Organization","@id":"https:\/\/5upercolour.com\/#organization","name":"Fujifilm Imprimer EMEA","url":"https:\/\/5upercolour.com\/","logo":{"@type":"ImageObject","inLanguage":"fr-FR","@id":"https:\/\/5upercolour.com\/#\/schema\/logo\/image\/","url":"https:\/\/5upercolour.com\/wp-content\/uploads\/2025\/06\/fujifilm-1.png","contentUrl":"https:\/\/5upercolour.com\/wp-content\/uploads\/2025\/06\/fujifilm-1.png","width":416,"height":70,"caption":"Fujifilm Print EMEA"},"image":{"@id":"https:\/\/5upercolour.com\/#\/schema\/logo\/image\/"}}]}},"_links":{"self":[{"href":"https:\/\/5upercolour.com\/fr\/wp-json\/wp\/v2\/pages\/21159","targetHints":{"allow":["GET"]}}],"collection":[{"href":"https:\/\/5upercolour.com\/fr\/wp-json\/wp\/v2\/pages"}],"about":[{"href":"https:\/\/5upercolour.com\/fr\/wp-json\/wp\/v2\/types\/page"}],"author":[{"embeddable":true,"href":"https:\/\/5upercolour.com\/fr\/wp-json\/wp\/v2\/users\/1"}],"replies":[{"embeddable":true,"href":"https:\/\/5upercolour.com\/fr\/wp-json\/wp\/v2\/comments?post=21159"}],"version-history":[{"count":1,"href":"https:\/\/5upercolour.com\/fr\/wp-json\/wp\/v2\/pages\/21159\/revisions"}],"predecessor-version":[{"id":21160,"href":"https:\/\/5upercolour.com\/fr\/wp-json\/wp\/v2\/pages\/21159\/revisions\/21160"}],"wp:attachment":[{"href":"https:\/\/5upercolour.com\/fr\/wp-json\/wp\/v2\/media?parent=21159"}],"curies":[{"name":"wp","href":"https:\/\/api.w.org\/{rel}","templated":true}]}}