{"id":21159,"date":"2026-02-17T15:25:37","date_gmt":"2026-02-17T14:25:37","guid":{"rendered":"https:\/\/5upercolour.com\/?page_id=21159"},"modified":"2026-02-17T15:25:38","modified_gmt":"2026-02-17T14:25:38","slug":"terms-of-use","status":"publish","type":"page","link":"https:\/\/5upercolour.com\/es\/terms-of-use\/","title":{"rendered":"Condiciones de uso"},"content":{"rendered":"<section id=\"txt-header\">\n\t<div class=\"container block-text-header\">\n\t\t<h3><\/h3>\n\t\t<h2>Condiciones de uso<\/h2>\n\t\t<p><p><span data-contrast=\"auto\">Gracias por visitar este sitio web. Este sitio web, incluidas todas las p\u00e1ginas en el idioma local espec\u00edfico del pa\u00eds y todas las dem\u00e1s p\u00e1ginas, es propiedad de FUJIFILM Europa y est\u00e1 mantenido y puesto a disposici\u00f3n del p\u00fablico exclusivamente por FUJIFILM con el fin de ofrecer a aquellos que est\u00e9n interesados en FUJIFILM Corporation en Europa y en los productos y servicios de FUJIFILM una forma c\u00f3moda de encontrar informaci\u00f3n relevante, como los \u00faltimos comunicados de prensa, informaci\u00f3n financiera, l\u00ednea de productos, informaci\u00f3n de contacto local y sitios web propiedad de las filiales de FUJIFILM o de sus distribuidores.<\/span><span data-ccp-props=\"{&quot;201341983&quot;:0,&quot;335551550&quot;:6,&quot;335551620&quot;:6,&quot;335559739&quot;:120,&quot;335559740&quot;:240}\">\u00a0<\/span><\/p>\n<p><span data-contrast=\"auto\">Su acceso, navegaci\u00f3n y uso de este sitio web se rige por los siguientes T\u00e9rminos y Condiciones y cualesquiera otros t\u00e9rminos, condiciones o directrices establecidos en otras partes de este sitio web, as\u00ed como por todas las leyes, normas y reglamentos aplicables, incluidas, entre otras, las leyes relativas a marcas comerciales, derechos de autor, derechos de privacidad y difamaci\u00f3n.<\/span><span data-ccp-props=\"{&quot;201341983&quot;:0,&quot;335551550&quot;:6,&quot;335551620&quot;:6,&quot;335559739&quot;:120,&quot;335559740&quot;:240}\">\u00a0<\/span><\/p>\n<p><span data-contrast=\"auto\">Por lo tanto, FUJIFILM le ruega que lea atentamente los T\u00e9rminos y Condiciones.<\/span><span data-ccp-props=\"{&quot;201341983&quot;:0,&quot;335551550&quot;:6,&quot;335551620&quot;:6,&quot;335559739&quot;:120,&quot;335559740&quot;:240}\">\u00a0<\/span><\/p>\n<\/p>\n\t<\/div>\n<\/section>\n\n<section id=\"txt-header\">\n\t<div class=\"container block-text-header\">\n\t\t<h3>1. Uso de este sitio web <\/h3>\n\t\t<h2><\/h2>\n\t\t<p><p><span data-contrast=\"auto\">Las presentes Condiciones Generales se aplican a este sitio web y a cualquier otro sitio web que tenga un enlace a las mismas. Puede encontrar t\u00e9rminos y condiciones adicionales relativos a p\u00e1ginas espec\u00edficas de este sitio web. El uso que usted haga de dichas p\u00e1ginas dentro de este sitio web se regir\u00e1 por los t\u00e9rminos y condiciones de dichas p\u00e1ginas. En caso de conflicto entre las presentes Condiciones Generales y las condiciones adicionales establecidas en otras secciones de este sitio web, prevalecer\u00e1n las condiciones adicionales.<\/span><span data-ccp-props=\"{&quot;201341983&quot;:0,&quot;335551550&quot;:6,&quot;335551620&quot;:6,&quot;335559739&quot;:120,&quot;335559740&quot;:240}\">\u00a0<\/span><\/p>\n<p><span data-contrast=\"auto\">Sujeto a estos T\u00e9rminos y Condiciones, FUJIFILM le concede por la presente, en virtud de los derechos de propiedad intelectual de FUJIFILM, un derecho no exclusivo, mundial e intransferible a utilizar este Sitio Web y el Contenido incluido en el mismo \u00fanicamente para uso personal y no comercial sujeto a las restricciones y obligaciones establecidas en estos T\u00e9rminos y Condiciones. No se conceden otros derechos de alcance.<\/span><span data-ccp-props=\"{&quot;201341983&quot;:0,&quot;335551550&quot;:6,&quot;335551620&quot;:6,&quot;335559739&quot;:120,&quot;335559740&quot;:240}\">\u00a0<\/span><\/p>\n<\/p>\n\t<\/div>\n<\/section>\n\n<section id=\"txt-header\">\n\t<div class=\"container block-text-header\">\n\t\t<h3>2. Derechos de propiedad intelectual <\/h3>\n\t\t<h2><\/h2>\n\t\t<p><p><span class=\"TextRun SCXW205518629 BCX0\" lang=\"EN-US\" xml:lang=\"EN-US\" data-contrast=\"auto\"><span class=\"NormalTextRun SCXW205518629 BCX0\">A menos que se indique lo contrario, todos los textos, programas de software disponibles en o a trav\u00e9s de este sitio web, y otros contenidos incluidos en este sitio web (\u201cContenido\u201d), incluidas las marcas comerciales (registradas y no registradas), gr\u00e1ficos, fotograf\u00edas, im\u00e1genes, logotipos y marcas de servicio (colectivamente, las \u201cMarcas\u201d) y la selecci\u00f3n, disposici\u00f3n y \u201clook and feel\u201d de las Marcas y otros Contenidos son propiedad de <\/span><span class=\"NormalTextRun SCXW205518629 BCX0\">FUJIFILM<\/span><span class=\"NormalTextRun SCXW205518629 BCX0\"> o la propiedad de terceros que hayan concedido <\/span><span class=\"NormalTextRun SCXW205518629 BCX0\">FUJIFILM<\/span><span class=\"NormalTextRun SCXW205518629 BCX0\"> permiso para utilizar dicho Contenido en este Sitio Web. Todo el Contenido est\u00e1 protegido por las leyes internacionales de derechos de autor y marcas registradas.<\/span><\/span><span class=\"EOP SCXW205518629 BCX0\" data-ccp-props=\"{&quot;201341983&quot;:0,&quot;335551550&quot;:6,&quot;335551620&quot;:6,&quot;335559739&quot;:120,&quot;335559740&quot;:240}\">\u00a0<\/span><\/p>\n<\/p>\n\t<\/div>\n<\/section>\n\n<section id=\"txt-header\">\n\t<div class=\"container block-text-header\">\n\t\t<h3>3. Restricciones de uso del contenido de este sitio web <\/h3>\n\t\t<h2><\/h2>\n\t\t<p><p><span class=\"TextRun SCXW249219407 BCX0\" lang=\"EN-US\" xml:lang=\"EN-US\" data-contrast=\"auto\"><span class=\"NormalTextRun SCXW249219407 BCX0\">Salvo en los casos expresamente permitidos por la legislaci\u00f3n aplicable o permitidos en el presente sitio web o en cualquier otra parte del mismo, o mediante la obtenci\u00f3n de un permiso previo por escrito de <\/span><span class=\"NormalTextRun SCXW249219407 BCX0\">FUJIFILM<\/span><span class=\"NormalTextRun SCXW249219407 BCX0\">, o cualquier tercero que tenga el poder, la autoridad, los t\u00edtulos o los intereses necesarios para conceder dicho permiso legal, se le proh\u00edbe modificar, copiar, descargar, distribuir, transmitir, mostrar, publicar, vender, conceder licencias, crear trabajos derivados o utilizar de cualquier otro modo cualquier Marca u otro Contenido disponible en o a trav\u00e9s de este Sitio Web con fines comerciales o p\u00fablicos, incluido, entre otros, el uso como metaetiquetas en otras p\u00e1ginas o sitios web de la World Wide Web. Nada de lo dispuesto en <\/span><span class=\"NormalTextRun SCXW249219407 BCX0\">estos<\/span><span class=\"NormalTextRun SCXW249219407 BCX0\"> Condiciones Generales le confiere ning\u00fan derecho sobre las Marcas u otros Contenidos que no se mencione espec\u00edficamente en el presente documento.<\/span><\/span><span class=\"EOP SCXW249219407 BCX0\" data-ccp-props=\"{&quot;201341983&quot;:0,&quot;335551550&quot;:6,&quot;335551620&quot;:6,&quot;335559739&quot;:120,&quot;335559740&quot;:240}\">\u00a0<\/span><\/p>\n<\/p>\n\t<\/div>\n<\/section>\n\n<section id=\"txt-header\">\n\t<div class=\"container block-text-header\">\n\t\t<h3>4. Contenidos de terceros<\/h3>\n\t\t<h2><\/h2>\n\t\t<p><p><span class=\"TextRun SCXW29437703 BCX0\" lang=\"EN-US\" xml:lang=\"EN-US\" data-contrast=\"auto\"><span class=\"NormalTextRun SCXW29437703 BCX0\">Este sitio web puede contener enlaces a sitios web y contenidos de terceros (\u201cContenidos de terceros\u201d) como un servicio para usted. Cualquier Contenido de Terceros o sitios web de terceros accesibles a trav\u00e9s de los enlaces contenidos en el Sitio Web son informaci\u00f3n externa. <\/span><span class=\"NormalTextRun SCXW29437703 BCX0\">FUJIFILM<\/span><span class=\"NormalTextRun SCXW29437703 BCX0\"> no supervisa, revisa ni actualiza, y no tiene ning\u00fan control sobre ning\u00fan Contenido de terceros o sitios web de terceros. A menos que se indique expresamente lo contrario, <\/span><span class=\"NormalTextRun SCXW29437703 BCX0\">FUJIFILM<\/span><span class=\"NormalTextRun SCXW29437703 BCX0\"> no respalda ni adopta ning\u00fan Contenido de Terceros, y <\/span><span class=\"NormalTextRun SCXW29437703 BCX0\">FUJIFILM<\/span><span class=\"NormalTextRun SCXW29437703 BCX0\"> no garantiza la exactitud, integridad, actualidad o fiabilidad de los Contenidos de Terceros. Si usted utiliza estos enlaces y el Contenido de Terceros, lo hace bajo su propia responsabilidad. Adem\u00e1s, la referencia a cualquier producto, servicio, proceso u otra informaci\u00f3n por su nombre comercial, marca registrada, fabricante, proveedor o de otro modo no constituye ni implica ning\u00fan respaldo, patrocinio o recomendaci\u00f3n por parte de <\/span><span class=\"NormalTextRun SCXW29437703 BCX0\">FUJIFILM<\/span><span class=\"NormalTextRun SCXW29437703 BCX0\">.<\/span><\/span><span class=\"EOP SCXW29437703 BCX0\" data-ccp-props=\"{&quot;201341983&quot;:0,&quot;335551550&quot;:6,&quot;335551620&quot;:6,&quot;335559739&quot;:120,&quot;335559740&quot;:240}\">\u00a0<\/span><\/p>\n<\/p>\n\t<\/div>\n<\/section>\n\n<section id=\"txt-header\">\n\t<div class=\"container block-text-header\">\n\t\t<h3>5. Actualizaciones y revisiones<\/h3>\n\t\t<h2><\/h2>\n\t\t<p><p><span class=\"TextRun SCXW41304652 BCX0\" lang=\"EN-US\" xml:lang=\"EN-US\" data-contrast=\"auto\"><span class=\"NormalTextRun SCXW41304652 BCX0\">Los contenidos de este sitio web son proporcionados por <\/span><span class=\"NormalTextRun SCXW41304652 BCX0\">FUJIFILM<\/span><span class=\"NormalTextRun SCXW41304652 BCX0\"> para su comodidad y est\u00e1 sujeta a cambios sin previo aviso. <\/span><span class=\"NormalTextRun SCXW41304652 BCX0\">FUJIFILM<\/span><span class=\"NormalTextRun SCXW41304652 BCX0\"> podr\u00e1, en cualquier momento y de forma peri\u00f3dica, revisar y actualizar las Condiciones<\/span><span class=\"NormalTextRun SCXW41304652 BCX0\"> Condiciones y Contenido. <\/span><span class=\"NormalTextRun SCXW41304652 BCX0\">Le recomendamos que visite peri\u00f3dicamente esta p\u00e1gina para revisar y familiarizarse con todos los t\u00e9rminos y condiciones actuales y que revise este sitio web en general para familiarizarse con cualquier actualizaci\u00f3n y revisi\u00f3n.<\/span><\/span><span class=\"EOP SCXW41304652 BCX0\" data-ccp-props=\"{&quot;201341983&quot;:0,&quot;335551550&quot;:6,&quot;335551620&quot;:6,&quot;335559739&quot;:120,&quot;335559740&quot;:240}\">\u00a0<\/span><\/p>\n<\/p>\n\t<\/div>\n<\/section>\n\n<section id=\"txt-header\">\n\t<div class=\"container block-text-header\">\n\t\t<h3>6. Sin garant\u00edas<\/h3>\n\t\t<h2><\/h2>\n\t\t<p><p><span class=\"TextRun SCXW233883867 BCX0\" lang=\"EN-US\" xml:lang=\"EN-US\" data-contrast=\"auto\"><span class=\"NormalTextRun SCXW233883867 BCX0\">Este sitio web, su contenido y sus servicios se proporcionan \u201ctal cual\u201d, sin garant\u00eda de ning\u00fan tipo, ni expresa ni impl\u00edcita. <\/span><span class=\"NormalTextRun SCXW233883867 BCX0\">FUJIFILM<\/span><span class=\"NormalTextRun SCXW233883867 BCX0\"> renuncia a cualquier garant\u00eda, incluidas, aunque sin limitarse a ellas, las garant\u00edas impl\u00edcitas de comerciabilidad e idoneidad para un fin determinado. <\/span><span class=\"NormalTextRun SCXW233883867 BCX0\">prop\u00f3sito particular, <\/span><span class=\"NormalTextRun SCXW233883867 BCX0\">contenido informativo, integraci\u00f3n del sistema o exactitud.<\/span><\/span><span class=\"EOP SCXW233883867 BCX0\" data-ccp-props=\"{&quot;201341983&quot;:0,&quot;335551550&quot;:6,&quot;335551620&quot;:6,&quot;335559739&quot;:120,&quot;335559740&quot;:240}\">\u00a0<\/span><\/p>\n<\/p>\n\t<\/div>\n<\/section>\n\n<section id=\"txt-header\">\n\t<div class=\"container block-text-header\">\n\t\t<h3>7. Contacto <\/h3>\n\t\t<h2><\/h2>\n\t\t<p><p><span class=\"TextRun SCXW190873264 BCX0\" lang=\"EN-US\" xml:lang=\"EN-US\" data-contrast=\"auto\"><span class=\"NormalTextRun SCXW190873264 BCX0\">Encontrar\u00e1 nuestros datos de contacto en el pie de imprenta del sitio web<\/span><span class=\"NormalTextRun SCXW190873264 BCX0\">.<\/span><\/span><span class=\"EOP SCXW190873264 BCX0\" data-ccp-props=\"{&quot;201341983&quot;:0,&quot;335551550&quot;:6,&quot;335551620&quot;:6,&quot;335559739&quot;:120,&quot;335559740&quot;:240}\">\u00a0<\/span><\/p>\n<\/p>\n\t<\/div>\n<\/section>","protected":false},"excerpt":{"rendered":"","protected":false},"author":1,"featured_media":0,"parent":0,"menu_order":0,"comment_status":"closed","ping_status":"closed","template":"","meta":{"inline_featured_image":false,"footnotes":""},"class_list":["post-21159","page","type-page","status-publish","hentry"],"acf":[],"yoast_head":"<!-- This site is optimized with the Yoast SEO plugin v22.0 - https:\/\/yoast.com\/wordpress\/plugins\/seo\/ -->\n<title>Terms of Use - Fujifilm Print EMEA<\/title>\n<meta name=\"robots\" content=\"index, follow, max-snippet:-1, max-image-preview:large, max-video-preview:-1\" \/>\n<link rel=\"canonical\" href=\"https:\/\/5upercolour.com\/es\/terms-of-use\/\" \/>\n<meta property=\"og:locale\" content=\"es_ES\" \/>\n<meta property=\"og:type\" content=\"article\" \/>\n<meta property=\"og:title\" content=\"Terms of Use - Fujifilm Print EMEA\" \/>\n<meta property=\"og:url\" content=\"https:\/\/5upercolour.com\/es\/terms-of-use\/\" \/>\n<meta property=\"og:site_name\" content=\"Fujifilm Print EMEA\" \/>\n<meta property=\"article:modified_time\" content=\"2026-02-17T14:25:38+00:00\" \/>\n<meta name=\"twitter:card\" content=\"summary_large_image\" \/>\n<script type=\"application\/ld+json\" class=\"yoast-schema-graph\">{\"@context\":\"https:\/\/schema.org\",\"@graph\":[{\"@type\":\"WebPage\",\"@id\":\"https:\/\/5upercolour.com\/terms-of-use\/\",\"url\":\"https:\/\/5upercolour.com\/terms-of-use\/\",\"name\":\"Terms of Use - Fujifilm Print EMEA\",\"isPartOf\":{\"@id\":\"https:\/\/5upercolour.com\/#website\"},\"datePublished\":\"2026-02-17T14:25:37+00:00\",\"dateModified\":\"2026-02-17T14:25:38+00:00\",\"breadcrumb\":{\"@id\":\"https:\/\/5upercolour.com\/terms-of-use\/#breadcrumb\"},\"inLanguage\":\"es\",\"potentialAction\":[{\"@type\":\"ReadAction\",\"target\":[\"https:\/\/5upercolour.com\/terms-of-use\/\"]}]},{\"@type\":\"BreadcrumbList\",\"@id\":\"https:\/\/5upercolour.com\/terms-of-use\/#breadcrumb\",\"itemListElement\":[{\"@type\":\"ListItem\",\"position\":1,\"name\":\"Home\",\"item\":\"https:\/\/5upercolour.com\/\"},{\"@type\":\"ListItem\",\"position\":2,\"name\":\"Terms of Use\"}]},{\"@type\":\"WebSite\",\"@id\":\"https:\/\/5upercolour.com\/#website\",\"url\":\"https:\/\/5upercolour.com\/\",\"name\":\"Fujifilm Print EMEA\",\"description\":\"\",\"publisher\":{\"@id\":\"https:\/\/5upercolour.com\/#organization\"},\"potentialAction\":[{\"@type\":\"SearchAction\",\"target\":{\"@type\":\"EntryPoint\",\"urlTemplate\":\"https:\/\/5upercolour.com\/?s={search_term_string}\"},\"query-input\":\"required name=search_term_string\"}],\"inLanguage\":\"es\"},{\"@type\":\"Organization\",\"@id\":\"https:\/\/5upercolour.com\/#organization\",\"name\":\"Fujifilm Print EMEA\",\"url\":\"https:\/\/5upercolour.com\/\",\"logo\":{\"@type\":\"ImageObject\",\"inLanguage\":\"es\",\"@id\":\"https:\/\/5upercolour.com\/#\/schema\/logo\/image\/\",\"url\":\"https:\/\/5upercolour.com\/wp-content\/uploads\/2025\/06\/fujifilm-1.png\",\"contentUrl\":\"https:\/\/5upercolour.com\/wp-content\/uploads\/2025\/06\/fujifilm-1.png\",\"width\":416,\"height\":70,\"caption\":\"Fujifilm Print EMEA\"},\"image\":{\"@id\":\"https:\/\/5upercolour.com\/#\/schema\/logo\/image\/\"}}]}<\/script>\n<!-- \/ Yoast SEO plugin. -->","yoast_head_json":{"title":"Condiciones de uso - Fujifilm Print EMEA","robots":{"index":"index","follow":"follow","max-snippet":"max-snippet:-1","max-image-preview":"max-image-preview:large","max-video-preview":"max-video-preview:-1"},"canonical":"https:\/\/5upercolour.com\/es\/terms-of-use\/","og_locale":"es_ES","og_type":"article","og_title":"Terms of Use - Fujifilm Print EMEA","og_url":"https:\/\/5upercolour.com\/es\/terms-of-use\/","og_site_name":"Fujifilm Print EMEA","article_modified_time":"2026-02-17T14:25:38+00:00","twitter_card":"summary_large_image","schema":{"@context":"https:\/\/schema.org","@graph":[{"@type":"WebPage","@id":"https:\/\/5upercolour.com\/terms-of-use\/","url":"https:\/\/5upercolour.com\/terms-of-use\/","name":"Condiciones de uso - Fujifilm Print EMEA","isPartOf":{"@id":"https:\/\/5upercolour.com\/#website"},"datePublished":"2026-02-17T14:25:37+00:00","dateModified":"2026-02-17T14:25:38+00:00","breadcrumb":{"@id":"https:\/\/5upercolour.com\/terms-of-use\/#breadcrumb"},"inLanguage":"es","potentialAction":[{"@type":"ReadAction","target":["https:\/\/5upercolour.com\/terms-of-use\/"]}]},{"@type":"BreadcrumbList","@id":"https:\/\/5upercolour.com\/terms-of-use\/#breadcrumb","itemListElement":[{"@type":"ListItem","position":1,"name":"Home","item":"https:\/\/5upercolour.com\/"},{"@type":"ListItem","position":2,"name":"Terms of Use"}]},{"@type":"WebSite","@id":"https:\/\/5upercolour.com\/#website","url":"https:\/\/5upercolour.com\/","name":"Impresi\u00f3n Fujifilm EMEA","description":"","publisher":{"@id":"https:\/\/5upercolour.com\/#organization"},"potentialAction":[{"@type":"SearchAction","target":{"@type":"EntryPoint","urlTemplate":"https:\/\/5upercolour.com\/?s={search_term_string}"},"query-input":"required name=search_term_string"}],"inLanguage":"es"},{"@type":"Organization","@id":"https:\/\/5upercolour.com\/#organization","name":"Impresi\u00f3n Fujifilm EMEA","url":"https:\/\/5upercolour.com\/","logo":{"@type":"ImageObject","inLanguage":"es","@id":"https:\/\/5upercolour.com\/#\/schema\/logo\/image\/","url":"https:\/\/5upercolour.com\/wp-content\/uploads\/2025\/06\/fujifilm-1.png","contentUrl":"https:\/\/5upercolour.com\/wp-content\/uploads\/2025\/06\/fujifilm-1.png","width":416,"height":70,"caption":"Fujifilm Print EMEA"},"image":{"@id":"https:\/\/5upercolour.com\/#\/schema\/logo\/image\/"}}]}},"_links":{"self":[{"href":"https:\/\/5upercolour.com\/es\/wp-json\/wp\/v2\/pages\/21159","targetHints":{"allow":["GET"]}}],"collection":[{"href":"https:\/\/5upercolour.com\/es\/wp-json\/wp\/v2\/pages"}],"about":[{"href":"https:\/\/5upercolour.com\/es\/wp-json\/wp\/v2\/types\/page"}],"author":[{"embeddable":true,"href":"https:\/\/5upercolour.com\/es\/wp-json\/wp\/v2\/users\/1"}],"replies":[{"embeddable":true,"href":"https:\/\/5upercolour.com\/es\/wp-json\/wp\/v2\/comments?post=21159"}],"version-history":[{"count":1,"href":"https:\/\/5upercolour.com\/es\/wp-json\/wp\/v2\/pages\/21159\/revisions"}],"predecessor-version":[{"id":21160,"href":"https:\/\/5upercolour.com\/es\/wp-json\/wp\/v2\/pages\/21159\/revisions\/21160"}],"wp:attachment":[{"href":"https:\/\/5upercolour.com\/es\/wp-json\/wp\/v2\/media?parent=21159"}],"curies":[{"name":"wp","href":"https:\/\/api.w.org\/{rel}","templated":true}]}}