{"id":21159,"date":"2026-02-17T15:25:37","date_gmt":"2026-02-17T14:25:37","guid":{"rendered":"https:\/\/5upercolour.com\/?page_id=21159"},"modified":"2026-02-17T15:25:38","modified_gmt":"2026-02-17T14:25:38","slug":"terms-of-use","status":"publish","type":"page","link":"https:\/\/5upercolour.com\/de\/terms-of-use\/","title":{"rendered":"Nutzungsbedingungen"},"content":{"rendered":"<section id=\"txt-header\">\n\t<div class=\"container block-text-header\">\n\t\t<h3><\/h3>\n\t\t<h2>Allgemeine Gesch\u00e4ftsbedingungen<\/h2>\n\t\t<p><p><span data-contrast=\"auto\">Vielen Dank f\u00fcr Ihren Besuch auf dieser Website. Diese Website, einschlie\u00dflich aller l\u00e4nderspezifischen Seiten in der Landessprache und aller anderen Seiten, ist Eigentum von FUJIFILM Europe und wird ausschlie\u00dflich von FUJIFILM verwaltet und der \u00d6ffentlichkeit zug\u00e4nglich gemacht, um sie Interessenten an der FUJIFILM Corporation in Europa anzubieten Die Produkte und Dienstleistungen von FUJIFILM bieten eine bequeme M\u00f6glichkeit, relevante Informationen zu finden, beispielsweise die neuesten Pressemitteilungen, Finanzinformationen, Produktpaletten, lokale Kontaktinformationen und Websites, die den Tochtergesellschaften oder Vertriebsh\u00e4ndlern von FUJIFILM geh\u00f6ren.<\/span><span data-ccp-props=\"{&quot;201341983&quot;:0,&quot;335551550&quot;:6,&quot;335551620&quot;:6,&quot;335559739&quot;:120,&quot;335559740&quot;:240}\">\u00a0<\/span><\/p>\n<p><span data-contrast=\"auto\">Ihr Zugriff auf, Ihr Surfen und Ihre Nutzung dieser Website unterliegen den folgenden Allgemeinen Gesch\u00e4ftsbedingungen und allen anderen an anderer Stelle auf dieser Website dargelegten Bedingungen, Konditionen oder Richtlinien sowie allen geltenden Gesetzen, Regeln und Vorschriften, einschlie\u00dflich, aber nicht beschr\u00e4nkt auf Gesetze zu Marken, Urheberrechten, Datenschutzrechten und Verleumdung.<\/span><span data-ccp-props=\"{&quot;201341983&quot;:0,&quot;335551550&quot;:6,&quot;335551620&quot;:6,&quot;335559739&quot;:120,&quot;335559740&quot;:240}\">\u00a0<\/span><\/p>\n<p><span data-contrast=\"auto\">Daher bittet FUJIFILM Sie, die Allgemeinen Gesch\u00e4ftsbedingungen sorgf\u00e4ltig zu lesen.<\/span><span data-ccp-props=\"{&quot;201341983&quot;:0,&quot;335551550&quot;:6,&quot;335551620&quot;:6,&quot;335559739&quot;:120,&quot;335559740&quot;:240}\">\u00a0<\/span><\/p>\n<\/p>\n\t<\/div>\n<\/section>\n\n<section id=\"txt-header\">\n\t<div class=\"container block-text-header\">\n\t\t<h3>1. Nutzung dieser Website <\/h3>\n\t\t<h2><\/h2>\n\t\t<p><p><span data-contrast=\"auto\">Diese Allgemeinen Gesch\u00e4ftsbedingungen gelten f\u00fcr diese Website und alle anderen Websites, die auf die Allgemeinen Gesch\u00e4ftsbedingungen verweisen. M\u00f6glicherweise finden Sie zus\u00e4tzliche Gesch\u00e4ftsbedingungen, die sich auf bestimmte Seiten dieser Website beziehen. Ihre Nutzung dieser Seiten dieser Website unterliegt den Allgemeinen Gesch\u00e4ftsbedingungen dieser Seiten. Bei Widerspr\u00fcchen zwischen den hier bereitgestellten Allgemeinen Gesch\u00e4ftsbedingungen und zus\u00e4tzlichen Gesch\u00e4ftsbedingungen, die an anderer Stelle auf dieser Website bereitgestellt werden, haben die zus\u00e4tzlichen Gesch\u00e4ftsbedingungen Vorrang.<\/span><span data-ccp-props=\"{&quot;201341983&quot;:0,&quot;335551550&quot;:6,&quot;335551620&quot;:6,&quot;335559739&quot;:120,&quot;335559740&quot;:240}\">\u00a0<\/span><\/p>\n<p><span data-contrast=\"auto\">Vorbehaltlich dieser Allgemeinen Gesch\u00e4ftsbedingungen gew\u00e4hrt Ihnen FUJIFILM hiermit im Rahmen der geistigen Eigentumsrechte von FUJIFILM ein nicht ausschlie\u00dfliches, weltweites, nicht \u00fcbertragbares Recht, diese Website und die darin enthaltenen Inhalte ausschlie\u00dflich f\u00fcr den pers\u00f6nlichen, nicht kommerziellen Gebrauch vorbehaltlich der Einschr\u00e4nkungen zu nutzen und Verpflichtungen, die in diesen Allgemeinen Gesch\u00e4ftsbedingungen festgelegt sind. Weitergehende Rechte werden nicht gew\u00e4hrt.<\/span><span data-ccp-props=\"{&quot;201341983&quot;:0,&quot;335551550&quot;:6,&quot;335551620&quot;:6,&quot;335559739&quot;:120,&quot;335559740&quot;:240}\">\u00a0<\/span><\/p>\n<\/p>\n\t<\/div>\n<\/section>\n\n<section id=\"txt-header\">\n\t<div class=\"container block-text-header\">\n\t\t<h3>2. Geistige Eigentumsrechte <\/h3>\n\t\t<h2><\/h2>\n\t\t<p><p><span class=\"TextRun SCXW205518629 BCX0\" lang=\"EN-US\" xml:lang=\"EN-US\" data-contrast=\"auto\"><span class=\"NormalTextRun SCXW205518629 BCX0\">Sofern nicht anders angegeben oder angegeben, sind alle Texte, Softwareprogramme, die auf oder \u00fcber diese Website verf\u00fcgbar sind, und andere auf dieser Website enthaltene Inhalte (\u201eInhalte\u201c), einschlie\u00dflich Marken (eingetragene und nicht eingetragene), Grafiken, Fotos, Bilder, Logos und Dienstleistungsmarken ( zusammen die \u201eMarken\u201c) und die Auswahl, Anordnung und das \u201eErscheinungsbild\u201c der Marken und anderer Inhalte sind Eigentum von <\/span><span class=\"NormalTextRun SCXW205518629 BCX0\">FUJIFILM<\/span><span class=\"NormalTextRun SCXW205518629 BCX0\"> oder das Eigentum Dritter, die einger\u00e4umt haben <\/span><span class=\"NormalTextRun SCXW205518629 BCX0\">FUJIFILM<\/span><span class=\"NormalTextRun SCXW205518629 BCX0\"> Erlaubnis, solche Inhalte auf dieser Website zu verwenden. Alle Inhalte sind durch internationale Urheberrechts- und Markengesetze gesch\u00fctzt.<\/span><\/span><span class=\"EOP SCXW205518629 BCX0\" data-ccp-props=\"{&quot;201341983&quot;:0,&quot;335551550&quot;:6,&quot;335551620&quot;:6,&quot;335559739&quot;:120,&quot;335559740&quot;:240}\">\u00a0<\/span><\/p>\n<\/p>\n\t<\/div>\n<\/section>\n\n<section id=\"txt-header\">\n\t<div class=\"container block-text-header\">\n\t\t<h3>3. Einschr\u00e4nkungen bei der Nutzung der Inhalte dieser Website <\/h3>\n\t\t<h2><\/h2>\n\t\t<p><p><span class=\"TextRun SCXW249219407 BCX0\" lang=\"EN-US\" xml:lang=\"EN-US\" data-contrast=\"auto\"><span class=\"NormalTextRun SCXW249219407 BCX0\">Sofern dies nicht ausdr\u00fccklich nach geltendem Recht oder hierin oder an anderer Stelle auf dieser Website zul\u00e4ssig ist oder eine vorherige schriftliche Genehmigung von eingeholt wird <\/span><span class=\"NormalTextRun SCXW249219407 BCX0\">FUJIFILM<\/span><span class=\"NormalTextRun SCXW249219407 BCX0\">oder einem Dritten, der \u00fcber die Macht, Autorit\u00e4t, Titel oder Interessen verf\u00fcgt, die zur Erteilung einer solchen rechtlichen Erlaubnis erforderlich sind, ist es Ihnen untersagt, diese zu ver\u00e4ndern, zu kopieren, herunterzuladen, zu verteilen, zu \u00fcbertragen, anzuzeigen, zu ver\u00f6ffentlichen, zu verkaufen, zu lizenzieren, abgeleitete Werke zu erstellen oder zu erstellen anderweitige Nutzung von Marken oder anderen Inhalten, die auf oder \u00fcber diese Website verf\u00fcgbar sind, f\u00fcr kommerzielle oder \u00f6ffentliche Zwecke, einschlie\u00dflich, aber nicht beschr\u00e4nkt auf die Verwendung als Meta-Tags auf anderen Seiten oder Websites im World Wide Web. Nichts in <\/span><span class=\"NormalTextRun SCXW249219407 BCX0\">diese<\/span><span class=\"NormalTextRun SCXW249219407 BCX0\"> Die Allgemeinen Gesch\u00e4ftsbedingungen \u00fcbertragen Ihnen alle Rechte an den Marken oder anderen Inhalten, die hier nicht ausdr\u00fccklich erw\u00e4hnt werden.<\/span><\/span><span class=\"EOP SCXW249219407 BCX0\" data-ccp-props=\"{&quot;201341983&quot;:0,&quot;335551550&quot;:6,&quot;335551620&quot;:6,&quot;335559739&quot;:120,&quot;335559740&quot;:240}\">\u00a0<\/span><\/p>\n<\/p>\n\t<\/div>\n<\/section>\n\n<section id=\"txt-header\">\n\t<div class=\"container block-text-header\">\n\t\t<h3>4. Inhalte Dritter<\/h3>\n\t\t<h2><\/h2>\n\t\t<p><p><span class=\"TextRun SCXW29437703 BCX0\" lang=\"EN-US\" xml:lang=\"EN-US\" data-contrast=\"auto\"><span class=\"NormalTextRun SCXW29437703 BCX0\">Diese Website kann als Service f\u00fcr Sie Links zu Websites und Inhalten Dritter (\u201eInhalte Dritter\u201c) enthalten. Bei Inhalten Dritter oder Websites Dritter, die \u00fcber die auf der Website enthaltenen Links erreichbar sind, handelt es sich um externe Informationen. <\/span><span class=\"NormalTextRun SCXW29437703 BCX0\">FUJIFILM<\/span><span class=\"NormalTextRun SCXW29437703 BCX0\"> \u00fcberwacht, \u00fcberpr\u00fcft oder aktualisiert keine Inhalte Dritter oder Websites Dritter und hat keine Kontrolle dar\u00fcber. Sofern nicht ausdr\u00fccklich anders angegeben, <\/span><span class=\"NormalTextRun SCXW29437703 BCX0\">FUJIFILM<\/span><span class=\"NormalTextRun SCXW29437703 BCX0\"> unterst\u00fctzt oder \u00fcbernimmt keine Inhalte Dritter, und <\/span><span class=\"NormalTextRun SCXW29437703 BCX0\">FUJIFILM<\/span><span class=\"NormalTextRun SCXW29437703 BCX0\"> gibt keine Zusicherungen, Gew\u00e4hrleistungen oder Garantien hinsichtlich der Richtigkeit, Vollst\u00e4ndigkeit, Aktualit\u00e4t oder Zuverl\u00e4ssigkeit von Inhalten Dritter. Wenn Sie diese Links und Inhalte Dritter nutzen, geschieht dies ausschlie\u00dflich auf Ihr eigenes Risiko. Dar\u00fcber hinaus stellt die Bezugnahme auf Produkte, Dienstleistungen, Prozesse oder andere Informationen durch Handelsnamen, Marken, Hersteller, Lieferanten oder auf andere Weise keine Billigung, F\u00f6rderung oder Empfehlung durch dar <\/span><span class=\"NormalTextRun SCXW29437703 BCX0\">FUJIFILM<\/span><span class=\"NormalTextRun SCXW29437703 BCX0\">.<\/span><\/span><span class=\"EOP SCXW29437703 BCX0\" data-ccp-props=\"{&quot;201341983&quot;:0,&quot;335551550&quot;:6,&quot;335551620&quot;:6,&quot;335559739&quot;:120,&quot;335559740&quot;:240}\">\u00a0<\/span><\/p>\n<\/p>\n\t<\/div>\n<\/section>\n\n<section id=\"txt-header\">\n\t<div class=\"container block-text-header\">\n\t\t<h3>5. Aktualisierungen und \u00dcberarbeitungen<\/h3>\n\t\t<h2><\/h2>\n\t\t<p><p><span class=\"TextRun SCXW41304652 BCX0\" lang=\"EN-US\" xml:lang=\"EN-US\" data-contrast=\"auto\"><span class=\"NormalTextRun SCXW41304652 BCX0\">Der Inhalt dieser Website wird bereitgestellt von <\/span><span class=\"NormalTextRun SCXW41304652 BCX0\">FUJIFILM<\/span><span class=\"NormalTextRun SCXW41304652 BCX0\"> als Annehmlichkeit f\u00fcr Sie und k\u00f6nnen ohne Vorank\u00fcndigung ge\u00e4ndert werden. <\/span><span class=\"NormalTextRun SCXW41304652 BCX0\">FUJIFILM<\/span><span class=\"NormalTextRun SCXW41304652 BCX0\"> kann die Bedingungen jederzeit und von Zeit zu Zeit \u00fcberarbeiten und aktualisieren<\/span><span class=\"NormalTextRun SCXW41304652 BCX0\"> &amp; Bedingungen und der Inhalt. <\/span><span class=\"NormalTextRun SCXW41304652 BCX0\">Wir empfehlen Ihnen, diese Seite regelm\u00e4\u00dfig zu besuchen, um alle aktuellen Gesch\u00e4ftsbedingungen zu \u00fcberpr\u00fcfen und sich mit ihnen vertraut zu machen, und diese Website allgemein zu \u00fcberpr\u00fcfen, um sich mit etwaigen Aktualisierungen und \u00dcberarbeitungen vertraut zu machen.<\/span><\/span><span class=\"EOP SCXW41304652 BCX0\" data-ccp-props=\"{&quot;201341983&quot;:0,&quot;335551550&quot;:6,&quot;335551620&quot;:6,&quot;335559739&quot;:120,&quot;335559740&quot;:240}\">\u00a0<\/span><\/p>\n<\/p>\n\t<\/div>\n<\/section>\n\n<section id=\"txt-header\">\n\t<div class=\"container block-text-header\">\n\t\t<h3>6. Keine Garantien<\/h3>\n\t\t<h2><\/h2>\n\t\t<p><p><span class=\"TextRun SCXW233883867 BCX0\" lang=\"EN-US\" xml:lang=\"EN-US\" data-contrast=\"auto\"><span class=\"NormalTextRun SCXW233883867 BCX0\">Diese Website, ihr Inhalt und ihre Dienste werden \u201ewie besehen\u201c bereitgestellt, ohne Gew\u00e4hrleistung jeglicher Art, weder ausdr\u00fccklich noch stillschweigend. <\/span><span class=\"NormalTextRun SCXW233883867 BCX0\">FUJIFILM<\/span><span class=\"NormalTextRun SCXW233883867 BCX0\"> lehnt alle Gew\u00e4hrleistungen ab, einschlie\u00dflich, aber nicht beschr\u00e4nkt auf die stillschweigenden Gew\u00e4hrleistungen der Marktg\u00e4ngigkeit und Eignung f\u00fcr a <\/span><span class=\"NormalTextRun SCXW233883867 BCX0\">besonderer Zweck, <\/span><span class=\"NormalTextRun SCXW233883867 BCX0\">Informationsgehalt, Systemintegration oder Genauigkeit.<\/span><\/span><span class=\"EOP SCXW233883867 BCX0\" data-ccp-props=\"{&quot;201341983&quot;:0,&quot;335551550&quot;:6,&quot;335551620&quot;:6,&quot;335559739&quot;:120,&quot;335559740&quot;:240}\">\u00a0<\/span><\/p>\n<\/p>\n\t<\/div>\n<\/section>\n\n<section id=\"txt-header\">\n\t<div class=\"container block-text-header\">\n\t\t<h3>7. Kontakt <\/h3>\n\t\t<h2><\/h2>\n\t\t<p><p><span class=\"TextRun SCXW190873264 BCX0\" lang=\"EN-US\" xml:lang=\"EN-US\" data-contrast=\"auto\"><span class=\"NormalTextRun SCXW190873264 BCX0\">Unsere Kontaktdaten finden Sie im Impressum der Website<\/span><span class=\"NormalTextRun SCXW190873264 BCX0\">.<\/span><\/span><span class=\"EOP SCXW190873264 BCX0\" data-ccp-props=\"{&quot;201341983&quot;:0,&quot;335551550&quot;:6,&quot;335551620&quot;:6,&quot;335559739&quot;:120,&quot;335559740&quot;:240}\">\u00a0<\/span><\/p>\n<\/p>\n\t<\/div>\n<\/section>","protected":false},"excerpt":{"rendered":"","protected":false},"author":1,"featured_media":0,"parent":0,"menu_order":0,"comment_status":"closed","ping_status":"closed","template":"","meta":{"inline_featured_image":false,"footnotes":""},"class_list":["post-21159","page","type-page","status-publish","hentry"],"acf":[],"yoast_head":"<!-- This site is optimized with the Yoast SEO plugin v22.0 - https:\/\/yoast.com\/wordpress\/plugins\/seo\/ -->\n<title>Terms of Use - Fujifilm Print EMEA<\/title>\n<meta name=\"robots\" content=\"index, follow, max-snippet:-1, max-image-preview:large, max-video-preview:-1\" \/>\n<link rel=\"canonical\" href=\"https:\/\/5upercolour.com\/de\/terms-of-use\/\" \/>\n<meta property=\"og:locale\" content=\"de_DE\" \/>\n<meta property=\"og:type\" content=\"article\" \/>\n<meta property=\"og:title\" content=\"Terms of Use - Fujifilm Print EMEA\" \/>\n<meta property=\"og:url\" content=\"https:\/\/5upercolour.com\/de\/terms-of-use\/\" \/>\n<meta property=\"og:site_name\" content=\"Fujifilm Print EMEA\" \/>\n<meta property=\"article:modified_time\" content=\"2026-02-17T14:25:38+00:00\" \/>\n<meta name=\"twitter:card\" content=\"summary_large_image\" \/>\n<script type=\"application\/ld+json\" class=\"yoast-schema-graph\">{\"@context\":\"https:\/\/schema.org\",\"@graph\":[{\"@type\":\"WebPage\",\"@id\":\"https:\/\/5upercolour.com\/terms-of-use\/\",\"url\":\"https:\/\/5upercolour.com\/terms-of-use\/\",\"name\":\"Terms of Use - Fujifilm Print EMEA\",\"isPartOf\":{\"@id\":\"https:\/\/5upercolour.com\/#website\"},\"datePublished\":\"2026-02-17T14:25:37+00:00\",\"dateModified\":\"2026-02-17T14:25:38+00:00\",\"breadcrumb\":{\"@id\":\"https:\/\/5upercolour.com\/terms-of-use\/#breadcrumb\"},\"inLanguage\":\"de\",\"potentialAction\":[{\"@type\":\"ReadAction\",\"target\":[\"https:\/\/5upercolour.com\/terms-of-use\/\"]}]},{\"@type\":\"BreadcrumbList\",\"@id\":\"https:\/\/5upercolour.com\/terms-of-use\/#breadcrumb\",\"itemListElement\":[{\"@type\":\"ListItem\",\"position\":1,\"name\":\"Home\",\"item\":\"https:\/\/5upercolour.com\/\"},{\"@type\":\"ListItem\",\"position\":2,\"name\":\"Terms of Use\"}]},{\"@type\":\"WebSite\",\"@id\":\"https:\/\/5upercolour.com\/#website\",\"url\":\"https:\/\/5upercolour.com\/\",\"name\":\"Fujifilm Print EMEA\",\"description\":\"\",\"publisher\":{\"@id\":\"https:\/\/5upercolour.com\/#organization\"},\"potentialAction\":[{\"@type\":\"SearchAction\",\"target\":{\"@type\":\"EntryPoint\",\"urlTemplate\":\"https:\/\/5upercolour.com\/?s={search_term_string}\"},\"query-input\":\"required name=search_term_string\"}],\"inLanguage\":\"de\"},{\"@type\":\"Organization\",\"@id\":\"https:\/\/5upercolour.com\/#organization\",\"name\":\"Fujifilm Print EMEA\",\"url\":\"https:\/\/5upercolour.com\/\",\"logo\":{\"@type\":\"ImageObject\",\"inLanguage\":\"de\",\"@id\":\"https:\/\/5upercolour.com\/#\/schema\/logo\/image\/\",\"url\":\"https:\/\/5upercolour.com\/wp-content\/uploads\/2025\/06\/fujifilm-1.png\",\"contentUrl\":\"https:\/\/5upercolour.com\/wp-content\/uploads\/2025\/06\/fujifilm-1.png\",\"width\":416,\"height\":70,\"caption\":\"Fujifilm Print EMEA\"},\"image\":{\"@id\":\"https:\/\/5upercolour.com\/#\/schema\/logo\/image\/\"}}]}<\/script>\n<!-- \/ Yoast SEO plugin. -->","yoast_head_json":{"title":"Nutzungsbedingungen \u2013 Fujifilm Print EMEA","robots":{"index":"index","follow":"follow","max-snippet":"max-snippet:-1","max-image-preview":"max-image-preview:large","max-video-preview":"max-video-preview:-1"},"canonical":"https:\/\/5upercolour.com\/de\/terms-of-use\/","og_locale":"de_DE","og_type":"article","og_title":"Terms of Use - Fujifilm Print EMEA","og_url":"https:\/\/5upercolour.com\/de\/terms-of-use\/","og_site_name":"Fujifilm Print EMEA","article_modified_time":"2026-02-17T14:25:38+00:00","twitter_card":"summary_large_image","schema":{"@context":"https:\/\/schema.org","@graph":[{"@type":"WebPage","@id":"https:\/\/5upercolour.com\/terms-of-use\/","url":"https:\/\/5upercolour.com\/terms-of-use\/","name":"Nutzungsbedingungen \u2013 Fujifilm Print EMEA","isPartOf":{"@id":"https:\/\/5upercolour.com\/#website"},"datePublished":"2026-02-17T14:25:37+00:00","dateModified":"2026-02-17T14:25:38+00:00","breadcrumb":{"@id":"https:\/\/5upercolour.com\/terms-of-use\/#breadcrumb"},"inLanguage":"de","potentialAction":[{"@type":"ReadAction","target":["https:\/\/5upercolour.com\/terms-of-use\/"]}]},{"@type":"BreadcrumbList","@id":"https:\/\/5upercolour.com\/terms-of-use\/#breadcrumb","itemListElement":[{"@type":"ListItem","position":1,"name":"Home","item":"https:\/\/5upercolour.com\/"},{"@type":"ListItem","position":2,"name":"Terms of Use"}]},{"@type":"WebSite","@id":"https:\/\/5upercolour.com\/#website","url":"https:\/\/5upercolour.com\/","name":"Fujifilm Print EMEA","description":"","publisher":{"@id":"https:\/\/5upercolour.com\/#organization"},"potentialAction":[{"@type":"SearchAction","target":{"@type":"EntryPoint","urlTemplate":"https:\/\/5upercolour.com\/?s={search_term_string}"},"query-input":"required name=search_term_string"}],"inLanguage":"de"},{"@type":"Organization","@id":"https:\/\/5upercolour.com\/#organization","name":"Fujifilm Print EMEA","url":"https:\/\/5upercolour.com\/","logo":{"@type":"ImageObject","inLanguage":"de","@id":"https:\/\/5upercolour.com\/#\/schema\/logo\/image\/","url":"https:\/\/5upercolour.com\/wp-content\/uploads\/2025\/06\/fujifilm-1.png","contentUrl":"https:\/\/5upercolour.com\/wp-content\/uploads\/2025\/06\/fujifilm-1.png","width":416,"height":70,"caption":"Fujifilm Print EMEA"},"image":{"@id":"https:\/\/5upercolour.com\/#\/schema\/logo\/image\/"}}]}},"_links":{"self":[{"href":"https:\/\/5upercolour.com\/de\/wp-json\/wp\/v2\/pages\/21159","targetHints":{"allow":["GET"]}}],"collection":[{"href":"https:\/\/5upercolour.com\/de\/wp-json\/wp\/v2\/pages"}],"about":[{"href":"https:\/\/5upercolour.com\/de\/wp-json\/wp\/v2\/types\/page"}],"author":[{"embeddable":true,"href":"https:\/\/5upercolour.com\/de\/wp-json\/wp\/v2\/users\/1"}],"replies":[{"embeddable":true,"href":"https:\/\/5upercolour.com\/de\/wp-json\/wp\/v2\/comments?post=21159"}],"version-history":[{"count":1,"href":"https:\/\/5upercolour.com\/de\/wp-json\/wp\/v2\/pages\/21159\/revisions"}],"predecessor-version":[{"id":21160,"href":"https:\/\/5upercolour.com\/de\/wp-json\/wp\/v2\/pages\/21159\/revisions\/21160"}],"wp:attachment":[{"href":"https:\/\/5upercolour.com\/de\/wp-json\/wp\/v2\/media?parent=21159"}],"curies":[{"name":"wp","href":"https:\/\/api.w.org\/{rel}","templated":true}]}}